{"id":391,"date":"2014-04-10T05:23:19","date_gmt":"2014-04-10T02:23:19","guid":{"rendered":"http:\/\/easydriver.fi\/ylojarvi\/yhteystiedot\/"},"modified":"2026-03-31T11:45:04","modified_gmt":"2026-03-31T08:45:04","slug":"yhteystiedot","status":"publish","type":"page","link":"https:\/\/easydriver.fi\/ylojarvi\/yhteystiedot\/","title":{"rendered":"Yhteystiedot"},"content":{"rendered":"\n<div id=\"\" class=\"wp-block-gosign-gosign-background-container gosign-color-section btn-full align-false default-padding no-margin full-width no-min-height lightColorLayout no-top-border no-bottom-border colorSectionFe background-scroll background-repeat overlay-false defined-width main-header-secondary\"><div class=\"outer-container background-scroll\" style=\"background-repeat:repeat;background-color:#000000\"><div class=\"inner-container\"><div class=\"contentBlock\">\n<h3 class=\"wp-block-heading has-text-align-center has-text-color has-medium-font-size\" style=\"color:#fff000\">Yhteystiedot<\/h3>\n<\/div><\/div><\/div><\/div>\n\n\n\n<div style=\"height:145px\" aria-hidden=\"true\" class=\"wp-block-spacer is-style-visible-spacer\"><\/div>\n\n\n\n<div class=\"wp-block-columns is-layout-flex wp-container-core-columns-is-layout-9d6595d7 wp-block-columns-is-layout-flex\">\n<div class=\"wp-block-column is-layout-flow wp-block-column-is-layout-flow\">\n<div class=\"wp-block-group\"><div class=\"wp-block-group__inner-container is-layout-constrained wp-block-group-is-layout-constrained\">\n<h2 class=\"wp-block-heading\">Easy Driver Yl\u00f6j\u00e4rvi<\/h2>\n\n\n\n<p><strong>Puh: 040 4559 106<\/strong><br><strong>Tekstiviestit: 040 455 9106<\/strong><br><strong><a href=\"mailto:tampere.keskusta@easydriver.fi\">tampere.keskusta@easydriver.fi<\/a><\/strong><\/p>\n\n\n\n<p>Mik\u00e4li toimistossa on kiireist\u00e4 tai puhelin on varattu, voitte soittaa toiseen toimipisteeseemme.<\/p>\n\n\n\n<p><strong>Opettajamme:<\/strong><br><br>Oskari 040 451 6950&nbsp;<br>Jenni 050 911 1715<br>Matti-Esko 050 407 1079<\/p>\n<\/div><\/div>\n<\/div>\n\n\n\n<div class=\"wp-block-column is-layout-flow wp-block-column-is-layout-flow\"><aside class=\"widget widget_text sci-yhteystiedot-block wp-block-simple-contact-info-yhteystiedot\"><div class=\"textwidget\"><p class=\"footer-avoinna-header\"><strong>Toimisto avoinna<\/strong><\/p><ul class=\"footer-avoinna\"><li><div class=\"day_item\" data-day-key=\"opmon\"><p class=\"day_actual\">Ma<\/p><p class=\"hour_abbr\">klo<\/p><p class=\"hour_actual\">09:00\u201316:00<\/p> <p class=\"footer-hours-note\" data-day-key=\"opmon\">(Puhelinpalvelu)<\/p><\/div><\/li><li><div class=\"day_item\" data-day-key=\"optue\"><p class=\"day_actual\">Ti<\/p><p class=\"hour_abbr\">klo<\/p><p class=\"hour_actual\">09:00\u201316:00<\/p> <p class=\"footer-hours-note\" data-day-key=\"optue\">(Puhelinpalvelu)<\/p><\/div><\/li><li><div class=\"day_item\" data-day-key=\"opwed\"><p class=\"day_actual\">Ke<\/p><p class=\"hour_abbr\">klo<\/p><p class=\"hour_actual\">09:00\u201316:00<\/p> <p class=\"footer-hours-note\" data-day-key=\"opwed\">(Puhelinpalvelu)<\/p><\/div><\/li><li><div class=\"day_item\" data-day-key=\"opthu\"><p class=\"day_actual\">To<\/p><p class=\"hour_abbr\">klo<\/p><p class=\"hour_actual\">09:00\u201316:00<\/p> <p class=\"footer-hours-note\" data-day-key=\"opthu\">(Puhelinpalvelu)<\/p><\/div><\/li><li><div class=\"day_item\" data-day-key=\"opfri\"><p class=\"day_actual\">Pe<\/p><p class=\"hour_abbr\">klo<\/p><p class=\"hour_actual\">09:00\u201314:00<\/p> <p class=\"footer-hours-note\" data-day-key=\"opfri\">(Puhelinpalvelu)<\/p><\/div><\/li><\/ul><\/div><\/aside><\/div>\n<\/div>\n\n\n\n<div style=\"height:145px\" aria-hidden=\"true\" class=\"wp-block-spacer is-style-visible-spacer\"><\/div>\n","protected":false},"excerpt":{"rendered":"<p>Easy Driver Yl\u00f6j\u00e4rvi Puh: Tekstiviestit: Mik\u00e4li toimistossa on kiireist\u00e4 tai puhelin on varattu, voitte soittaa toiseen toimipisteeseemme. Opettajamme: Oskari 040 451 6950&nbsp;Jenni 050 911 1715Matti-Esko 050 407 1079<\/p>\n","protected":false},"author":1,"featured_media":0,"parent":0,"menu_order":0,"comment_status":"open","ping_status":"open","template":"page-templates\/yhteystiedot-tpl.php","meta":{"footnotes":""},"class_list":["post-391","page","type-page","status-publish","hentry"],"_links":{"self":[{"href":"https:\/\/easydriver.fi\/ylojarvi\/wp-json\/wp\/v2\/pages\/391","targetHints":{"allow":["GET"]}}],"collection":[{"href":"https:\/\/easydriver.fi\/ylojarvi\/wp-json\/wp\/v2\/pages"}],"about":[{"href":"https:\/\/easydriver.fi\/ylojarvi\/wp-json\/wp\/v2\/types\/page"}],"author":[{"embeddable":true,"href":"https:\/\/easydriver.fi\/ylojarvi\/wp-json\/wp\/v2\/users\/1"}],"replies":[{"embeddable":true,"href":"https:\/\/easydriver.fi\/ylojarvi\/wp-json\/wp\/v2\/comments?post=391"}],"version-history":[{"count":10,"href":"https:\/\/easydriver.fi\/ylojarvi\/wp-json\/wp\/v2\/pages\/391\/revisions"}],"predecessor-version":[{"id":3019,"href":"https:\/\/easydriver.fi\/ylojarvi\/wp-json\/wp\/v2\/pages\/391\/revisions\/3019"}],"wp:attachment":[{"href":"https:\/\/easydriver.fi\/ylojarvi\/wp-json\/wp\/v2\/media?parent=391"}],"curies":[{"name":"wp","href":"https:\/\/api.w.org\/{rel}","templated":true}]}}