{"id":4210,"date":"2023-10-01T00:28:24","date_gmt":"2023-09-30T21:28:24","guid":{"rendered":"https:\/\/env.env.env.easydriver.fi\/raisio\/mopoautokortti\/"},"modified":"2026-03-13T12:58:07","modified_gmt":"2026-03-13T10:58:07","slug":"mopedcar","status":"publish","type":"page","link":"https:\/\/easydriver.fi\/turku\/course\/mopedcar\/","title":{"rendered":"Moped car"},"content":{"rendered":"<div class=\"edxpd-cross-site-pattern wp-block-easy-hinnasto-cross-site-pattern\" data-source-blog=\"2\" data-pattern-id=\"5306\" data-pattern-slug=\"\">\n<div id=\"\" class=\"wp-block-gosign-gosign-background-container gosign-color-section btn-full align-false default-padding no-margin custom-width no-min-height lightColorLayout no-top-border no-bottom-border colorSectionFe background-fixed background-cover overlay-true defined-width main-header-secondary courseSection\"><div class=\"outer-container background-fixed\" style=\"background-image:url(https:\/\/easydriver.fi\/turku\/wp-content\/uploads\/sites\/2\/2025\/12\/groweobg.jpg);padding-top:60px;padding-bottom:60px;padding-left:40px;padding-right:40px;background-position:50% 50%;background-attachment:fixed\"><div class=\"overBg\" style=\"background-color:#000000;opacity:0.8\"><\/div><div class=\"inner-container\"><div class=\"contentBlock\" style=\"max-width:1170px\">\n<h1 class=\"wp-block-heading has-text-align-center\">Moped Car License in Turku<\/h1>\n\n\n\n<p class=\"has-text-align-center\"><strong><strong><strong><strong>Ready for the road &#8211; no matter the weather!<\/strong><\/strong><\/strong><\/strong><\/p>\n\n\n\n<p>Do you want the freedom to get to school, practice, and see friends whenever you want, come rain or shine? Take control with a moped car license (AM121)! Easy Driver Turku offers relaxed and flexible moped car courses that build your confidence behind the wheel.<\/p>\n\n\n\n<p>Best of all, with this same license, you can also drive <strong>T3a and T3b category tractor ATVs<\/strong>.<\/p>\n\n\n\n<p>Our theory lessons are held remotely, so you can study easily from your own sofa. During driving lessons, you\u2019ll learn the essentials of safe traffic behavior. All our packages include electronic study materials and the use of the moped car for your first driving test.<\/p>\n\n\n\n<p class=\"has-text-color has-link-color wp-elements-daba71ec0b81231ef400788cb6d7049d\" style=\"color:#ffff00\"><strong><em>Pro tip:<\/em><\/strong> You can take your theory test as early as one month before you turn 15. Start early so you can have your license in your pocket right after your birthday!<\/p>\n\n\n\n<div class=\"wp-block-buttons is-style-button-keltainen is-horizontal is-content-justification-center is-layout-flex wp-container-core-buttons-is-layout-769315fb wp-block-buttons-is-layout-flex\">\n<div class=\"wp-block-button is-style-fill\"><a class=\"wp-block-button__link has-black-color has-text-color has-background has-link-color wp-element-button\" href=\"https:\/\/easydriver.fi\/en\/faq\" style=\"border-radius:8px;background-color:#ffff00\"><strong>Frequently asked questions<\/strong><\/a><\/div>\n\n\n\n<div class=\"wp-block-button is-style-fill\"><a class=\"wp-block-button__link has-black-color has-text-color has-background has-link-color wp-element-button\" href=\"#packages\" style=\"border-radius:8px;background-color:#ffff00\"><strong>All course packages<\/strong><\/a><\/div>\n<\/div>\n<\/div><\/div><\/div><\/div>\n\n\n\n<div id=\"\" class=\"wp-block-gosign-gosign-background-container gosign-color-section btn-full align-false default-padding no-margin full-width no-min-height lightColorLayout no-top-border no-bottom-border colorSectionFe background-scroll background-repeat overlay-false defined-width main-header-secondary  lower-title\"><div class=\"outer-container background-scroll\" style=\"background-repeat:repeat;background-color:#000000\"><div class=\"inner-container\"><div class=\"contentBlock\">\n<h2 class=\"wp-block-heading has-text-align-center has-text-color has-medium-font-size\" style=\"color:#fff000\">AM121 \u2013 Light quadricycle \/ Moped car license in Turku<br><\/h2>\n<\/div><\/div><\/div><\/div>\n<\/div>\n\n\n<div style=\"height:36px\" aria-hidden=\"true\" class=\"wp-block-spacer is-style-visible-spacer\"><\/div>\n\n\n\n<div class=\"wp-block-buttons is-layout-flex wp-block-buttons-is-layout-flex\">\n<div class=\"wp-block-button is-style-button-kaupungit\"><a class=\"wp-block-button__link wp-element-button\" href=\"#tietoa-kursseista\">VIEW MORE INFORMATION ABOUT COURSES<\/a><\/div>\n<\/div>\n\n\n\n<div style=\"height:60px\" aria-hidden=\"true\" class=\"wp-block-spacer is-style-visible-spacer\"><\/div>\n\n\n\n<div id=\"packages\" class=\"wp-block-group is-style-pricegrid\"><div class=\"wp-block-group__inner-container is-layout-constrained wp-block-group-is-layout-constrained\">\n                                \r\n                                                                                                 \r\n                <div class=\"card-container card-pricetag\">\r\n                    <div class=\"card card-dark\">\r\n                                                <div class=\"card-img-top card-img-dark\">                            <!-- <img decoding=\"async\" src=\"https:\/\/easydriver.fi\/turku\/wp-content\/plugins\/easy-hinnasto\/images\/lines2_am121.png\" alt=\"\" class=\"card-img-type\"> -->\r\n                            <div class=\"card-body card-body-name card-body-dark\">\r\n                            <h5 class=\"card-title\">Mopoautokurssi AM121 <br \/>Paketti 1<\/h5>\r\n                                                    <\/div>\r\n                        <\/div>\r\n                        \r\n                        <div class=\"card-body card-body-price\">\r\n                            <p>169 \u20ac<\/p>\r\n\r\n                        <\/div>\r\n                        \r\n                        <ul class=\"list-group list-group-flush card-list-bg\">\r\n                                                        <li class=\"list-group-item icon-grid\">\r\n                                <div class=\"icon-cell-1\" title=\"Ajotunnit\"><i class=\"fa fa-car\"><\/i>1<\/div>\r\n                                <div class=\"icon-cell-2 noContent\">\r\n                                                                    <\/div>\r\n                                <div class=\"icon-cell-3\" title=\"Teoriatunnit\">4<i class=\"fa fa-book\"><\/i><\/div>\r\n                            <\/li>\r\n                                                        <li class=\"list-group-item\"><i class=\"fa fa-check\"><\/i>Viranomaiskuluineen: 328 \u20ac<\/li>\r\n                            <li class=\"list-group-item\"><i class=\"fa fa-angle-double-right\"><\/i> <a class=\"show-quickview\">katso kurssin sis\u00e4lt\u00f6<\/a><\/li>\r\n                            <div class=\"quickview-container\" data-expenses=\"Katso kuluerittely\" data-taglang=\"fi\">\r\n                                <!-- wp:list -->\n<ul class=\"pricetag-quickview\"><!-- wp:list-item -->\n<li><i class=\"fa fa-check-square list-quickview\"><\/i>S\u00e4hk\u00f6inen oppimateriaali + teoriakoeharjoitteluohjelma<\/li>\n<!-- \/wp:list-item -->\n\n<!-- wp:list-item -->\n<li><i class=\"fa fa-check-square list-quickview\"><\/i>4 Teoriatuntia (EAS)<\/li>\n<!-- \/wp:list-item -->\n\n<!-- wp:list-item -->\n<li><i class=\"fa fa-check-square list-quickview\"><\/i>1 Ajotunti<\/li>\n<!-- \/wp:list-item -->\n\n<!-- wp:list-item -->\n<li><i class=\"fa fa-check-square list-quickview\"><\/i>Mopoauton k\u00e4ytt\u00f6 ensimm\u00e4isess\u00e4 ajokokeessa<\/li>\n<!-- \/wp:list-item --><\/ul>\n<!-- \/wp:list -->\n\n<!-- wp:group {\"className\":\"is-style-price-breakdown\",\"layout\":{\"type\":\"constrained\"}} -->\n<div class=\"wp-block-group is-style-price-breakdown\"><!-- wp:paragraph -->\n<p><strong>Viranomaiskulut<\/strong><\/p>\n<!-- \/wp:paragraph -->\n\n<!-- wp:list -->\n<ul class=\"pricetag-quickview\"><!-- wp:list-item -->\n<li><i class=\"fa fa-check-square list-quickview\"><\/i>Ajokorttilupahakemus 45 \u20ac \/ s\u00e4hk\u00f6isesti 28 \u20ac<\/li>\n<!-- \/wp:list-item -->\n\n<!-- wp:list-item -->\n<li><i class=\"fa fa-check-square list-quickview\"><\/i>Teoriakoe 46 \u20ac<\/li>\n<!-- \/wp:list-item -->\n\n<!-- wp:list-item -->\n<li><i class=\"fa fa-check-square list-quickview\"><\/i>Ajokoe 85 \u20ac<\/li>\n<!-- \/wp:list-item --><\/ul>\n<!-- \/wp:list --><\/div>\n<!-- \/wp:group -->\n\n<!-- wp:paragraph {\"style\":{\"typography\":{\"fontStyle\":\"normal\",\"fontWeight\":\"600\"}},\"fontSize\":\"small\"} -->\n<p class=\"has-small-font-size\" style=\"font-style:normal;font-weight:600\">Kurssipaketti jo kortillisille kuskeille. Jos aikaisempaa ajokokemusta ei ole niin suosittelemme l\u00e4mpim\u00e4sti Paketti 3.<\/p>\n<!-- \/wp:paragraph -->\n\n<!-- wp:paragraph {\"style\":{\"typography\":{\"fontStyle\":\"normal\",\"fontWeight\":\"600\"}},\"fontSize\":\"small\"} -->\n<p class=\"has-small-font-size\" style=\"font-style:normal;font-weight:600\">Kurssipaketissa ajokoe ajetaan heti ajotunnin per\u00e4\u00e4n. <\/p>\n<!-- \/wp:paragraph -->                            <\/div>\r\n                        <\/ul>\r\n                                                <div class=\"card-body card-body-footer card-body-footer-normal\">\r\n                            <a href=\"https:\/\/easydriver.drima.app\/enrollment;ref=3e9be939-9247-46e3-b004-dc5f4c81e14a\" class=\"d-flex flex-grow-1 productTrigger\" onclick=\"gtag_report_conversion('https:\/\/easydriver.drima.app\/enrollment;ref=3e9be939-9247-46e3-b004-dc5f4c81e14a'); false;\"><button type=\"button\" class=\"btn btn-pricetag\" data-tuotenimi=\"Mopoautokurssi AM121 - Paketti 1\" data-tuoteUid=\"192\" data-tuoteCity=\"Turku\">ILMOITTAUDU KURSSILLE<\/button><\/a>                        <\/div>\r\n                    <\/div>\r\n                <\/div>\n\n\n\n                                \r\n                                                                                                 \r\n                <div class=\"card-container card-pricetag\">\r\n                    <div class=\"card card-dark\">\r\n                                                <div class=\"card-img-top card-img-dark\">                            <!-- <img decoding=\"async\" src=\"https:\/\/easydriver.fi\/turku\/wp-content\/plugins\/easy-hinnasto\/images\/lines2_am121.png\" alt=\"\" class=\"card-img-type\"> -->\r\n                            <div class=\"card-body card-body-name card-body-dark\">\r\n                            <h5 class=\"card-title\">Mopoautokurssi AM121 <br \/>Paketti 2<\/h5>\r\n                                                    <\/div>\r\n                        <\/div>\r\n                        \r\n                        <div class=\"card-body card-body-price\">\r\n                            <p>279 \u20ac<\/p>\r\n\r\n                        <\/div>\r\n                        \r\n                        <ul class=\"list-group list-group-flush card-list-bg\">\r\n                                                        <li class=\"list-group-item icon-grid\">\r\n                                <div class=\"icon-cell-1\" title=\"Ajotunnit\"><i class=\"fa fa-car\"><\/i>3<\/div>\r\n                                <div class=\"icon-cell-2 noContent\">\r\n                                                                    <\/div>\r\n                                <div class=\"icon-cell-3\" title=\"Teoriatunnit\">4<i class=\"fa fa-book\"><\/i><\/div>\r\n                            <\/li>\r\n                                                        <li class=\"list-group-item\"><i class=\"fa fa-check\"><\/i>Viranomaiskuluineen: 438 \u20ac<\/li>\r\n                            <li class=\"list-group-item\"><i class=\"fa fa-angle-double-right\"><\/i> <a class=\"show-quickview\">katso kurssin sis\u00e4lt\u00f6<\/a><\/li>\r\n                            <div class=\"quickview-container\" data-expenses=\"Katso kuluerittely\" data-taglang=\"fi\">\r\n                                <!-- wp:list -->\n<ul class=\"pricetag-quickview\"><!-- wp:list-item -->\n<li><i class=\"fa fa-check-square list-quickview\"><\/i>S\u00e4hk\u00f6inen oppimateriaali + teoriakoeharjoitteluohjelma<\/li>\n<!-- \/wp:list-item -->\n\n<!-- wp:list-item -->\n<li><i class=\"fa fa-check-square list-quickview\"><\/i>4 Teoriatuntia (EAS)<\/li>\n<!-- \/wp:list-item -->\n\n<!-- wp:list-item -->\n<li><i class=\"fa fa-check-square list-quickview\"><\/i>3 Ajotuntia<\/li>\n<!-- \/wp:list-item -->\n\n<!-- wp:list-item -->\n<li><i class=\"fa fa-check-square list-quickview\"><\/i>Mopoauton k\u00e4ytt\u00f6 ensimm\u00e4isess\u00e4 ajokokeessa<\/li>\n<!-- \/wp:list-item --><\/ul>\n<!-- \/wp:list -->\n\n<!-- wp:group {\"className\":\"is-style-price-breakdown\",\"layout\":{\"type\":\"constrained\"}} -->\n<div class=\"wp-block-group is-style-price-breakdown\"><!-- wp:paragraph -->\n<p><strong>Viranomaiskulut<\/strong><\/p>\n<!-- \/wp:paragraph -->\n\n<!-- wp:list -->\n<ul class=\"pricetag-quickview\"><!-- wp:list-item -->\n<li><i class=\"fa fa-check-square list-quickview\"><\/i>Ajokorttilupahakemus 45 \u20ac \/ s\u00e4hk\u00f6isesti 28 \u20ac<\/li>\n<!-- \/wp:list-item -->\n\n<!-- wp:list-item -->\n<li><i class=\"fa fa-check-square list-quickview\"><\/i>Teoriakoe 46 \u20ac<\/li>\n<!-- \/wp:list-item -->\n\n<!-- wp:list-item -->\n<li><i class=\"fa fa-check-square list-quickview\"><\/i>Ajokoe 85 \u20ac<\/li>\n<!-- \/wp:list-item --><\/ul>\n<!-- \/wp:list --><\/div>\n<!-- \/wp:group -->\n\n<!-- wp:paragraph {\"style\":{\"typography\":{\"fontStyle\":\"normal\",\"fontWeight\":\"600\"}},\"fontSize\":\"small\"} -->\n<p class=\"has-small-font-size\" style=\"font-style:normal;font-weight:600\">Suosittelemme kurssipakettia kokemattomille kuskeille.<\/p>\n<!-- \/wp:paragraph -->                            <\/div>\r\n                        <\/ul>\r\n                                                <div class=\"card-body card-body-footer card-body-footer-normal\">\r\n                            <a href=\"https:\/\/easydriver.drima.app\/enrollment;ref=b9857c4e-433d-48a3-8a54-fa8eea0e70f5\" class=\"d-flex flex-grow-1 productTrigger\" onclick=\"gtag_report_conversion('https:\/\/easydriver.drima.app\/enrollment;ref=b9857c4e-433d-48a3-8a54-fa8eea0e70f5'); false;\"><button type=\"button\" class=\"btn btn-pricetag\" data-tuotenimi=\"Mopoautokurssi AM121 - Paketti 2\" data-tuoteUid=\"193\" data-tuoteCity=\"Turku\">ILMOITTAUDU KURSSILLE<\/button><\/a>                        <\/div>\r\n                    <\/div>\r\n                <\/div>\n\n\n\n                                \r\n                                                                                                 \r\n                <div class=\"card-container card-pricetag\">\r\n                    <div class=\"card card-dark\">\r\n                        <div class=\"special-ribbon ribbon-top-right\"><span>Best Choice!<\/span><\/div>\n                        <div class=\"card-img-top card-img-special\">                            <!-- <img decoding=\"async\" src=\"https:\/\/easydriver.fi\/turku\/wp-content\/plugins\/easy-hinnasto\/images\/lines2_am121.png\" alt=\"\" class=\"card-img-type card-img-change\"> -->\r\n                            <div class=\"card-body card-body-name card-body-special\">\r\n                            <h5 class=\"card-title card-title-special\">Mopoautokurssi AM121 <br \/>Easy Paketti<\/h5>\r\n                                                    <\/div>\r\n                        <\/div>\r\n                        \r\n                        <div class=\"card-body card-body-price\">\r\n                            <p>409 \u20ac<\/p>\r\n\r\n                        <\/div>\r\n                        \r\n                        <ul class=\"list-group list-group-flush card-list-bg\">\r\n                                                        <li class=\"list-group-item icon-grid\">\r\n                                <div class=\"icon-cell-1\" title=\"Ajotunnit\"><i class=\"fa fa-car\"><\/i>5<\/div>\r\n                                <div class=\"icon-cell-2 noContent\">\r\n                                                                    <\/div>\r\n                                <div class=\"icon-cell-3\" title=\"Teoriatunnit\">4<i class=\"fa fa-book\"><\/i><\/div>\r\n                            <\/li>\r\n                                                        <li class=\"list-group-item\"><i class=\"fa fa-check\"><\/i>Viranomaiskuluineen: 568 \u20ac<\/li>\r\n                            <li class=\"list-group-item\"><i class=\"fa fa-angle-double-right\"><\/i> <a class=\"show-quickview\">katso kurssin sis\u00e4lt\u00f6<\/a><\/li>\r\n                            <div class=\"quickview-container\" data-expenses=\"Katso kuluerittely\" data-taglang=\"fi\">\r\n                                <!-- wp:list -->\n<ul class=\"pricetag-quickview\"><!-- wp:list-item -->\n<li><i class=\"fa fa-check-square list-quickview\"><\/i>S\u00e4hk\u00f6inen oppimateriaali + teoriakoeharjoitteluohjelma<\/li>\n<!-- \/wp:list-item -->\n\n<!-- wp:list-item -->\n<li><i class=\"fa fa-check-square list-quickview\"><\/i>4 Teoriatuntia (EAS)<\/li>\n<!-- \/wp:list-item -->\n\n<!-- wp:list-item -->\n<li><i class=\"fa fa-check-square list-quickview\"><\/i>5 Ajotuntia<\/li>\n<!-- \/wp:list-item -->\n\n<!-- wp:list-item -->\n<li><i class=\"fa fa-check-square list-quickview\"><\/i>Mopoauton k\u00e4ytt\u00f6 ensimm\u00e4isess\u00e4 k\u00e4sittelykokeessa<\/li>\n<!-- \/wp:list-item --><\/ul>\n<!-- \/wp:list -->\n\n<!-- wp:group {\"className\":\"is-style-price-breakdown\",\"layout\":{\"type\":\"constrained\"}} -->\n<div class=\"wp-block-group is-style-price-breakdown\"><!-- wp:paragraph -->\n<p><strong>Viranomaiskulut<\/strong><\/p>\n<!-- \/wp:paragraph -->\n\n<!-- wp:list -->\n<ul class=\"pricetag-quickview\"><!-- wp:list-item -->\n<li><i class=\"fa fa-check-square list-quickview\"><\/i>Ajokorttilupahakemus 45 \u20ac \/ s\u00e4hk\u00f6isesti 28 \u20ac<\/li>\n<!-- \/wp:list-item -->\n\n<!-- wp:list-item -->\n<li><i class=\"fa fa-check-square list-quickview\"><\/i>Teoriakoe 46 \u20ac<\/li>\n<!-- \/wp:list-item -->\n\n<!-- wp:list-item -->\n<li><i class=\"fa fa-check-square list-quickview\"><\/i>Ajokoe 85 \u20ac<\/li>\n<!-- \/wp:list-item --><\/ul>\n<!-- \/wp:list --><\/div>\n<!-- \/wp:group -->\n\n<!-- wp:paragraph {\"style\":{\"typography\":{\"fontStyle\":\"normal\",\"fontWeight\":\"600\"}},\"fontSize\":\"small\"} -->\n<p class=\"has-small-font-size\" style=\"font-style:normal;font-weight:600\">Suosittelemme kurssipakettia kokemattomille kuskeille. T\u00e4ll\u00e4 paketilla saat parhaat valmiudet mopoiluun. <br><br>Easy paketilla saat parhaiten perusteet mopon k\u00e4sittelyst\u00e4 sek\u00e4 turvallisesta ja oikeaoppisesta liikennek\u00e4ytt\u00e4ytymisest\u00e4.<\/p>\n<!-- \/wp:paragraph -->                            <\/div>\r\n                        <\/ul>\r\n                                                <div class=\"card-body card-body-footer card-body-footer-special\">\r\n                            <a href=\"https:\/\/easydriver.drima.app\/enrollment;ref=6cd1302f-7928-4c4b-b4fa-3482ee6a99ea\" class=\"d-flex flex-grow-1 productTrigger\" onclick=\"gtag_report_conversion('https:\/\/easydriver.drima.app\/enrollment;ref=6cd1302f-7928-4c4b-b4fa-3482ee6a99ea'); false;\"><button type=\"button\" class=\"btn btn-pricetag btn-pricetag-special\" data-tuotenimi=\"Mopoautokurssi AM121 - Easy Paketti\" data-tuoteUid=\"195\" data-tuoteCity=\"Turku\">ILMOITTAUDU KURSSILLE<\/button><\/a>                        <\/div>\r\n                    <\/div>\r\n                <\/div>\n\n\n\n                                \r\n                                                                                                 \r\n                <div class=\"card-container card-pricetag\">\r\n                    <div class=\"card card-dark\">\r\n                                                <div class=\"card-img-top card-img-dark\">                            <!-- <img decoding=\"async\" src=\"https:\/\/easydriver.fi\/turku\/wp-content\/plugins\/easy-hinnasto\/images\/lines2_am121.png\" alt=\"\" class=\"card-img-type\"> -->\r\n                            <div class=\"card-body card-body-name card-body-dark\">\r\n                            <h5 class=\"card-title\">Liikenteen perusteet (EAS)<\/h5>\r\n                                                    <\/div>\r\n                        <\/div>\r\n                        \r\n                        <div class=\"card-body card-body-price\">\r\n                            <p>45 \u20ac<\/p>\r\n\r\n                        <\/div>\r\n                        \r\n                        <ul class=\"list-group list-group-flush card-list-bg\">\r\n                                                        <li class=\"list-group-item icon-grid\">\r\n                                <div class=\"icon-cell-1\" title=\"Ajotunnit\"><i class=\"fa fa-car\"><\/i>-<\/div>\r\n                                <div class=\"icon-cell-2 noContent\">\r\n                                                                    <\/div>\r\n                                <div class=\"icon-cell-3\" title=\"Teoriatunnit\">4<i class=\"fa fa-book\"><\/i><\/div>\r\n                            <\/li>\r\n                                                        <li class=\"list-group-item\"><i class=\"fa fa-check\"><\/i>Ilmoittaudu mukaan nyt!<\/li>\r\n                            <li class=\"list-group-item\"><i class=\"fa fa-angle-double-right\"><\/i> <a class=\"show-quickview\">katso kurssin sis\u00e4lt\u00f6<\/a><\/li>\r\n                            <div class=\"quickview-container\" data-expenses=\"Katso kuluerittely\" data-taglang=\"fi\">\r\n                                <!-- wp:list -->\n<ul class=\"pricetag-quickview\"><!-- wp:list-item -->\n<li><i class=\"fa fa-check-square list-quickview\"><\/i>4 Teoriatuntia<\/li>\n<!-- \/wp:list-item --><\/ul>\n<!-- \/wp:list -->                            <\/div>\r\n                        <\/ul>\r\n                                                <div class=\"card-body card-body-footer card-body-footer-normal\">\r\n                            <a href=\"https:\/\/easydriver.drima.app\/enrollment;ref=40b15840-75f8-4aad-b68d-2432b6e41627\" class=\"d-flex flex-grow-1 productTrigger\" onclick=\"gtag_report_conversion('https:\/\/easydriver.drima.app\/enrollment;ref=40b15840-75f8-4aad-b68d-2432b6e41627'); false;\"><button type=\"button\" class=\"btn btn-pricetag\" data-tuotenimi=\"Liikenteen perusteet (EAS)\" data-tuoteUid=\"177\" data-tuoteCity=\"Turku\">ILMOITTAUDU KURSSILLE<\/button><\/a>                        <\/div>\r\n                    <\/div>\r\n                <\/div>\n<\/div><\/div>\n\n\n\n<div style=\"height:100px\" aria-hidden=\"true\" class=\"wp-block-spacer is-style-visible-spacer\"><\/div>\n\n\n\n<div id=\"tietoa-kursseista\" class=\"wp-block-gosign-gosign-background-container gosign-color-section btn-full align-false default-padding no-margin custom-width no-min-height lightColorLayout no-top-border no-bottom-border colorSectionFe background-fixed background-cover overlay-true defined-width\"><div class=\"outer-container background-fixed\" style=\"background-image:url(https:\/\/easydriver.fi\/wp-content\/uploads\/2023\/01\/mopoauto_1.jpg);padding-top:60px;padding-bottom:60px;padding-left:40px;padding-right:40px;background-position:0% 0%;background-attachment:fixed\"><div class=\"overBg\" style=\"background-color:#000000;opacity:0.6\"><\/div><div class=\"inner-container\"><div class=\"contentBlock\" style=\"max-width:1170px\">\n\n<div class=\"wp-block-group\"><div class=\"wp-block-group__inner-container is-layout-constrained wp-block-group-is-layout-constrained\">\n<h2 class=\"wp-block-heading has-text-align-center\" id=\"maksutavat\">Easylla maksat kurssit joustavasti<\/h2>\n\n\n\n<p class=\"has-medium-font-size\">Kurssilaskun voit maksaa my\u00f6s helposti luotto- tai osamaksulla. Tutustu kattaviin maksutapoihimme alla olevasta linkist\u00e4. Maksutavoista saat my\u00f6s lis\u00e4tietoja ottamalla yhteytt\u00e4 toimipisteellemme.<\/p>\n\n\n\n<div class=\"wp-block-buttons is-style-button-generic-grid is-content-justification-center is-layout-flex wp-container-core-buttons-is-layout-16018d1d wp-block-buttons-is-layout-flex\">\n<div class=\"wp-block-button is-style-full-width-button\"><a class=\"wp-block-button__link has-black-background-color has-text-color has-background wp-element-button\" href=\"https:\/\/easydriver.fi\/maksutavat\" style=\"border-radius:20px;color:#ffff00\">Tutustu maksutapoihin ja toimitusehtoihin<\/a><\/div>\n<\/div>\n\n\n\n<div style=\"height:35px\" aria-hidden=\"true\" class=\"wp-block-spacer\"><\/div>\n\n\n\n<hr class=\"wp-block-separator has-text-color has-alpha-channel-opacity has-background is-style-wide\" style=\"background-color:#ffff00;color:#ffff00\"\/>\n\n\n\n<div style=\"height:35px\" aria-hidden=\"true\" class=\"wp-block-spacer\"><\/div>\n<\/div><\/div>\n\n\n\n\n<h2 class=\"wp-block-heading has-text-align-center\">Light quadricycle courses at Easy Driver<\/h2>\n\n\n\n<p class=\"has-medium-font-size\">Select one of the course packages and join the gang. When your enrolment is confimed more information will be emailed to you and you can start the course straight away. Theory lessons are available online and you can easily complete them at your own pace even from your couch. How easy is that? <br><br><strong>Please note, that you can take the theory test one month before turning 15 which will speed up the process for you to obtain a driving licence for a light quadricycle.<\/strong><\/p>\n\n\n\n<p class=\"has-medium-font-size\">AM121-driving license will also allow you to drive all-terrain vehicles and tractors that are in T3a and T3b- vehicle category. <\/p>\n\n\n\n<p class=\"has-medium-font-size\">For more info of the courses, please call us 040 455 7737<\/p>\n\n\n\n<div style=\"height:35px\" aria-hidden=\"true\" class=\"wp-block-spacer\"><\/div>\n\n\n\n<p class=\"has-text-align-center has-medium-font-size\"><strong>Do you only need Basics of Traffic theory lessons (EAS)?<\/strong><\/p>\n\n\n\n<div class=\"wp-block-buttons is-style-button-generic-grid is-layout-flex wp-block-buttons-is-layout-flex\">\n<div class=\"wp-block-button is-style-full-width-button\"><a class=\"wp-block-button__link has-black-background-color has-text-color has-background wp-element-button\" href=\"..\/driving-instruction-permit\/#eas\" style=\"border-radius:20px;color:#ffff00\">Basics of Traffic (EAS)<\/a><\/div>\n<\/div>\n<\/div><\/div><\/div><\/div>\n","protected":false},"excerpt":{"rendered":"","protected":false},"author":1,"featured_media":0,"parent":4205,"menu_order":0,"comment_status":"closed","ping_status":"closed","template":"page-templates\/etusivu.php","meta":{"footnotes":""},"class_list":["post-4210","page","type-page","status-publish","hentry"],"_links":{"self":[{"href":"https:\/\/easydriver.fi\/turku\/wp-json\/wp\/v2\/pages\/4210","targetHints":{"allow":["GET"]}}],"collection":[{"href":"https:\/\/easydriver.fi\/turku\/wp-json\/wp\/v2\/pages"}],"about":[{"href":"https:\/\/easydriver.fi\/turku\/wp-json\/wp\/v2\/types\/page"}],"author":[{"embeddable":true,"href":"https:\/\/easydriver.fi\/turku\/wp-json\/wp\/v2\/users\/1"}],"replies":[{"embeddable":true,"href":"https:\/\/easydriver.fi\/turku\/wp-json\/wp\/v2\/comments?post=4210"}],"version-history":[{"count":13,"href":"https:\/\/easydriver.fi\/turku\/wp-json\/wp\/v2\/pages\/4210\/revisions"}],"predecessor-version":[{"id":5353,"href":"https:\/\/easydriver.fi\/turku\/wp-json\/wp\/v2\/pages\/4210\/revisions\/5353"}],"up":[{"embeddable":true,"href":"https:\/\/easydriver.fi\/turku\/wp-json\/wp\/v2\/pages\/4205"}],"wp:attachment":[{"href":"https:\/\/easydriver.fi\/turku\/wp-json\/wp\/v2\/media?parent=4210"}],"curies":[{"name":"wp","href":"https:\/\/api.w.org\/{rel}","templated":true}]}}