{"id":4208,"date":"2023-10-01T18:14:47","date_gmt":"2023-10-01T15:14:47","guid":{"rendered":"https:\/\/env.env.env.easydriver.fi\/raisio\/opetuslupa\/"},"modified":"2025-12-31T12:44:53","modified_gmt":"2025-12-31T10:44:53","slug":"driving-instruction-permit","status":"publish","type":"page","link":"https:\/\/easydriver.fi\/turku\/course\/driving-instruction-permit\/","title":{"rendered":"Instruction permit"},"content":{"rendered":"\n\n\n<div id=\"\" class=\"wp-block-gosign-gosign-background-container gosign-color-section btn-full align-false default-padding no-margin full-width no-min-height lightColorLayout no-top-border no-bottom-border colorSectionFe background-scroll background-repeat overlay-false defined-width main-header-secondary\"><div class=\"outer-container background-scroll\" style=\"background-repeat:repeat;background-color:#000000\"><div class=\"inner-container\"><div class=\"contentBlock\">\n<h3 class=\"has-text-align-center has-text-color has-medium-font-size wp-block-heading\" style=\"color:#fff000\">Driving instruction permit <\/h3>\n<\/div><\/div><\/div><\/div>\n\n\n\n<div style=\"height:36px\" aria-hidden=\"true\" class=\"wp-block-spacer is-style-visible-spacer\"><\/div>\n\n\n\n<div class=\"wp-block-buttons is-layout-flex wp-block-buttons-is-layout-flex\">\n<div class=\"wp-block-button is-style-button-kaupungit\"><a class=\"wp-block-button__link wp-element-button\" href=\"#tietoa-kursseista\">VIEW MORE INFORMATION ABOUT COURSES<\/a><\/div>\n<\/div>\n\n\n\n<div style=\"height:50px\" aria-hidden=\"true\" class=\"wp-block-spacer is-style-visible-spacer\"><\/div>\n\n\n\n<div id=\"riski\" class=\"wp-block-group is-style-pricegrid\"><div class=\"wp-block-group__inner-container is-layout-constrained wp-block-group-is-layout-constrained\">\n                                \r\n                                                                                                 \r\n                <div class=\"card-container card-pricetag\">\r\n                    <div class=\"card card-dark\">\r\n                                                <div class=\"card-img-top card-img-dark\">                            <!-- <img decoding=\"async\" src=\"https:\/\/easydriver.fi\/turku\/wp-content\/plugins\/easy-hinnasto\/images\/lines2_opetuslupa.png\" alt=\"\" class=\"card-img-type\"> -->\r\n                            <div class=\"card-body card-body-name card-body-dark\">\r\n                            <h5 class=\"card-title\">Riskikoulutus <br \/>paketti 1<\/h5>\r\n                                                    <\/div>\r\n                        <\/div>\r\n                        \r\n                        <div class=\"card-body card-body-price\">\r\n                            <p>235 \u20ac<\/p>\r\n\r\n                        <\/div>\r\n                        \r\n                        <ul class=\"list-group list-group-flush card-list-bg\">\r\n                                                        <li class=\"list-group-item icon-grid\">\r\n                                <div class=\"icon-cell-1\" title=\"Ajotunnit\"><i class=\"fa fa-car\"><\/i>4<\/div>\r\n                                <div class=\"icon-cell-2 hasContent\">\r\n                                                                        <div class=\"icon__subcell\">\r\n                                        <i class=\"fa fa-car-side\" title=\"Autolla\"><\/i><p>1<\/p>\r\n                                    <\/div>\r\n                                                                        <div class=\"icon__subcell\">\r\n                                        <i class=\"edico edico-sim\" title=\"Simulaattorilla\"><\/i><p>3<\/p>\r\n                                    <\/div> \r\n                                                                    <\/div>\r\n                                <div class=\"icon-cell-3\" title=\"Teoriatunnit\">4<i class=\"fa fa-book\"><\/i><\/div>\r\n                            <\/li>\r\n                                                        <li class=\"list-group-item\"><i class=\"fa fa-check\"><\/i>Ilmoittaudu mukaan nyt!<\/li>\r\n                            <li class=\"list-group-item\"><i class=\"fa fa-angle-double-right\"><\/i> <a class=\"show-quickview\">katso kurssin sis\u00e4lt\u00f6<\/a><\/li>\r\n                            <div class=\"quickview-container\" data-expenses=\"Katso kuluerittely\" data-taglang=\"fi\">\r\n                                <!-- wp:list -->\n<ul class=\"pricetag-quickview\"><!-- wp:list-item -->\n<li><i class=\"fa fa-check-square list-quickview\"><\/i>S\u00e4hk\u00f6inen oppimateriaali + teoriakoeharjoitteluohjelma<\/li>\n<!-- \/wp:list-item -->\n\n<!-- wp:list-item -->\n<li><i class=\"fa fa-check-square list-quickview\"><\/i>4 riskiteoriatuntia<\/li>\n<!-- \/wp:list-item -->\n\n<!-- wp:list-item -->\n<li><i class=\"fa fa-check-square list-quickview\"><\/i>4 riskiajotuntia (Ajotunneista 1 ajetaan autolla ja 3 simulaattorilla)<\/li>\n<!-- \/wp:list-item --><\/ul>\n<!-- \/wp:list -->                            <\/div>\r\n                        <\/ul>\r\n                                                <div class=\"card-body card-body-footer card-body-footer-normal\">\r\n                            <a href=\"https:\/\/easydriver.drima.app\/enrollment;ref=bb7ed636-6fa5-42ab-b451-a1effca50774\" class=\"d-flex flex-grow-1 productTrigger\" onclick=\"gtag_report_conversion('https:\/\/easydriver.drima.app\/enrollment;ref=bb7ed636-6fa5-42ab-b451-a1effca50774'); false;\"><button type=\"button\" class=\"btn btn-pricetag\" data-tuotenimi=\"Riskikoulutus - paketti 1\" data-tuoteUid=\"211\" data-tuoteCity=\"Turku\">ILMOITTAUDU KURSSILLE<\/button><\/a>                        <\/div>\r\n                    <\/div>\r\n                <\/div>\n\n\n\n                                \r\n                                                                                                 \r\n                <div class=\"card-container card-pricetag\">\r\n                    <div class=\"card card-dark\">\r\n                                                <div class=\"card-img-top card-img-dark\">                            <!-- <img decoding=\"async\" src=\"https:\/\/easydriver.fi\/turku\/wp-content\/plugins\/easy-hinnasto\/images\/lines2_opetuslupa.png\" alt=\"\" class=\"card-img-type\"> -->\r\n                            <div class=\"card-body card-body-name card-body-dark\">\r\n                            <h5 class=\"card-title\">Riskikoulutus <br \/>paketti 2<\/h5>\r\n                                                    <\/div>\r\n                        <\/div>\r\n                        \r\n                        <div class=\"card-body card-body-price\">\r\n                            <p>290 \u20ac<\/p>\r\n\r\n                        <\/div>\r\n                        \r\n                        <ul class=\"list-group list-group-flush card-list-bg\">\r\n                                                        <li class=\"list-group-item icon-grid\">\r\n                                <div class=\"icon-cell-1\" title=\"Ajotunnit\"><i class=\"fa fa-car\"><\/i>4<\/div>\r\n                                <div class=\"icon-cell-2 hasContent\">\r\n                                                                        <div class=\"icon__subcell\">\r\n                                        <i class=\"fa fa-car-side\" title=\"Autolla\"><\/i><p>2<\/p>\r\n                                    <\/div>\r\n                                                                        <div class=\"icon__subcell\">\r\n                                        <i class=\"edico edico-sim\" title=\"Simulaattorilla\"><\/i><p>2<\/p>\r\n                                    <\/div> \r\n                                                                    <\/div>\r\n                                <div class=\"icon-cell-3\" title=\"Teoriatunnit\">4<i class=\"fa fa-book\"><\/i><\/div>\r\n                            <\/li>\r\n                                                        <li class=\"list-group-item\"><i class=\"fa fa-check\"><\/i>Ilmoittaudu mukaan nyt!<\/li>\r\n                            <li class=\"list-group-item\"><i class=\"fa fa-angle-double-right\"><\/i> <a class=\"show-quickview\">katso kurssin sis\u00e4lt\u00f6<\/a><\/li>\r\n                            <div class=\"quickview-container\" data-expenses=\"Katso kuluerittely\" data-taglang=\"fi\">\r\n                                <!-- wp:list -->\n<ul class=\"pricetag-quickview\"><!-- wp:list-item -->\n<li><i class=\"fa fa-check-square list-quickview\"><\/i>S\u00e4hk\u00f6inen oppimateriaali + teoriakoeharjoitteluohjelma<\/li>\n<!-- \/wp:list-item -->\n\n<!-- wp:list-item -->\r\n<li><i class=\"fa fa-check-square list-quickview\"><\/i>4 riskiteoriatuntia<\/li>\r\n<!-- \/wp:list-item -->\r\n\r\n<!-- wp:list-item -->\r\n<li><i class=\"fa fa-check-square list-quickview\"><\/i>4 liikenteen perusteet teoriatunnit (EAS)<\/li>\r\n<!-- \/wp:list-item -->\n\n<!-- wp:list-item -->\n<li><i class=\"fa fa-check-square list-quickview\"><\/i>4 riskiajotuntia (Ajotunneista 2 ajetaan autolla ja 2 simulaattorilla)<\/li>\n<!-- \/wp:list-item --><\/ul>\n<!-- \/wp:list -->                            <\/div>\r\n                        <\/ul>\r\n                                                <div class=\"card-body card-body-footer card-body-footer-normal\">\r\n                            <a href=\"https:\/\/easydriver.drima.app\/enrollment;ref=5ec9aaef-6709-43ca-8856-c8ef6ad37df9\" class=\"d-flex flex-grow-1 productTrigger\" onclick=\"gtag_report_conversion('https:\/\/easydriver.drima.app\/enrollment;ref=5ec9aaef-6709-43ca-8856-c8ef6ad37df9'); false;\"><button type=\"button\" class=\"btn btn-pricetag\" data-tuotenimi=\"Riskikoulutus - paketti 2\" data-tuoteUid=\"212\" data-tuoteCity=\"Turku\">ILMOITTAUDU KURSSILLE<\/button><\/a>                        <\/div>\r\n                    <\/div>\r\n                <\/div>\n\n\n\n                                \r\n                                                                                                 \r\n                <div class=\"card-container card-pricetag\">\r\n                    <div class=\"card card-dark\">\r\n                                                <div class=\"card-img-top card-img-dark\">                            <!-- <img decoding=\"async\" src=\"https:\/\/easydriver.fi\/turku\/wp-content\/plugins\/easy-hinnasto\/images\/lines2_opetuslupa.png\" alt=\"\" class=\"card-img-type\"> -->\r\n                            <div class=\"card-body card-body-name card-body-dark\">\r\n                            <h5 class=\"card-title\">Riskikoulutus <br \/>paketti 3<\/h5>\r\n                                                    <\/div>\r\n                        <\/div>\r\n                        \r\n                        <div class=\"card-body card-body-price\">\r\n                            <p>490 \u20ac<\/p>\r\n\r\n                        <\/div>\r\n                        \r\n                        <ul class=\"list-group list-group-flush card-list-bg\">\r\n                                                        <li class=\"list-group-item icon-grid\">\r\n                                <div class=\"icon-cell-1\" title=\"Ajotunnit\"><i class=\"fa fa-car\"><\/i>4<\/div>\r\n                                <div class=\"icon-cell-2 hasContent\">\r\n                                                                        <div class=\"icon__subcell\">\r\n                                        <i class=\"fa fa-car-side\" title=\"Autolla\"><\/i><p>2<\/p>\r\n                                    <\/div>\r\n                                                                        <div class=\"icon__subcell\">\r\n                                        <i class=\"edico edico-sim\" title=\"Simulaattorilla\"><\/i><p>2<\/p>\r\n                                    <\/div> \r\n                                                                    <\/div>\r\n                                <div class=\"icon-cell-3\" title=\"Teoriatunnit\">4<i class=\"fa fa-book\"><\/i><\/div>\r\n                            <\/li>\r\n                                                        <li class=\"list-group-item\"><i class=\"fa fa-check\"><\/i>Ilmoittaudu mukaan nyt!<\/li>\r\n                            <li class=\"list-group-item\"><i class=\"fa fa-angle-double-right\"><\/i> <a class=\"show-quickview\">katso kurssin sis\u00e4lt\u00f6<\/a><\/li>\r\n                            <div class=\"quickview-container\" data-expenses=\"Katso kuluerittely\" data-taglang=\"fi\">\r\n                                <!-- wp:list -->\n<ul class=\"pricetag-quickview\"><!-- wp:list-item -->\n<li><i class=\"fa fa-check-square list-quickview\"><\/i>S\u00e4hk\u00f6inen oppimateriaali + teoriakoeharjoitteluohjelma<\/li>\n<!-- \/wp:list-item -->\n\n<!-- wp:list-item -->\r\n<li><i class=\"fa fa-check-square list-quickview\"><\/i>4 riskiteoriatuntia<\/li>\r\n<!-- \/wp:list-item -->\r\n\r\n<!-- wp:list-item -->\r\n<li><i class=\"fa fa-check-square list-quickview\"><\/i>4 liikenteen perusteet teoriatunnit (EAS)<\/li>\r\n<!-- \/wp:list-item -->\n\n<!-- wp:list-item -->\n<li><i class=\"fa fa-check-square list-quickview\"><\/i>4 riskiajotuntia (Ajotunneista 2 ajetaan autolla ja 2 simulaattorilla)<\/li>\n<!-- \/wp:list-item -->\n\n<!-- wp:list-item -->\n<li><i class=\"fa fa-check-square list-quickview\"><\/i>3 lis\u00e4ajotuntia<\/li>\n<!-- \/wp:list-item --><\/ul>\n<!-- \/wp:list -->\n\n<!-- wp:paragraph {\"style\":{\"typography\":{\"fontStyle\":\"normal\",\"fontWeight\":\"600\"}},\"fontSize\":\"small\"} -->\n<p class=\"has-small-font-size\" style=\"font-style:normal;font-weight:600\">Paketissa on kaikki mit\u00e4 tarvitset: riskikoulutuskurssi kokonaisuudessaan sek\u00e4 3 lis\u00e4ajotuntia sinun tarpeidesi mukaan.<\/p>\n<!-- \/wp:paragraph -->\n\n<!-- wp:paragraph {\"style\":{\"typography\":{\"fontStyle\":\"normal\",\"fontWeight\":\"600\"}},\"fontSize\":\"small\"} -->\n<p class=\"has-small-font-size\" style=\"font-style:normal;font-weight:600\">Lis\u00e4ajotunnit voit k\u00e4ytt\u00e4\u00e4 vaikka alkuopetukseen tai harjoitusinssiin<\/p>\n<!-- \/wp:paragraph -->                            <\/div>\r\n                        <\/ul>\r\n                                                <div class=\"card-body card-body-footer card-body-footer-normal\">\r\n                            <a href=\"https:\/\/easydriver.drima.app\/enrollment;ref=a8c803b6-9d08-4c0e-aa0b-cd79a0c3bbc8\" class=\"d-flex flex-grow-1 productTrigger\" onclick=\"gtag_report_conversion('https:\/\/easydriver.drima.app\/enrollment;ref=a8c803b6-9d08-4c0e-aa0b-cd79a0c3bbc8'); false;\"><button type=\"button\" class=\"btn btn-pricetag\" data-tuotenimi=\"Riskikoulutus - paketti 3\" data-tuoteUid=\"213\" data-tuoteCity=\"Turku\">ILMOITTAUDU KURSSILLE<\/button><\/a>                        <\/div>\r\n                    <\/div>\r\n                <\/div>\n<\/div><\/div>\n\n\n\n<div style=\"height:49px\" aria-hidden=\"true\" class=\"wp-block-spacer is-style-visible-spacer\"><\/div>\n\n\n\n<p class=\"has-black-background-color has-text-color has-background has-medium-font-size\" style=\"color:#ffff00\"><strong><strong>If you don&#8217;t have a previous driving licence, you must complete the Basics of Traffic (EAS) course before starting driving lessons.<\/strong><\/strong><\/p>\n\n\n\n<div style=\"height:49px\" aria-hidden=\"true\" class=\"wp-block-spacer is-style-visible-spacer\"><\/div>\n\n\n\n<div id=\"eas\" class=\"wp-block-group is-style-pricegrid\"><div class=\"wp-block-group__inner-container is-layout-constrained wp-block-group-is-layout-constrained\">\n                                \r\n                                                                                                 \r\n                <div class=\"card-container card-pricetag\">\r\n                    <div class=\"card card-dark\">\r\n                                                <div class=\"card-img-top card-img-dark\">                            <!-- <img decoding=\"async\" src=\"https:\/\/easydriver.fi\/turku\/wp-content\/plugins\/easy-hinnasto\/images\/lines2_opetuslupa.png\" alt=\"\" class=\"card-img-type\"> -->\r\n                            <div class=\"card-body card-body-name card-body-dark\">\r\n                            <h5 class=\"card-title\">Liikenteen perusteet (EAS)<\/h5>\r\n                                                    <\/div>\r\n                        <\/div>\r\n                        \r\n                        <div class=\"card-body card-body-price\">\r\n                            <p>45 \u20ac<\/p>\r\n\r\n                        <\/div>\r\n                        \r\n                        <ul class=\"list-group list-group-flush card-list-bg\">\r\n                                                        <li class=\"list-group-item icon-grid\">\r\n                                <div class=\"icon-cell-1\" title=\"Ajotunnit\"><i class=\"fa fa-car\"><\/i>-<\/div>\r\n                                <div class=\"icon-cell-2 noContent\">\r\n                                                                    <\/div>\r\n                                <div class=\"icon-cell-3\" title=\"Teoriatunnit\">4<i class=\"fa fa-book\"><\/i><\/div>\r\n                            <\/li>\r\n                                                        <li class=\"list-group-item\"><i class=\"fa fa-check\"><\/i>Ilmoittaudu mukaan nyt!<\/li>\r\n                            <li class=\"list-group-item\"><i class=\"fa fa-angle-double-right\"><\/i> <a class=\"show-quickview\">katso kurssin sis\u00e4lt\u00f6<\/a><\/li>\r\n                            <div class=\"quickview-container\" data-expenses=\"Katso kuluerittely\" data-taglang=\"fi\">\r\n                                <!-- wp:list -->\n<ul class=\"pricetag-quickview\"><!-- wp:list-item -->\n<li><i class=\"fa fa-check-square list-quickview\"><\/i>4 Teoriatuntia<\/li>\n<!-- \/wp:list-item --><\/ul>\n<!-- \/wp:list -->                            <\/div>\r\n                        <\/ul>\r\n                                                <div class=\"card-body card-body-footer card-body-footer-normal\">\r\n                            <a href=\"https:\/\/easydriver.drima.app\/enrollment;ref=40b15840-75f8-4aad-b68d-2432b6e41627\" class=\"d-flex flex-grow-1 productTrigger\" onclick=\"gtag_report_conversion('https:\/\/easydriver.drima.app\/enrollment;ref=40b15840-75f8-4aad-b68d-2432b6e41627'); false;\"><button type=\"button\" class=\"btn btn-pricetag\" data-tuotenimi=\"Liikenteen perusteet (EAS)\" data-tuoteUid=\"177\" data-tuoteCity=\"Turku\">ILMOITTAUDU KURSSILLE<\/button><\/a>                        <\/div>\r\n                    <\/div>\r\n                <\/div>\n\n\n\n                                \r\n                                                                                                 \r\n                <div class=\"card-container card-pricetag\">\r\n                    <div class=\"card card-dark\">\r\n                                                <div class=\"card-img-top card-img-dark\">                            <!-- <img decoding=\"async\" src=\"https:\/\/easydriver.fi\/turku\/wp-content\/plugins\/easy-hinnasto\/images\/lines2_opetuslupa.png\" alt=\"\" class=\"card-img-type\"> -->\r\n                            <div class=\"card-body card-body-name card-body-dark\">\r\n                            <h5 class=\"card-title\">Liikenteen perusteet (EAS) +<\/h5>\r\n                                                    <\/div>\r\n                        <\/div>\r\n                        \r\n                        <div class=\"card-body card-body-price\">\r\n                            <p>90 \u20ac<\/p>\r\n\r\n                        <\/div>\r\n                        \r\n                        <ul class=\"list-group list-group-flush card-list-bg\">\r\n                                                        <li class=\"list-group-item icon-grid\">\r\n                                <div class=\"icon-cell-1\" title=\"Ajotunnit\"><i class=\"fa fa-car\"><\/i>-<\/div>\r\n                                <div class=\"icon-cell-2 noContent\">\r\n                                                                    <\/div>\r\n                                <div class=\"icon-cell-3\" title=\"Teoriatunnit\">4<i class=\"fa fa-book\"><\/i><\/div>\r\n                            <\/li>\r\n                                                        <li class=\"list-group-item\"><i class=\"fa fa-check\"><\/i>Ilmoittaudu mukaan nyt!<\/li>\r\n                            <li class=\"list-group-item\"><i class=\"fa fa-angle-double-right\"><\/i> <a class=\"show-quickview\">katso kurssin sis\u00e4lt\u00f6<\/a><\/li>\r\n                            <div class=\"quickview-container\" data-expenses=\"Katso kuluerittely\" data-taglang=\"fi\">\r\n                                <!-- wp:list -->\n<ul class=\"pricetag-quickview\"><!-- wp:list-item -->\n<li><i class=\"fa fa-check-square list-quickview\"><\/i>S\u00e4hk\u00f6inen oppimateriaali + teoriakoeharjoitteluohjelma<\/li>\n<!-- \/wp:list-item -->\n\n<!-- wp:list-item -->\n<li><i class=\"fa fa-check-square list-quickview\"><\/i>4 Teoriatuntia<\/li>\n<!-- \/wp:list-item --><\/ul>\n<!-- \/wp:list -->                            <\/div>\r\n                        <\/ul>\r\n                                                <div class=\"card-body card-body-footer card-body-footer-normal\">\r\n                            <a href=\"https:\/\/easydriver.drima.app\/enrollment;ref=623fd136-a232-464e-87e9-edbf7b50e2d1\" class=\"d-flex flex-grow-1 productTrigger\" onclick=\"gtag_report_conversion('https:\/\/easydriver.drima.app\/enrollment;ref=623fd136-a232-464e-87e9-edbf7b50e2d1'); false;\"><button type=\"button\" class=\"btn btn-pricetag\" data-tuotenimi=\"Liikenteen perusteet (EAS) +\" data-tuoteUid=\"183\" data-tuoteCity=\"Turku\">ILMOITTAUDU KURSSILLE<\/button><\/a>                        <\/div>\r\n                    <\/div>\r\n                <\/div>\n<\/div><\/div>\n\n\n\n<div id=\"tietoa-kursseista\" class=\"wp-block-gosign-gosign-background-container gosign-color-section btn-full align-false default-padding no-margin custom-width no-min-height lightColorLayout no-top-border no-bottom-border colorSectionFe background-fixed background-cover overlay-true defined-width\"><div class=\"outer-container background-fixed\" style=\"background-image:url(https:\/\/easydriver.fi\/wp-content\/uploads\/2023\/01\/kouluajo_2.jpg);padding-top:60px;padding-bottom:60px;padding-left:40px;padding-right:40px;background-position:0% 0%;background-attachment:fixed\"><div class=\"overBg\" style=\"background-color:#000000;opacity:0.6\"><\/div><div class=\"inner-container\"><div class=\"contentBlock\" style=\"max-width:1170px\">\n\n<div class=\"wp-block-group\"><div class=\"wp-block-group__inner-container is-layout-constrained wp-block-group-is-layout-constrained\">\n<h2 class=\"wp-block-heading has-text-align-center\" id=\"maksutavat\">Easylla maksat kurssit joustavasti<\/h2>\n\n\n\n<p class=\"has-medium-font-size\">Kurssilaskun voit maksaa my\u00f6s helposti luotto- tai osamaksulla. Tutustu kattaviin maksutapoihimme alla olevasta linkist\u00e4. Maksutavoista saat my\u00f6s lis\u00e4tietoja ottamalla yhteytt\u00e4 toimipisteellemme.<\/p>\n\n\n\n<div class=\"wp-block-buttons is-style-button-generic-grid is-content-justification-center is-layout-flex wp-container-core-buttons-is-layout-16018d1d wp-block-buttons-is-layout-flex\">\n<div class=\"wp-block-button is-style-full-width-button\"><a class=\"wp-block-button__link has-black-background-color has-text-color has-background wp-element-button\" href=\"https:\/\/easydriver.fi\/maksutavat\" style=\"border-radius:20px;color:#ffff00\">Tutustu maksutapoihin ja toimitusehtoihin<\/a><\/div>\n<\/div>\n\n\n\n<div style=\"height:35px\" aria-hidden=\"true\" class=\"wp-block-spacer\"><\/div>\n\n\n\n<hr class=\"wp-block-separator has-text-color has-alpha-channel-opacity has-background is-style-wide\" style=\"background-color:#ffff00;color:#ffff00\"\/>\n\n\n\n<div style=\"height:35px\" aria-hidden=\"true\" class=\"wp-block-spacer\"><\/div>\n<\/div><\/div>\n\n\n\n\n<h2 class=\"wp-block-heading\">Easy Driver courses for students who have a driving instruction permit<\/h2>\n\n\n\n<p class=\"has-medium-font-size\">With Easy Driver, you&#8217;re sure to find the right package to help you complete the course easily and smoothly. Once your enrolment has been accepted, you will receive further instructions by email and you can start taking the course right away! You can easily follow the theory lessons remotely, even from the comfort of your own home.<\/p>\n\n\n\n<p class=\"has-medium-font-size\">If the packages above do not meet your needs, please contact your nearest branch so that we can tailor a package to suit your needs.<\/p>\n\n\n\n<p class=\"has-medium-font-size\"><strong>If you are getting your license with a driving instruction permit and do not have a previous driving licence, you must complete the<\/strong> <strong>Basics of Traffic (EAS) course before starting driving lessons. EAS certificate must always be present during driving lessons.<\/strong><\/p>\n\n\n\n<p class=\"has-medium-font-size\">For more information contact our friendly staff on 040 8382 268<\/p>\n<\/div><\/div><\/div><\/div>\n","protected":false},"excerpt":{"rendered":"<p>If you don&#8217;t have a previous driving licence, you must complete the Basics of Traffic (EAS) course before starting driving lessons.<\/p>\n","protected":false},"author":1,"featured_media":0,"parent":4205,"menu_order":0,"comment_status":"closed","ping_status":"closed","template":"","meta":{"footnotes":""},"class_list":["post-4208","page","type-page","status-publish","hentry"],"_links":{"self":[{"href":"https:\/\/easydriver.fi\/turku\/wp-json\/wp\/v2\/pages\/4208","targetHints":{"allow":["GET"]}}],"collection":[{"href":"https:\/\/easydriver.fi\/turku\/wp-json\/wp\/v2\/pages"}],"about":[{"href":"https:\/\/easydriver.fi\/turku\/wp-json\/wp\/v2\/types\/page"}],"author":[{"embeddable":true,"href":"https:\/\/easydriver.fi\/turku\/wp-json\/wp\/v2\/users\/1"}],"replies":[{"embeddable":true,"href":"https:\/\/easydriver.fi\/turku\/wp-json\/wp\/v2\/comments?post=4208"}],"version-history":[{"count":8,"href":"https:\/\/easydriver.fi\/turku\/wp-json\/wp\/v2\/pages\/4208\/revisions"}],"predecessor-version":[{"id":4991,"href":"https:\/\/easydriver.fi\/turku\/wp-json\/wp\/v2\/pages\/4208\/revisions\/4991"}],"up":[{"embeddable":true,"href":"https:\/\/easydriver.fi\/turku\/wp-json\/wp\/v2\/pages\/4205"}],"wp:attachment":[{"href":"https:\/\/easydriver.fi\/turku\/wp-json\/wp\/v2\/media?parent=4208"}],"curies":[{"name":"wp","href":"https:\/\/api.w.org\/{rel}","templated":true}]}}