{"id":4207,"date":"2023-10-01T18:15:53","date_gmt":"2023-10-01T15:15:53","guid":{"rendered":"https:\/\/env.env.env.easydriver.fi\/raisio\/muut-palvelut\/"},"modified":"2026-05-13T16:04:34","modified_gmt":"2026-05-13T13:04:34","slug":"other-services","status":"publish","type":"page","link":"https:\/\/easydriver.fi\/turku\/course\/other-services\/","title":{"rendered":"Other services"},"content":{"rendered":"\n\n\n<div id=\"\" class=\"wp-block-gosign-gosign-background-container gosign-color-section btn-full align-false default-padding no-margin full-width no-min-height lightColorLayout no-top-border no-bottom-border colorSectionFe background-scroll background-repeat overlay-false defined-width main-header-secondary\"><div class=\"outer-container background-scroll\" style=\"background-repeat:repeat;background-color:#000000\"><div class=\"inner-container\"><div class=\"contentBlock\">\n<h3 class=\"has-text-align-center has-text-color has-medium-font-size wp-block-heading\" style=\"color:#fff000\">Other services<\/h3>\n<\/div><\/div><\/div><\/div>\n\n\n\n<div style=\"height:36px\" aria-hidden=\"true\" class=\"wp-block-spacer is-style-visible-spacer\"><\/div>\n\n\n\n<div class=\"wp-block-buttons is-layout-flex wp-block-buttons-is-layout-flex\">\n<div class=\"wp-block-button is-style-button-kaupungit\"><a class=\"wp-block-button__link wp-element-button\" href=\"#tietoa-palveluista\">VIEW INFORMATION ABOUT SERVICES<\/a><\/div>\n<\/div>\n\n\n\n<div style=\"height:60px\" aria-hidden=\"true\" class=\"wp-block-spacer is-style-visible-spacer\"><\/div>\n\n\n\n<div class=\"wp-block-columns is-layout-flex wp-container-core-columns-is-layout-9d6595d7 wp-block-columns-is-layout-flex\">\n<div class=\"wp-block-column is-layout-flow wp-block-column-is-layout-flow\">\n<div id=\"edxpd-menu14\" class=\"edxpd-menu menu-id-14\"><h2 class=\"edxpd-menu-header\">Other Services<\/h2><p class=\"edxpd-menu-description\">Kaikki muut lis\u00e4palvelut autokoulusta.<\/p><table class='edxpd-table'><tbody><tr class='odd prod-row'><td class=\"item prod-row-nolink jcomb-141\"><p class=\"item-text\"><a>Online learning environment<\/a><\/p><p class='desc'>Electronic learning environment for EAS-course<\/p><\/td><td class=\"value  onlyval prod-row-nolink jcomb-141\" ><p class=\"value-text\">45 \u20ac<\/p><\/td><\/tr><tr class='even prod-row'><td class=\"item prod-row-nolink jcomb-142\"><p class=\"item-text\"><a>Additional driving lesson, passenger car<\/a><\/p><p class='desc'>Price of one lesson with a passenger car<\/p><\/td><td class=\"value  onlyval prod-row-nolink jcomb-142\" ><p class=\"value-text\">90 \u20ac<\/p><\/td><\/tr><tr class='odd prod-row'><td class=\"item prod-row-nolink jcomb-143\"><p class=\"item-text\"><a>Additional driving lesson, simulator<\/a><\/p><p class='desc'>Price of one lesson in a simulator<\/p><\/td><td class=\"value  onlyval prod-row-nolink jcomb-143\" ><p class=\"value-text\">50 \u20ac<\/p><\/td><\/tr><tr class='even prod-row'><td class=\"item prod-row-nolink jcomb-144\"><p class=\"item-text\"><a>Additional driving lesson, Moped<\/a><\/p><p class='desc'>Price of one lesson in AM120 class<\/p><\/td><td class=\"value  onlyval prod-row-nolink jcomb-144\" ><p class=\"value-text\">75 \u20ac<\/p><\/td><\/tr><tr class='odd prod-row'><td class=\"item prod-row-nolink jcomb-145\"><p class=\"item-text\"><a>Additional driving lesson, Moped car<\/a><\/p><p class='desc'>Price of one lesson in AM121 class<\/p><\/td><td class=\"value  onlyval prod-row-nolink jcomb-145\" ><p class=\"value-text\">75 \u20ac<\/p><\/td><\/tr><tr class='even prod-row'><td class=\"item prod-row-nolink jcomb-146\"><p class=\"item-text\"><a>Use of moped when retaking a handling test<\/a><\/p><\/td><td class=\"value  onlyval prod-row-nolink jcomb-146\" ><p class=\"value-text\">50 \u20ac<\/p><\/td><\/tr><tr class='odd prod-row'><td class=\"item prod-row-nolink jcomb-147\"><p class=\"item-text\"><a>Use of motorcycle when retaking a handling test<\/a><\/p><\/td><td class=\"value  onlyval prod-row-nolink jcomb-147\" ><p class=\"value-text\">50 \u20ac<\/p><\/td><\/tr><tr class='even prod-row'><td class=\"item prod-row-nolink jcomb-148\"><p class=\"item-text\"><a>Use of motorcycle when retaking a driving test<\/a><\/p><\/td><td class=\"value  onlyval prod-row-nolink jcomb-148\" ><p class=\"value-text\">80 \u20ac<\/p><\/td><\/tr><tr class='odd prod-row'><td class=\"item prod-row-nolink jcomb-149\"><p class=\"item-text\"><a>Use of moped car when retaking a driving test<\/a><\/p><\/td><td class=\"value  onlyval prod-row-nolink jcomb-149\" ><p class=\"value-text\">80 \u20ac<\/p><\/td><\/tr><tr class='even prod-row'><td class=\"item prod-row-nolink jcomb-1410\"><p class=\"item-text\"><a>Use of passenger car when retaking a driving test<\/a><\/p><p class='desc'>Rent of a passenger car for a driving test<\/p><\/td><td class=\"value  onlyval prod-row-nolink jcomb-1410\" ><p class=\"value-text\">100 \u20ac<\/p><\/td><\/tr><tr class='odd prod-row'><td class=\"item prod-row-nolink jcomb-1411\"><p class=\"item-text\"><a>Health based driving evaluation<\/a><\/p><\/td><td class=\"value  onlyval prod-row-nolink jcomb-1411\" ><p class=\"value-text\">180 \u20ac<\/p><\/td><\/tr><tr class='even prod-row'><td class=\"item prod-row-nolink jcomb-1412\"><p class=\"item-text\"><a>Driving ban course<\/a><\/p><\/td><td class=\"value  onlyval prod-row-nolink jcomb-1412\" ><p class=\"value-text\">163 \u20ac<\/p><\/td><\/tr><\/tbody><\/table\/><\/div>\n<\/div>\n\n\n\n<div class=\"wp-block-column is-layout-flow wp-block-column-is-layout-flow\">\n<div id=\"edxpd-menu13\" class=\"edxpd-menu menu-id-13\"><h2 class=\"edxpd-menu-header\">Ajovarma<\/h2><p class=\"edxpd-menu-description\">Prices at ajovarma<\/p><table class='edxpd-table'><tbody><tr class='odd prod-row'><td class=\"item prod-row-nolink jcomb-131\"><p class=\"item-text\"><a>Driving license permit application<\/a><\/p><\/td><td class=\"value  onlyval prod-row-nolink jcomb-131\" ><p class=\"value-text\">45 \u20ac<\/p><\/td><\/tr><tr class='even prod-row'><td class=\"item prod-row-nolink jcomb-132\"><p class=\"item-text\"><a>Driving license permit application, Online<\/a><\/p><\/td><td class=\"value  onlyval prod-row-nolink jcomb-132\" ><p class=\"value-text\">28 \u20ac<\/p><\/td><\/tr><tr class='odd prod-row'><td class=\"item prod-row-nolink jcomb-133\"><p class=\"item-text\"><a>Theory exam<\/a><\/p><\/td><td class=\"value  onlyval prod-row-nolink jcomb-133\" ><p class=\"value-text\">46 \u20ac<\/p><\/td><\/tr><tr class='even prod-row'><td class=\"item prod-row-nolink jcomb-134\"><p class=\"item-text\"><a>Driving test, B-Class<\/a><\/p><p class='desc'>Driving test with a passenger car<\/p><\/td><td class=\"value  onlyval prod-row-nolink jcomb-134\" ><p class=\"value-text\">110 \u20ac<\/p><\/td><\/tr><tr class='odd prod-row'><td class=\"item prod-row-nolink jcomb-135\"><p class=\"item-text\"><a>Driving test, Commercial vehicles<\/a><\/p><p class='desc'>BE-, C1-, C-, D1- and D-class vehicles<\/p><\/td><td class=\"value  onlyval prod-row-nolink jcomb-135\" ><p class=\"value-text\">125 \u20ac<\/p><\/td><\/tr><tr class='even prod-row'><td class=\"item prod-row-nolink jcomb-136\"><p class=\"item-text\"><a>Driving test, E-classes<\/a><\/p><p class='desc'>C1E-, CE-, D1E- and DE-class vehicles<\/p><\/td><td class=\"value  onlyval prod-row-nolink jcomb-136\" ><p class=\"value-text\">140 \u20ac<\/p><\/td><\/tr><tr class='odd prod-row'><td class=\"item prod-row-nolink jcomb-137\"><p class=\"item-text\"><a>Driving test, Moped car and Motorcycle<\/a><\/p><p class='desc'>AM\/121-, A1-, A2- and A-class vehicles<\/p><\/td><td class=\"value  onlyval prod-row-nolink jcomb-137\" ><p class=\"value-text\">85 \u20ac<\/p><\/td><\/tr><tr class='even prod-row'><td class=\"item prod-row-nolink jcomb-138\"><p class=\"item-text\"><a>Driving test, B\/96<\/a><\/p><p class='desc'>Driving test with a B\/96-class vehicle<\/p><\/td><td class=\"value  onlyval prod-row-nolink jcomb-138\" ><p class=\"value-text\">85 \u20ac<\/p><\/td><\/tr><tr class='odd prod-row'><td class=\"item prod-row-nolink jcomb-139\"><p class=\"item-text\"><a>Moped handling test<\/a><\/p><p class='desc'>AM120 -class<\/p><\/td><td class=\"value  onlyval prod-row-nolink jcomb-139\" ><p class=\"value-text\">36 \u20ac<\/p><\/td><\/tr><tr class='even prod-row'><td class=\"item prod-row-nolink jcomb-1310\"><p class=\"item-text\"><a>Handling test retake, Motorcycle<\/a><\/p><p class='desc'>A1-, A2- and A-classes<\/p><\/td><td class=\"value  onlyval prod-row-nolink jcomb-1310\" ><p class=\"value-text\">32 \u20ac<\/p><\/td><\/tr><\/tbody><\/table\/><\/div>\n<\/div>\n<\/div>\n\n\n\n<hr class=\"wp-block-separator has-alpha-channel-opacity is-style-wide\"\/>\n\n\n\n<div style=\"height:67px\" aria-hidden=\"true\" class=\"wp-block-spacer is-style-visible-spacer\"><\/div>\n\n\n\n<div class=\"wp-block-group is-style-pricegrid\"><div class=\"wp-block-group__inner-container is-layout-constrained wp-block-group-is-layout-constrained\">\n                                \r\n                                                                                                 \r\n                <div class=\"card-container card-pricetag\">\r\n                    <div class=\"card card-dark\">\r\n                                                <div class=\"card-img-top card-img-dark\">                            <!-- <img decoding=\"async\" src=\"https:\/\/easydriver.fi\/turku\/wp-content\/plugins\/easy-hinnasto\/images\/lines2_bajo.png\" alt=\"\" class=\"card-img-type\"> -->\r\n                            <div class=\"card-body card-body-name card-body-dark\">\r\n                            <h5 class=\"card-title\">Lis\u00e4ajopaketti 1 <br \/> (5 ajotuntia)<\/h5>\r\n                                                    <\/div>\r\n                        <\/div>\r\n                        \r\n                        <div class=\"card-body card-body-price\">\r\n                            <p>400 \u20ac<\/p>\r\n\r\n                        <\/div>\r\n                        \r\n                        <ul class=\"list-group list-group-flush card-list-bg\">\r\n                                                        <li class=\"list-group-item icon-grid\">\r\n                                <div class=\"icon-cell-1\" title=\"Ajotunnit\"><i class=\"fa fa-car\"><\/i>5<\/div>\r\n                                <div class=\"icon-cell-2 noContent\">\r\n                                                                    <\/div>\r\n                                <div class=\"icon-cell-3\" title=\"Teoriatunnit\">-<i class=\"fa fa-book\"><\/i><\/div>\r\n                            <\/li>\r\n                                                        <li class=\"list-group-item\"><i class=\"fa fa-check\"><\/i>B-kurssia suorittaville<\/li>\r\n                            <li class=\"list-group-item\"><i class=\"fa fa-phone\"><\/i> Call for more info<\/li>\r\n                            <div class=\"quickview-container\" data-expenses=\"Katso kuluerittely\" data-taglang=\"fi\">\r\n                                <!-- wp:list -->\n<ul class=\"pricetag-quickview\"><!-- wp:list-item -->\n<li><i class=\"fa fa-check-square list-quickview\"><\/i>5 ajotuntia<\/li>\n<!-- \/wp:list-item --><\/ul>\n<!-- \/wp:list -->                            <\/div>\r\n                        <\/ul>\r\n                                                <div class=\"card-body card-body-footer card-body-footer-normal\">\r\n                            <a href=\"tel:0408382268\" class=\"d-flex flex-grow-1 productTrigger\" onclick=\"gtag_report_conversion('tel:0408382268'); false;\"><button type=\"button\" class=\"btn btn-pricetag\" data-tuotenimi=\"Lis\u00e4ajopaketti 1 <br \/> (5 ajotuntia)\" data-tuoteUid=\"187\" data-tuoteCity=\"Turku\">Call now: 040 8382 268<\/button><\/a>                        <\/div>\r\n                    <\/div>\r\n                <\/div>\n\n\n\n                                \r\n                                                                                                 \r\n                <div class=\"card-container card-pricetag\">\r\n                    <div class=\"card card-dark\">\r\n                                                <div class=\"card-img-top card-img-dark\">                            <!-- <img decoding=\"async\" src=\"https:\/\/easydriver.fi\/turku\/wp-content\/plugins\/easy-hinnasto\/images\/lines2_bajo.png\" alt=\"\" class=\"card-img-type\"> -->\r\n                            <div class=\"card-body card-body-name card-body-dark\">\r\n                            <h5 class=\"card-title\">Lis\u00e4ajopaketti 2 <br \/> (3 ajotuntia)<\/h5>\r\n                                                    <\/div>\r\n                        <\/div>\r\n                        \r\n                        <div class=\"card-body card-body-price\">\r\n                            <p>240 \u20ac<\/p>\r\n\r\n                        <\/div>\r\n                        \r\n                        <ul class=\"list-group list-group-flush card-list-bg\">\r\n                                                        <li class=\"list-group-item icon-grid\">\r\n                                <div class=\"icon-cell-1\" title=\"Ajotunnit\"><i class=\"fa fa-car\"><\/i>3<\/div>\r\n                                <div class=\"icon-cell-2 noContent\">\r\n                                                                    <\/div>\r\n                                <div class=\"icon-cell-3\" title=\"Teoriatunnit\">-<i class=\"fa fa-book\"><\/i><\/div>\r\n                            <\/li>\r\n                                                        <li class=\"list-group-item\"><i class=\"fa fa-check\"><\/i>B-kurssia suorittaville<\/li>\r\n                            <li class=\"list-group-item\"><i class=\"fa fa-phone\"><\/i> Call for more info<\/li>\r\n                            <div class=\"quickview-container\" data-expenses=\"Katso kuluerittely\" data-taglang=\"fi\">\r\n                                <!-- wp:list -->\n<ul class=\"pricetag-quickview\"><!-- wp:list-item -->\n<li><i class=\"fa fa-check-square list-quickview\"><\/i>3 ajotuntia<\/li>\n<!-- \/wp:list-item --><\/ul>\n<!-- \/wp:list -->\n\n<!-- wp:paragraph -->\n<p>Voit yhdist\u00e4\u00e4 lis\u00e4ajot kumpaan tahansa B- kurssin Pakettiin<\/p>\n<!-- \/wp:paragraph -->                            <\/div>\r\n                        <\/ul>\r\n                                                <div class=\"card-body card-body-footer card-body-footer-normal\">\r\n                            <a href=\"tel:0408382268\" class=\"d-flex flex-grow-1 productTrigger\" onclick=\"gtag_report_conversion('tel:0408382268'); false;\"><button type=\"button\" class=\"btn btn-pricetag\" data-tuotenimi=\"Lis\u00e4ajopaketti 2 <br \/> (3 ajotuntia)\" data-tuoteUid=\"188\" data-tuoteCity=\"Turku\">Call now: 040 8382 268<\/button><\/a>                        <\/div>\r\n                    <\/div>\r\n                <\/div>\n\n\n\n                                \r\n                                                                                                 \r\n                <div class=\"card-container card-pricetag\">\r\n                    <div class=\"card card-dark\">\r\n                                                <div class=\"card-img-top card-img-dark\">                            <!-- <img decoding=\"async\" src=\"https:\/\/easydriver.fi\/turku\/wp-content\/plugins\/easy-hinnasto\/images\/lines2_palvelut.png\" alt=\"\" class=\"card-img-type\"> -->\r\n                            <div class=\"card-body card-body-name card-body-dark\">\r\n                            <h5 class=\"card-title\">Ajonarviointi<\/h5>\r\n                                                    <\/div>\r\n                        <\/div>\r\n                        \r\n                        <div class=\"card-body card-body-price\">\r\n                            <p>160 \u20ac<\/p>\r\n\r\n                        <\/div>\r\n                        \r\n                        <ul class=\"list-group list-group-flush card-list-bg\">\r\n                                                        <li class=\"list-group-item icon-grid\">\r\n                                <div class=\"icon-cell-1\" title=\"Ajotunnit\"><i class=\"fa fa-car\"><\/i>-<\/div>\r\n                                <div class=\"icon-cell-2 noContent\">\r\n                                                                    <\/div>\r\n                                <div class=\"icon-cell-3\" title=\"Teoriatunnit\">-<i class=\"fa fa-book\"><\/i><\/div>\r\n                            <\/li>\r\n                                                        <li class=\"list-group-item\"><i class=\"fa fa-check\"><\/i>Call for more info<\/li>\r\n                            <li class=\"list-group-item\"><i class=\"fa fa-angle-double-right\"><\/i> <a class=\"show-quickview\">katso kurssin sis\u00e4lt\u00f6<\/a><\/li>\r\n                            <div class=\"quickview-container\" data-expenses=\"Katso kuluerittely\" data-taglang=\"fi\">\r\n                                <!-- wp:paragraph -->\n<p>Terveysperusteinen ajokyvyn arviointi.<\/p>\n<!-- \/wp:paragraph -->                            <\/div>\r\n                        <\/ul>\r\n                                                <div class=\"card-body card-body-footer card-body-footer-normal\">\r\n                            <a href=\"tel:0408382268\" class=\"d-flex flex-grow-1 productTrigger\" onclick=\"gtag_report_conversion('tel:0408382268'); false;\"><button type=\"button\" class=\"btn btn-pricetag\" data-tuotenimi=\"Ajonarviointi\" data-tuoteUid=\"189\" data-tuoteCity=\"Turku\">Call now: 040 8382 268<\/button><\/a>                        <\/div>\r\n                    <\/div>\r\n                <\/div>\n\n\n\n\n<\/div><\/div>\n\n\n\n<div id=\"tietoa-palveluista\" class=\"wp-block-gosign-gosign-background-container gosign-color-section btn-full align-false default-padding no-margin custom-width no-min-height lightColorLayout no-top-border no-bottom-border colorSectionFe background-fixed background-cover overlay-true defined-width\"><div class=\"outer-container background-fixed\" style=\"background-image:url(https:\/\/easydriver.fi\/wp-content\/uploads\/2023\/01\/kouluajo_3.jpg);padding-top:60px;padding-bottom:60px;padding-left:40px;padding-right:40px;background-position:0% 0%;background-attachment:fixed\"><div class=\"overBg\" style=\"background-color:#000000;opacity:0.6\"><\/div><div class=\"inner-container\"><div class=\"contentBlock\" style=\"max-width:1170px\">\n\n<div class=\"wp-block-group\"><div class=\"wp-block-group__inner-container is-layout-constrained wp-block-group-is-layout-constrained\">\n<h2 class=\"wp-block-heading has-text-align-center\" id=\"maksutavat\">Easylla maksat kurssit joustavasti<\/h2>\n\n\n\n<p class=\"has-medium-font-size\">Kurssilaskun voit maksaa my\u00f6s helposti luotto- tai osamaksulla. Tutustu kattaviin maksutapoihimme alla olevasta linkist\u00e4. Maksutavoista saat my\u00f6s lis\u00e4tietoja ottamalla yhteytt\u00e4 toimipisteellemme.<\/p>\n\n\n\n<div class=\"wp-block-buttons is-style-button-generic-grid is-content-justification-center is-layout-flex wp-container-core-buttons-is-layout-16018d1d wp-block-buttons-is-layout-flex\">\n<div class=\"wp-block-button is-style-full-width-button\"><a class=\"wp-block-button__link has-black-background-color has-text-color has-background wp-element-button\" href=\"https:\/\/easydriver.fi\/maksutavat\" style=\"border-radius:20px;color:#ffff00\">Tutustu maksutapoihin ja toimitusehtoihin<\/a><\/div>\n<\/div>\n\n\n\n<div style=\"height:35px\" aria-hidden=\"true\" class=\"wp-block-spacer\"><\/div>\n\n\n\n<hr class=\"wp-block-separator has-text-color has-alpha-channel-opacity has-background is-style-wide\" style=\"background-color:#ffff00;color:#ffff00\"\/>\n\n\n\n<div style=\"height:35px\" aria-hidden=\"true\" class=\"wp-block-spacer\"><\/div>\n<\/div><\/div>\n\n\n\n\n<h2 class=\"has-text-align-center wp-block-heading\">Driving school services from Easy Driver<\/h2>\n\n\n\n<p class=\"has-text-align-center has-medium-font-size\">Fees for govenrment services are not included in the course packages but are paid separately to Ajovarma Oy.<\/p>\n\n\n\n<p class=\"has-medium-font-size\">Haven&#8217;t driven in a while? Don&#8217;t worry, we can give you one or more driving lessons as a refresher. Vehicles range from manual to automatic transmission.<\/p>\n\n\n\n<p class=\"has-text-align-center has-medium-font-size\"><strong>More information about our services on  040 8382 268<\/strong><\/p>\n<\/div><\/div><\/div><\/div>\n","protected":false},"excerpt":{"rendered":"","protected":false},"author":1,"featured_media":0,"parent":4205,"menu_order":0,"comment_status":"closed","ping_status":"closed","template":"","meta":{"footnotes":""},"class_list":["post-4207","page","type-page","status-publish","hentry"],"_links":{"self":[{"href":"https:\/\/easydriver.fi\/turku\/wp-json\/wp\/v2\/pages\/4207","targetHints":{"allow":["GET"]}}],"collection":[{"href":"https:\/\/easydriver.fi\/turku\/wp-json\/wp\/v2\/pages"}],"about":[{"href":"https:\/\/easydriver.fi\/turku\/wp-json\/wp\/v2\/types\/page"}],"author":[{"embeddable":true,"href":"https:\/\/easydriver.fi\/turku\/wp-json\/wp\/v2\/users\/1"}],"replies":[{"embeddable":true,"href":"https:\/\/easydriver.fi\/turku\/wp-json\/wp\/v2\/comments?post=4207"}],"version-history":[{"count":5,"href":"https:\/\/easydriver.fi\/turku\/wp-json\/wp\/v2\/pages\/4207\/revisions"}],"predecessor-version":[{"id":4939,"href":"https:\/\/easydriver.fi\/turku\/wp-json\/wp\/v2\/pages\/4207\/revisions\/4939"}],"up":[{"embeddable":true,"href":"https:\/\/easydriver.fi\/turku\/wp-json\/wp\/v2\/pages\/4205"}],"wp:attachment":[{"href":"https:\/\/easydriver.fi\/turku\/wp-json\/wp\/v2\/media?parent=4207"}],"curies":[{"name":"wp","href":"https:\/\/api.w.org\/{rel}","templated":true}]}}