{"id":4207,"date":"2022-10-31T18:15:53","date_gmt":"2022-10-31T16:15:53","guid":{"rendered":"https:\/\/easydriver.fi\/raisio\/muut-palvelut\/"},"modified":"2025-12-31T12:44:53","modified_gmt":"2025-12-31T10:44:53","slug":"muut-palvelut","status":"publish","type":"page","link":"https:\/\/easydriver.fi\/raisio\/kurssi\/muut-palvelut\/","title":{"rendered":"Muut palvelut"},"content":{"rendered":"\n\n\n<div id=\"\" class=\"wp-block-gosign-gosign-background-container gosign-color-section btn-full align-false default-padding no-margin full-width no-min-height lightColorLayout no-top-border no-bottom-border colorSectionFe background-scroll background-repeat overlay-false defined-width\"><div class=\"outer-container background-scroll\" style=\"background-repeat:repeat;background-color:#000000\"><div class=\"inner-container\"><div class=\"contentBlock\">\n<h2 class=\"has-text-align-center has-text-color wp-block-heading\" style=\"color:#fff000\">Muut palvelut<\/h2>\n<\/div><\/div><\/div><\/div>\n\n\n\n<div style=\"height:36px\" aria-hidden=\"true\" class=\"wp-block-spacer is-style-visible-spacer\"><\/div>\n\n\n\n<div class=\"wp-block-buttons is-layout-flex wp-block-buttons-is-layout-flex\">\n<div class=\"wp-block-button is-style-button-kaupungit\"><a class=\"wp-block-button__link wp-element-button\" href=\"#tietoa-kursseista\">Katso lis\u00e4tietoja PALVELUISTA<\/a><\/div>\n<\/div>\n\n\n\n<div style=\"height:50px\" aria-hidden=\"true\" class=\"wp-block-spacer is-style-visible-spacer\"><\/div>\n\n\n\n<div class=\"wp-block-columns is-layout-flex wp-container-core-columns-is-layout-9d6595d7 wp-block-columns-is-layout-flex\">\n<div class=\"wp-block-column is-layout-flow wp-block-column-is-layout-flow\">\n<div id=\"edxpd-menu9\" class=\"edxpd-menu menu-id-9\"><h2 class=\"edxpd-menu-header\">Muut autokoulupalvelut<\/h2><p class=\"edxpd-menu-description\">Kaikki muut lis\u00e4palvelut autokoulusta.<\/p><table class='edxpd-table'><thead class='col-headers'><tr><th>Tuote<\/th><th class='value-1'>Hinta<\/th><th class='value-2'>Kuluineen<\/th><\/tr><\/thead><tbody><tr class='odd prod-row'><td class=\"item prod-row-nolink jcomb-91\"><p class=\"item-text\"><a>S\u00e4hk\u00f6inen oppimisymp\u00e4rist\u00f6<\/a><\/p><p class='desc'>EAS kurssin s\u00e4hk\u00f6inen oppimisymp\u00e4rist\u00f6<\/p><\/td><td class=\"value  prod-row-nolink jcomb-91\" ><p class=\"value-text\">45 \u20ac<\/p><\/td><td class=\"value  jcomb-91\" ><p class=\"value-text\">45 \u20ac<\/p><\/td><\/tr><tr class='even prod-row'><td class=\"item prod-row-nolink jcomb-92\"><p class=\"item-text\"><a>Lis\u00e4ajotunti henkil\u00f6autolla<\/a><\/p><p class='desc'>Lis\u00e4ajotunnin hinta autolla<\/p><\/td><td class=\"value  prod-row-nolink jcomb-92\" ><p class=\"value-text\">90 \u20ac<\/p><\/td><td class=\"value  jcomb-92\" ><p class=\"value-text\">90 \u20ac<\/p><\/td><\/tr><tr class='odd prod-row'><td class=\"item prod-row-nolink jcomb-93\"><p class=\"item-text\"><a>Lis\u00e4ajotunti simulaattorilla<\/a><\/p><p class='desc'>Lis\u00e4ajotunnin hinta simulaattorilla<\/p><\/td><td class=\"value  prod-row-nolink jcomb-93\" ><p class=\"value-text\">50 \u20ac<\/p><\/td><td class=\"value  jcomb-93\" ><p class=\"value-text\">50 \u20ac<\/p><\/td><\/tr><tr class='even prod-row'><td class=\"item prod-row-nolink jcomb-94\"><p class=\"item-text\"><a>Lis\u00e4ajotunti mopolla<\/a><\/p><p class='desc'>Lis\u00e4ajotunnit AM120 kortille<\/p><\/td><td class=\"value  prod-row-nolink jcomb-94\" ><p class=\"value-text\">75 \u20ac<\/p><\/td><td class=\"value  jcomb-94\" ><p class=\"value-text\">75 \u20ac<\/p><\/td><\/tr><tr class='odd prod-row'><td class=\"item prod-row-nolink jcomb-95\"><p class=\"item-text\"><a>Lis\u00e4ajotunti mopoautolla<\/a><\/p><p class='desc'>Lis\u00e4ajotunti AM121-kortille<\/p><\/td><td class=\"value  prod-row-nolink jcomb-95\" ><p class=\"value-text\">75 \u20ac<\/p><\/td><td class=\"value  jcomb-95\" ><p class=\"value-text\">75 \u20ac<\/p><\/td><\/tr><tr class='even prod-row'><td class=\"item prod-row-nolink jcomb-96\"><p class=\"item-text\"><a>Lis\u00e4ajotunti moottoripy\u00f6r\u00e4ll\u00e4<\/a><\/p><p class='desc'>Lis\u00e4ajotunti A-korteille<\/p><\/td><td class=\"value  prod-row-nolink jcomb-96\" ><p class=\"value-text\">90 \u20ac<\/p><\/td><td class=\"value  jcomb-96\" ><p class=\"value-text\">90 \u20ac<\/p><\/td><\/tr><tr class='odd prod-row'><td class=\"item prod-row-nolink jcomb-97\"><p class=\"item-text\"><a>Mopon k\u00e4ytt\u00f6 uusinta k\u00e4sittelykokeessa<\/a><\/p><p class='desc'>Mopon k\u00e4ytt\u00f6 uusintak\u00e4sittelykokeessa<\/p><\/td><td class=\"value  prod-row-nolink jcomb-97\" ><p class=\"value-text\">50 \u20ac<\/p><\/td><td class=\"value  jcomb-97\" ><p class=\"value-text\">50 \u20ac<\/p><\/td><\/tr><tr class='even prod-row'><td class=\"item prod-row-nolink jcomb-98\"><p class=\"item-text\"><a>Moottoripy\u00f6r\u00e4n k\u00e4ytt\u00f6 uusinta k\u00e4sittelykokeessa<\/a><\/p><\/td><td class=\"value  prod-row-nolink jcomb-98\" ><p class=\"value-text\">50 \u20ac<\/p><\/td><td class=\"value  jcomb-98\" ><p class=\"value-text\">50 \u20ac<\/p><\/td><\/tr><tr class='odd prod-row'><td class=\"item prod-row-nolink jcomb-99\"><p class=\"item-text\"><a>Moottoripy\u00f6r\u00e4n k\u00e4ytt\u00f6 uusinta ajokokeessa<\/a><\/p><\/td><td class=\"value  prod-row-nolink jcomb-99\" ><p class=\"value-text\">80 \u20ac<\/p><\/td><td class=\"value  jcomb-99\" ><p class=\"value-text\">80 \u20ac<\/p><\/td><\/tr><tr class='even prod-row'><td class=\"item prod-row-nolink jcomb-910\"><p class=\"item-text\"><a>Mopoauton k\u00e4ytt\u00f6 uusinta ajokokeessa<\/a><\/p><p class='desc'>Mopoauton k\u00e4ytt\u00f6 uusinta-ajokokeessa<\/p><\/td><td class=\"value  prod-row-nolink jcomb-910\" ><p class=\"value-text\">80 \u20ac<\/p><\/td><td class=\"value  jcomb-910\" ><p class=\"value-text\">80 \u20ac<\/p><\/td><\/tr><tr class='odd prod-row'><td class=\"item prod-row-nolink jcomb-911\"><p class=\"item-text\"><a>Henkil\u00f6auton k\u00e4ytt\u00f6 uusinta ajokokeessa<\/a><\/p><p class='desc'>Henkil\u00f6auton vuokra ajokoetta varten<\/p><\/td><td class=\"value  prod-row-nolink jcomb-911\" ><p class=\"value-text\">100 \u20ac<\/p><\/td><td class=\"value  jcomb-911\" ><p class=\"value-text\">100 \u20ac<\/p><\/td><\/tr><tr class='even prod-row'><td class=\"item prod-row-nolink jcomb-912\"><p class=\"item-text\"><a>Terveysperusteinen ajokyvyn arviointi<\/a><\/p><\/td><td class=\"value  prod-row-nolink jcomb-912\" ><p class=\"value-text\">180 \u20ac<\/p><\/td><td class=\"value  jcomb-912\" ><p class=\"value-text\">180\u20ac<\/p><\/td><\/tr><\/tbody><\/table\/><\/div>\n<\/div>\n\n\n\n<div class=\"wp-block-column is-layout-flow wp-block-column-is-layout-flow\">\n<div id=\"edxpd-menu6\" class=\"edxpd-menu menu-id-6\"><h2 class=\"edxpd-menu-header\">Ajovarma<\/h2><p class=\"edxpd-menu-description\">Ajovarman tuotteet ja palvelut<\/p><table class='edxpd-table'><thead class='col-headers'><tr><th>Tuote<\/th><th class='value-1'>Hinta<\/th><\/tr><\/thead><tbody><tr class='odd prod-row'><td class=\"item prod-row-nolink jcomb-61\"><p class=\"item-text\"><a>Ajokorttilupamaksu<\/a><\/p><\/td><td class=\"value  onlyval prod-row-nolink jcomb-61\" ><p class=\"value-text\">45 \u20ac<\/p><\/td><\/tr><tr class='even prod-row'><td class=\"item prod-row-nolink jcomb-62\"><p class=\"item-text\"><a>Ajokorttilupamaksu, S\u00e4hk\u00f6isesti<\/a><\/p><\/td><td class=\"value  onlyval prod-row-nolink jcomb-62\" ><p class=\"value-text\">28 \u20ac<\/p><\/td><\/tr><tr class='odd prod-row'><td class=\"item prod-row-nolink jcomb-63\"><p class=\"item-text\"><a>Teoriakoe<\/a><\/p><\/td><td class=\"value  onlyval prod-row-nolink jcomb-63\" ><p class=\"value-text\">46 \u20ac<\/p><\/td><\/tr><tr class='even prod-row'><td class=\"item prod-row-nolink jcomb-64\"><p class=\"item-text\"><a>Ajokoe, B-Luokka<\/a><\/p><p class='desc'>Ajokoe B-luokan ajoneuvolla<\/p><\/td><td class=\"value  onlyval prod-row-nolink jcomb-64\" ><p class=\"value-text\">110 \u20ac<\/p><\/td><\/tr><tr class='odd prod-row'><td class=\"item prod-row-nolink jcomb-65\"><p class=\"item-text\"><a>Ajokoe, Raskas kalusto<\/a><\/p><p class='desc'>BE-, C1-, C-, D1- tai D-luokan ajoneuvoilla<\/p><\/td><td class=\"value  onlyval prod-row-nolink jcomb-65\" ><p class=\"value-text\">125 \u20ac<\/p><\/td><\/tr><tr class='even prod-row'><td class=\"item prod-row-nolink jcomb-66\"><p class=\"item-text\"><a>Ajokoe, E-luokat<\/a><\/p><p class='desc'>C1E-, CE-, D1E- tai DE-luokan ajoneuvolla.<\/p><\/td><td class=\"value  onlyval prod-row-nolink jcomb-66\" ><p class=\"value-text\">140 \u20ac<\/p><\/td><\/tr><tr class='odd prod-row'><td class=\"item prod-row-nolink jcomb-67\"><p class=\"item-text\"><a>Ajokoe, Mopoauto ja MP<\/a><\/p><p class='desc'>AM\/121-, A1-, A2- tai A-luokan ajoneuvolla<\/p><\/td><td class=\"value  onlyval prod-row-nolink jcomb-67\" ><p class=\"value-text\">85 \u20ac<\/p><\/td><\/tr><tr class='even prod-row'><td class=\"item prod-row-nolink jcomb-68\"><p class=\"item-text\"><a>Ajokoe, B\/96<\/a><\/p><p class='desc'>Ajokoe B\/96-luokan ajoneuvolla<\/p><\/td><td class=\"value  onlyval prod-row-nolink jcomb-68\" ><p class=\"value-text\">85 \u20ac<\/p><\/td><\/tr><tr class='odd prod-row'><td class=\"item prod-row-nolink jcomb-69\"><p class=\"item-text\"><a>Mopon k\u00e4sittelykoe<\/a><\/p><p class='desc'>AM120 -luokka<\/p><\/td><td class=\"value  onlyval prod-row-nolink jcomb-69\" ><p class=\"value-text\">36 \u20ac<\/p><\/td><\/tr><tr class='even prod-row'><td class=\"item prod-row-nolink jcomb-610\"><p class=\"item-text\"><a>K\u00e4sittelykokeen uusinta, MP<\/a><\/p><p class='desc'>A1-, A2- tai A-luokka<\/p><\/td><td class=\"value  onlyval prod-row-nolink jcomb-610\" ><p class=\"value-text\">32 \u20ac<\/p><\/td><\/tr><\/tbody><\/table\/><\/div>\n<\/div>\n<\/div>\n\n\n\n<hr class=\"wp-block-separator has-alpha-channel-opacity is-style-wide\"\/>\n\n\n\n<div style=\"height:67px\" aria-hidden=\"true\" class=\"wp-block-spacer is-style-visible-spacer\"><\/div>\n\n\n\n<div class=\"wp-block-group is-style-pricegrid\"><div class=\"wp-block-group__inner-container is-layout-constrained wp-block-group-is-layout-constrained\">\n                                \r\n                                                                                                 \r\n                <div class=\"card-container card-pricetag\">\r\n                    <div class=\"card card-dark\">\r\n                                                <div class=\"card-img-top card-img-dark\">                            <!-- <img decoding=\"async\" src=\"https:\/\/easydriver.fi\/raisio\/wp-content\/plugins\/easy-hinnasto\/images\/lines2_bajo.png\" alt=\"\" class=\"card-img-type\"> -->\r\n                            <div class=\"card-body card-body-name card-body-dark\">\r\n                            <h5 class=\"card-title\">Lis\u00e4ajopaketti 1 <br \/> (5 ajotuntia)<\/h5>\r\n                                                    <\/div>\r\n                        <\/div>\r\n                        \r\n                        <div class=\"card-body card-body-price\">\r\n                            <p>400 \u20ac<\/p>\r\n\r\n                        <\/div>\r\n                        \r\n                        <ul class=\"list-group list-group-flush card-list-bg\">\r\n                                                        <li class=\"list-group-item icon-grid\">\r\n                                <div class=\"icon-cell-1\" title=\"Ajotunnit\"><i class=\"fa fa-car\"><\/i>5<\/div>\r\n                                <div class=\"icon-cell-2 noContent\">\r\n                                                                    <\/div>\r\n                                <div class=\"icon-cell-3\" title=\"Teoriatunnit\">-<i class=\"fa fa-book\"><\/i><\/div>\r\n                            <\/li>\r\n                                                        <li class=\"list-group-item\"><i class=\"fa fa-check\"><\/i>B-kurssia suorittaville<\/li>\r\n                            <li class=\"list-group-item\"><i class=\"fa fa-phone\"><\/i> Soita ja kysy lis\u00e4\u00e4<\/li>\r\n                            <div class=\"quickview-container\" data-expenses=\"Katso kuluerittely\" data-taglang=\"fi\">\r\n                                <!-- wp:list -->\n<ul class=\"pricetag-quickview\"><!-- wp:list-item -->\n<li><i class=\"fa fa-check-square list-quickview\"><\/i>5 ajotuntia<\/li>\n<!-- \/wp:list-item --><\/ul>\n<!-- \/wp:list -->                            <\/div>\r\n                        <\/ul>\r\n                                                <div class=\"card-body card-body-footer card-body-footer-normal\">\r\n                            <a href=\"tel:0403565920\" class=\"d-flex flex-grow-1 productTrigger\" onclick=\"gtag_report_conversion('tel:0403565920'); false;\"><button type=\"button\" class=\"btn btn-pricetag\" data-tuotenimi=\"Lis\u00e4ajopaketti 1 <br \/> (5 ajotuntia)\" data-tuoteUid=\"90\" data-tuoteCity=\"Raisio\">Soita nyt: 040 3565 920<\/button><\/a>                        <\/div>\r\n                    <\/div>\r\n                <\/div>\n\n\n\n                                \r\n                                                                                                 \r\n                <div class=\"card-container card-pricetag\">\r\n                    <div class=\"card card-dark\">\r\n                                                <div class=\"card-img-top card-img-dark\">                            <!-- <img decoding=\"async\" src=\"https:\/\/easydriver.fi\/raisio\/wp-content\/plugins\/easy-hinnasto\/images\/lines2_bajo.png\" alt=\"\" class=\"card-img-type\"> -->\r\n                            <div class=\"card-body card-body-name card-body-dark\">\r\n                            <h5 class=\"card-title\">Lis\u00e4ajopaketti 2 <br \/> (3 ajotuntia)<\/h5>\r\n                                                    <\/div>\r\n                        <\/div>\r\n                        \r\n                        <div class=\"card-body card-body-price\">\r\n                            <p>240 \u20ac<\/p>\r\n\r\n                        <\/div>\r\n                        \r\n                        <ul class=\"list-group list-group-flush card-list-bg\">\r\n                                                        <li class=\"list-group-item icon-grid\">\r\n                                <div class=\"icon-cell-1\" title=\"Ajotunnit\"><i class=\"fa fa-car\"><\/i>3<\/div>\r\n                                <div class=\"icon-cell-2 noContent\">\r\n                                                                    <\/div>\r\n                                <div class=\"icon-cell-3\" title=\"Teoriatunnit\">-<i class=\"fa fa-book\"><\/i><\/div>\r\n                            <\/li>\r\n                                                        <li class=\"list-group-item\"><i class=\"fa fa-check\"><\/i>B-kurssia suorittaville<\/li>\r\n                            <li class=\"list-group-item\"><i class=\"fa fa-phone\"><\/i> Soita ja kysy lis\u00e4\u00e4<\/li>\r\n                            <div class=\"quickview-container\" data-expenses=\"Katso kuluerittely\" data-taglang=\"fi\">\r\n                                <!-- wp:list -->\n<ul class=\"pricetag-quickview\"><!-- wp:list-item -->\n<li><i class=\"fa fa-check-square list-quickview\"><\/i>3 ajotuntia<\/li>\n<!-- \/wp:list-item --><\/ul>\n<!-- \/wp:list -->\n\n<!-- wp:paragraph -->\n<p>Voit yhdist\u00e4\u00e4 lis\u00e4ajot kumpaan tahansa B- kurssin Pakettiin<\/p>\n<!-- \/wp:paragraph -->                            <\/div>\r\n                        <\/ul>\r\n                                                <div class=\"card-body card-body-footer card-body-footer-normal\">\r\n                            <a href=\"tel:0403565920\" class=\"d-flex flex-grow-1 productTrigger\" onclick=\"gtag_report_conversion('tel:0403565920'); false;\"><button type=\"button\" class=\"btn btn-pricetag\" data-tuotenimi=\"Lis\u00e4ajopaketti 2 <br \/> (3 ajotuntia)\" data-tuoteUid=\"91\" data-tuoteCity=\"Raisio\">Soita nyt: 040 3565 920<\/button><\/a>                        <\/div>\r\n                    <\/div>\r\n                <\/div>\n\n\n\n                                \r\n                                                                                                 \r\n                <div class=\"card-container card-pricetag\">\r\n                    <div class=\"card card-dark\">\r\n                                                <div class=\"card-img-top card-img-dark\">                            <!-- <img decoding=\"async\" src=\"https:\/\/easydriver.fi\/raisio\/wp-content\/plugins\/easy-hinnasto\/images\/lines2_palvelut.png\" alt=\"\" class=\"card-img-type\"> -->\r\n                            <div class=\"card-body card-body-name card-body-dark\">\r\n                            <h5 class=\"card-title\">Ajonarviointi<\/h5>\r\n                                                    <\/div>\r\n                        <\/div>\r\n                        \r\n                        <div class=\"card-body card-body-price\">\r\n                            <p>160 \u20ac<\/p>\r\n\r\n                        <\/div>\r\n                        \r\n                        <ul class=\"list-group list-group-flush card-list-bg\">\r\n                                                        <li class=\"list-group-item icon-grid\">\r\n                                <div class=\"icon-cell-1\" title=\"Ajotunnit\"><i class=\"fa fa-car\"><\/i>-<\/div>\r\n                                <div class=\"icon-cell-2 noContent\">\r\n                                                                    <\/div>\r\n                                <div class=\"icon-cell-3\" title=\"Teoriatunnit\">-<i class=\"fa fa-book\"><\/i><\/div>\r\n                            <\/li>\r\n                                                        <li class=\"list-group-item\"><i class=\"fa fa-check\"><\/i>Soita ja kysy lis\u00e4\u00e4<\/li>\r\n                            <li class=\"list-group-item\"><i class=\"fa fa-angle-double-right\"><\/i> <a class=\"show-quickview\">katso kurssin sis\u00e4lt\u00f6<\/a><\/li>\r\n                            <div class=\"quickview-container\" data-expenses=\"Katso kuluerittely\" data-taglang=\"fi\">\r\n                                <!-- wp:paragraph -->\n<p>Terveysperusteinen ajokyvyn arviointi.<\/p>\n<!-- \/wp:paragraph -->                            <\/div>\r\n                        <\/ul>\r\n                                                <div class=\"card-body card-body-footer card-body-footer-normal\">\r\n                            <a href=\"tel:0403565920\" class=\"d-flex flex-grow-1 productTrigger\" onclick=\"gtag_report_conversion('tel:0403565920'); false;\"><button type=\"button\" class=\"btn btn-pricetag\" data-tuotenimi=\"Ajonarviointi\" data-tuoteUid=\"92\" data-tuoteCity=\"Raisio\">Soita nyt: 040 3565 920<\/button><\/a>                        <\/div>\r\n                    <\/div>\r\n                <\/div>\n\n\n\n\n<\/div><\/div>\n\n\n\n<div id=\"tietoa-kursseista\" class=\"wp-block-gosign-gosign-background-container gosign-color-section btn-full align-false default-padding no-margin custom-width no-min-height lightColorLayout no-top-border no-bottom-border colorSectionFe background-fixed background-cover overlay-true defined-width\"><div class=\"outer-container background-fixed\" style=\"background-image:url(https:\/\/easydriver.fi\/wp-content\/uploads\/2023\/01\/kouluajo_3.jpg);padding-top:60px;padding-bottom:60px;padding-left:40px;padding-right:40px;background-position:0% 0%;background-attachment:fixed\"><div class=\"overBg\" style=\"background-color:#000000;opacity:0.6\"><\/div><div class=\"inner-container\"><div class=\"contentBlock\" style=\"max-width:1170px\">\r\n\n<div class=\"wp-block-group\"><div class=\"wp-block-group__inner-container is-layout-constrained wp-block-group-is-layout-constrained\">\n<h2 class=\"wp-block-heading has-text-align-center\" id=\"maksutavat\">Easylla maksat kurssit joustavasti<\/h2>\n\n\n\n<p class=\"has-medium-font-size\">Kurssilaskun voit maksaa my\u00f6s helposti luotto- tai osamaksulla. Tutustu kattaviin maksutapoihimme alla olevasta linkist\u00e4. Maksutavoista saat my\u00f6s lis\u00e4tietoja ottamalla yhteytt\u00e4 toimipisteellemme.<\/p>\n\n\n\n<div class=\"wp-block-buttons is-style-button-generic-grid is-content-justification-center is-layout-flex wp-container-core-buttons-is-layout-16018d1d wp-block-buttons-is-layout-flex\">\n<div class=\"wp-block-button is-style-full-width-button\"><a class=\"wp-block-button__link has-black-background-color has-text-color has-background wp-element-button\" href=\"https:\/\/easydriver.fi\/maksutavat\" style=\"border-radius:20px;color:#ffff00\">Tutustu maksutapoihin ja toimitusehtoihin<\/a><\/div>\n<\/div>\n\n\n\n<div style=\"height:35px\" aria-hidden=\"true\" class=\"wp-block-spacer\"><\/div>\n\n\n\n<hr class=\"wp-block-separator has-text-color has-alpha-channel-opacity has-background is-style-wide\" style=\"background-color:#ffff00;color:#ffff00\"\/>\n\n\n\n<div style=\"height:35px\" aria-hidden=\"true\" class=\"wp-block-spacer\"><\/div>\n<\/div><\/div>\n\r\n\n<h2 class=\"has-text-align-center wp-block-heading\">Autokoulupalvelut Easy Driverilta<\/h2>\n\n\n\n<p class=\"has-medium-font-size\">Viranomaiskulut eiv\u00e4t sis\u00e4lly kurssipaketteihin vaan n\u00e4m\u00e4 suoritetaan erikseen Ajovarmalle.<\/p>\n\n\n\n<p class=\"has-medium-font-size\">Ajamisessa ollut taukoa? Ei h\u00e4t\u00e4\u00e4, meilt\u00e4 saat tarvittaessa yksitt\u00e4isi\u00e4 tai useampia ajotunteja kertaukseksi. Ajoneuvoja l\u00f6ytyy aina manuaalivaihteisesta automaattivaihteiseen. <\/p>\n\n\n\n<p class=\"has-text-align-center has-medium-font-size\"><strong>Palveluista saat lis\u00e4tietoa numerosta 040 3565 920<\/strong><br><\/p>\n<\/div><\/div><\/div><\/div>\n","protected":false},"excerpt":{"rendered":"","protected":false},"author":1,"featured_media":0,"parent":4205,"menu_order":0,"comment_status":"closed","ping_status":"closed","template":"","meta":{"footnotes":""},"class_list":["post-4207","page","type-page","status-publish","hentry"],"_links":{"self":[{"href":"https:\/\/easydriver.fi\/raisio\/wp-json\/wp\/v2\/pages\/4207","targetHints":{"allow":["GET"]}}],"collection":[{"href":"https:\/\/easydriver.fi\/raisio\/wp-json\/wp\/v2\/pages"}],"about":[{"href":"https:\/\/easydriver.fi\/raisio\/wp-json\/wp\/v2\/types\/page"}],"author":[{"embeddable":true,"href":"https:\/\/easydriver.fi\/raisio\/wp-json\/wp\/v2\/users\/1"}],"replies":[{"embeddable":true,"href":"https:\/\/easydriver.fi\/raisio\/wp-json\/wp\/v2\/comments?post=4207"}],"version-history":[{"count":2,"href":"https:\/\/easydriver.fi\/raisio\/wp-json\/wp\/v2\/pages\/4207\/revisions"}],"predecessor-version":[{"id":4291,"href":"https:\/\/easydriver.fi\/raisio\/wp-json\/wp\/v2\/pages\/4207\/revisions\/4291"}],"up":[{"embeddable":true,"href":"https:\/\/easydriver.fi\/raisio\/wp-json\/wp\/v2\/pages\/4205"}],"wp:attachment":[{"href":"https:\/\/easydriver.fi\/raisio\/wp-json\/wp\/v2\/media?parent=4207"}],"curies":[{"name":"wp","href":"https:\/\/api.w.org\/{rel}","templated":true}]}}