{"id":2651,"date":"2022-05-17T00:27:13","date_gmt":"2022-05-16T21:27:13","guid":{"rendered":"https:\/\/easydriver.fi\/pargas\/kevyt-kuorma-autokortti\/"},"modified":"2026-02-25T10:08:27","modified_gmt":"2026-02-25T08:08:27","slug":"kevyt-kuorma-autokortti","status":"publish","type":"page","link":"https:\/\/easydriver.fi\/pargas\/kurssi\/kevyt-kuorma-autokortti\/","title":{"rendered":"Kevyt kuorma-autokortti"},"content":{"rendered":"\n<div id=\"\" class=\"wp-block-gosign-gosign-background-container gosign-color-section btn-full align-false default-padding no-margin full-width no-min-height lightColorLayout no-top-border no-bottom-border colorSectionFe background-scroll background-repeat overlay-false defined-width\"><div class=\"outer-container background-scroll\" style=\"background-repeat:repeat;background-color:#000000\"><div class=\"inner-container\"><div class=\"contentBlock\">\n<h2 class=\"wp-block-heading has-text-align-center has-text-color\" style=\"color:#fff000\">C1 Kevytkuorma-auton kortti<\/h2>\n<\/div><\/div><\/div><\/div>\n\n\n\n<div style=\"height:100px\" aria-hidden=\"true\" class=\"wp-block-spacer is-style-visible-spacer\"><\/div>\n\n\n\n<div class=\"wp-block-group is-style-pricegrid\"><div class=\"wp-block-group__inner-container is-layout-constrained wp-block-group-is-layout-constrained\">\n                                \r\n                                                                                                 \r\n                <div class=\"card-container card-pricetag\">\r\n                    <div class=\"card card-dark\">\r\n                                                <div class=\"card-img-top card-img-dark\">                            <!-- <img decoding=\"async\" src=\"https:\/\/easydriver.fi\/pargas\/wp-content\/plugins\/easy-hinnasto\/images\/lines2_c1.png\" alt=\"\" class=\"card-img-type\"> -->\r\n                            <div class=\"card-body card-body-name card-body-dark\">\r\n                            <h5 class=\"card-title\">C1-Luokankorotus<\/h5>\r\n                                                    <\/div>\r\n                        <\/div>\r\n                        \r\n                        <div class=\"card-body card-body-price\">\r\n                            <p>349 \u20ac<\/p>\r\n\r\n                        <\/div>\r\n                        \r\n                        <ul class=\"list-group list-group-flush card-list-bg\">\r\n                                                        <li class=\"list-group-item\"><i class=\"fa fa-check\"><\/i>Inklusive utgift: 548 \u20ac<\/li>\r\n                            <li class=\"list-group-item\"><i class=\"fa fa-angle-double-right\"><\/i> <a class=\"show-quickview\">Kolla kursen inneh\u00e5ll<\/a><\/li>\r\n                            <div class=\"quickview-container\" data-expenses=\"Katso kuluerittely\" data-taglang=\"sv_SE\">\r\n                                                            <\/div>\r\n                        <\/ul>\r\n                                                <div class=\"card-body card-body-footer card-body-footer-normal\">\r\n                            <a href=\"https:\/\/kuljettajaopetus.fi\/ilmoittaudu\/6520\/9c30aea01dafde4b396b27c61fccac88?lang=fi\" class=\"d-flex flex-grow-1 productTrigger\" onclick=\"gtag_report_conversion('https:\/\/kuljettajaopetus.fi\/ilmoittaudu\/6520\/9c30aea01dafde4b396b27c61fccac88?lang=fi'); false;\"><button type=\"button\" class=\"btn btn-pricetag\" data-tuotenimi=\"C1-Luokankorotus\" data-tuoteUid=\"39\" data-tuoteCity=\"Pargas\">Anm\u00e4l dig till kursen<\/button><\/a>                        <\/div>\r\n                    <\/div>\r\n                <\/div>\n<\/div><\/div>\n\n\n\n<div style=\"height:100px\" aria-hidden=\"true\" class=\"wp-block-spacer is-style-visible-spacer\"><\/div>\n\n\n\n<div id=\"\" class=\"wp-block-gosign-gosign-background-container gosign-color-section btn-full align-false default-padding no-margin custom-width no-min-height lightColorLayout no-top-border no-bottom-border colorSectionFe background-fixed background-cover overlay-true defined-width\"><div class=\"outer-container background-fixed\" style=\"background-image:url(https:\/\/easydriver.fi\/wp-content\/uploads\/2023\/01\/kouluajo_15.jpg);padding-top:60px;padding-bottom:60px;padding-left:40px;padding-right:40px;background-position:0% 0%;background-attachment:fixed\"><div class=\"overBg\" style=\"background-color:#000000;opacity:0.6\"><\/div><div class=\"inner-container\"><div class=\"contentBlock\" style=\"max-width:1170px\">\n<p><\/p>\n\n\n\n<h2 class=\"wp-block-heading has-text-align-center\">Raskaan kaluston kurssit Easy Driverilta<\/h2>\n\n\n\n<p class=\"has-medium-font-size\">Ilmoittaudu kurssille. Kun ilmoittautumisesi on hyv\u00e4ksytty, saat s\u00e4hk\u00f6postiisi kaikki tarvittavat ohjeet kurssin aloittamiseen! Teoriatunnit voit seurata helposti et\u00e4opetuksena vaikka kotisohvaltasi. T\u00e4m\u00e4n helpommaksi ei teoriatuntien suorittaminen tule!<br>Uudet C1 teoriatunnit alkavat joka keskiviikko.<\/p>\n\n\n\n<p class=\"has-medium-font-size\"><strong>Huomioithan, ett\u00e4 suorittaessa ensimm\u00e4ist\u00e4 raskaan ajoneuvon korttia vaaditaan ryhm\u00e4n 2 ajoneuvoluokan l\u00e4\u00e4k\u00e4rintodistus.<\/strong> <\/p>\n\n\n\n<p class=\"has-medium-font-size\">Kurssista saat tarvittaessa lis\u00e4tietoja numerosta 050 5261 195<\/p>\n<\/div><\/div><\/div><\/div>\n","protected":false},"excerpt":{"rendered":"","protected":false},"author":1,"featured_media":0,"parent":2642,"menu_order":0,"comment_status":"closed","ping_status":"closed","template":"","meta":{"footnotes":""},"class_list":["post-2651","page","type-page","status-publish","hentry"],"_links":{"self":[{"href":"https:\/\/easydriver.fi\/pargas\/wp-json\/wp\/v2\/pages\/2651","targetHints":{"allow":["GET"]}}],"collection":[{"href":"https:\/\/easydriver.fi\/pargas\/wp-json\/wp\/v2\/pages"}],"about":[{"href":"https:\/\/easydriver.fi\/pargas\/wp-json\/wp\/v2\/types\/page"}],"author":[{"embeddable":true,"href":"https:\/\/easydriver.fi\/pargas\/wp-json\/wp\/v2\/users\/1"}],"replies":[{"embeddable":true,"href":"https:\/\/easydriver.fi\/pargas\/wp-json\/wp\/v2\/comments?post=2651"}],"version-history":[{"count":2,"href":"https:\/\/easydriver.fi\/pargas\/wp-json\/wp\/v2\/pages\/2651\/revisions"}],"predecessor-version":[{"id":3221,"href":"https:\/\/easydriver.fi\/pargas\/wp-json\/wp\/v2\/pages\/2651\/revisions\/3221"}],"up":[{"embeddable":true,"href":"https:\/\/easydriver.fi\/pargas\/wp-json\/wp\/v2\/pages\/2642"}],"wp:attachment":[{"href":"https:\/\/easydriver.fi\/pargas\/wp-json\/wp\/v2\/media?parent=2651"}],"curies":[{"name":"wp","href":"https:\/\/api.w.org\/{rel}","templated":true}]}}