{"id":2644,"date":"2022-10-31T18:15:53","date_gmt":"2022-10-31T16:15:53","guid":{"rendered":"https:\/\/easydriver.fi\/pargas\/muut-palvelut\/"},"modified":"2026-04-15T13:05:01","modified_gmt":"2026-04-15T10:05:01","slug":"andra-tjanster","status":"publish","type":"page","link":"https:\/\/easydriver.fi\/pargas\/kurssi\/andra-tjanster\/","title":{"rendered":"Andra tj\u00e4nster"},"content":{"rendered":"\n<div id=\"\" class=\"wp-block-gosign-gosign-background-container gosign-color-section btn-full align-false default-padding no-margin full-width no-min-height lightColorLayout no-top-border no-bottom-border colorSectionFe background-scroll background-repeat overlay-false defined-width\"><div class=\"outer-container background-scroll\" style=\"background-repeat:repeat;background-color:#000000\"><div class=\"inner-container\"><div class=\"contentBlock\">\n<h2 class=\"wp-block-heading has-text-align-center has-text-color\" style=\"color:#fff000\">Andra tj\u00e4nster<\/h2>\n<\/div><\/div><\/div><\/div>\n\n\n\n<div style=\"height:100px\" aria-hidden=\"true\" class=\"wp-block-spacer is-style-visible-spacer\"><\/div>\n\n\n\n<div class=\"wp-block-columns is-layout-flex wp-container-core-columns-is-layout-9d6595d7 wp-block-columns-is-layout-flex\">\n<div class=\"wp-block-column is-layout-flow wp-block-column-is-layout-flow\">\n<div id=\"edxpd-menu9\" class=\"edxpd-menu menu-id-9\"><h2 class=\"edxpd-menu-header\">Andra bilskola tj\u00e4nster<\/h2><p class=\"edxpd-menu-description\">Kaikki muut lis\u00e4palvelut autokoulusta.<\/p><table class='edxpd-table'><thead class='col-headers'><tr><th>Produkt<\/th><th class='value-1'>Pris<\/th><th class='value-2'>Med utgifter<\/th><\/tr><\/thead><tbody><tr class='odd prod-row'><td class=\"item prod-row-nolink jcomb-91\"><p class=\"item-text\"><a>Elektroniskt l\u00e4romedel<\/a><\/p><\/td><td class=\"value  prod-row-nolink jcomb-91\" ><p class=\"value-text\">45 \u20ac<\/p><\/td><td class=\"value  jcomb-91\" ><p class=\"value-text\">45 \u20ac<\/p><\/td><\/tr><tr class='even prod-row'><td class=\"item prod-row-nolink jcomb-92\"><p class=\"item-text\"><a>extra k\u00f6rlektion med bil<\/a><\/p><\/td><td class=\"value  prod-row-nolink jcomb-92\" ><p class=\"value-text\">90 \u20ac<\/p><\/td><td class=\"value  jcomb-92\" ><p class=\"value-text\">90 \u20ac<\/p><\/td><\/tr><tr class='odd prod-row'><td class=\"item prod-row-nolink jcomb-93\"><p class=\"item-text\"><a>extra k\u00f6rlektion med simulator<\/a><\/p><\/td><td class=\"value  prod-row-nolink jcomb-93\" ><p class=\"value-text\">50 \u20ac<\/p><\/td><td class=\"value  jcomb-93\" ><p class=\"value-text\">50 \u20ac<\/p><\/td><\/tr><tr class='even prod-row'><td class=\"item prod-row-nolink jcomb-94\"><p class=\"item-text\"><a>extra k\u00f6rlektion p\u00e5 moped<\/a><\/p><\/td><td class=\"value  prod-row-nolink jcomb-94\" ><p class=\"value-text\">75 \u20ac<\/p><\/td><td class=\"value  jcomb-94\" ><p class=\"value-text\">75 \u20ac<\/p><\/td><\/tr><tr class='odd prod-row'><td class=\"item prod-row-nolink jcomb-95\"><p class=\"item-text\"><a>extra k\u00f6rlektion med mopedbil<\/a><\/p><\/td><td class=\"value  prod-row-nolink jcomb-95\" ><p class=\"value-text\">75 \u20ac<\/p><\/td><td class=\"value  jcomb-95\" ><p class=\"value-text\">75 \u20ac<\/p><\/td><\/tr><tr class='even prod-row'><td class=\"item prod-row-nolink jcomb-96\"><p class=\"item-text\"><a>extra k\u00f6rlektion p\u00e5 motorcykel<\/a><\/p><\/td><td class=\"value  prod-row-nolink jcomb-96\" ><p class=\"value-text\">90 \u20ac<\/p><\/td><td class=\"value  jcomb-96\" ><p class=\"value-text\">90 \u20ac<\/p><\/td><\/tr><tr class='odd prod-row'><td class=\"item prod-row-nolink jcomb-97\"><p class=\"item-text\"><a>anv\u00e4ndningen av mopeden i det senaste man\u00f6verprovet<\/a><\/p><\/td><td class=\"value  prod-row-nolink jcomb-97\" ><p class=\"value-text\">50 \u20ac<\/p><\/td><td class=\"value  jcomb-97\" ><p class=\"value-text\">50 \u20ac<\/p><\/td><\/tr><tr class='even prod-row'><td class=\"item prod-row-nolink jcomb-98\"><p class=\"item-text\"><a>anv\u00e4ndningen av en motorcykel i det senaste man\u00f6verprovet<\/a><\/p><\/td><td class=\"value  prod-row-nolink jcomb-98\" ><p class=\"value-text\">50 \u20ac<\/p><\/td><td class=\"value  jcomb-98\" ><p class=\"value-text\">50 \u20ac<\/p><\/td><\/tr><tr class='odd prod-row'><td class=\"item prod-row-nolink jcomb-99\"><p class=\"item-text\"><a>anv\u00e4ndningen av en motorcykel i det senaste k\u00f6rprovet<\/a><\/p><\/td><td class=\"value  prod-row-nolink jcomb-99\" ><p class=\"value-text\">80 \u20ac<\/p><\/td><td class=\"value  jcomb-99\" ><p class=\"value-text\">80 \u20ac<\/p><\/td><\/tr><tr class='even prod-row'><td class=\"item prod-row-nolink jcomb-910\"><p class=\"item-text\"><a>anv\u00e4ndningen av mopedbil vid senaste k\u00f6rprovet<\/a><\/p><\/td><td class=\"value  prod-row-nolink jcomb-910\" ><p class=\"value-text\">80 \u20ac<\/p><\/td><td class=\"value  jcomb-910\" ><p class=\"value-text\">80 \u20ac<\/p><\/td><\/tr><tr class='odd prod-row'><td class=\"item prod-row-nolink jcomb-911\"><p class=\"item-text\"><a>anv\u00e4ndning av personbil vid senaste k\u00f6rprovet<\/a><\/p><\/td><td class=\"value  prod-row-nolink jcomb-911\" ><p class=\"value-text\">100 \u20ac<\/p><\/td><td class=\"value  jcomb-911\" ><p class=\"value-text\">100 \u20ac<\/p><\/td><\/tr><tr class='even prod-row'><td class=\"item prod-row-nolink jcomb-912\"><p class=\"item-text\"><a>h\u00e4lsobaserad bed\u00f6mning av k\u00f6rf\u00f6rm\u00e5ga<\/a><\/p><\/td><td class=\"value  prod-row-nolink jcomb-912\" ><p class=\"value-text\">160 \u20ac<\/p><\/td><td class=\"value  jcomb-912\" ><p class=\"value-text\">160\u20ac<\/p><\/td><\/tr><\/tbody><\/table\/><\/div>\n<\/div>\n\n\n\n<div class=\"wp-block-column is-layout-flow wp-block-column-is-layout-flow\">\n<div id=\"edxpd-menu6\" class=\"edxpd-menu menu-id-6\"><h2 class=\"edxpd-menu-header\">Ajovarma<\/h2><p class=\"edxpd-menu-description\">Ajovarman tuotteet ja palvelut<\/p><table class='edxpd-table'><thead class='col-headers'><tr><th>Produkt<\/th><th class='value-1'>Pris<\/th><\/tr><\/thead><tbody><tr class='odd prod-row'><td class=\"item prod-row-nolink jcomb-61\"><p class=\"item-text\"><a>K\u00f6rkortstillst\u00e5nd<\/a><\/p><\/td><td class=\"value  onlyval prod-row-nolink jcomb-61\" ><p class=\"value-text\">45 \u20ac<\/p><\/td><\/tr><tr class='even prod-row'><td class=\"item prod-row-nolink jcomb-62\"><p class=\"item-text\"><a>K\u00f6rkortstillst\u00e5nd, elektroniskt<\/a><\/p><\/td><td class=\"value  onlyval prod-row-nolink jcomb-62\" ><p class=\"value-text\">28 \u20ac<\/p><\/td><\/tr><tr class='odd prod-row'><td class=\"item prod-row-nolink jcomb-63\"><p class=\"item-text\"><a>Teoriprov<\/a><\/p><\/td><td class=\"value  onlyval prod-row-nolink jcomb-63\" ><p class=\"value-text\">46 \u20ac<\/p><\/td><\/tr><tr class='even prod-row'><td class=\"item prod-row-nolink jcomb-64\"><p class=\"item-text\"><a>K\u00f6rprov f\u00f6r B-klass fordon<\/a><\/p><\/td><td class=\"value  onlyval prod-row-nolink jcomb-64\" ><p class=\"value-text\">110 \u20ac<\/p><\/td><\/tr><tr class='odd prod-row'><td class=\"item prod-row-nolink jcomb-67\"><p class=\"item-text\"><a>K\u00f6rprov f\u00f6r AM\/121, A1-, A2 eller A-klass fordon<\/a><\/p><\/td><td class=\"value  onlyval prod-row-nolink jcomb-67\" ><p class=\"value-text\">85 \u20ac<\/p><\/td><\/tr><tr class='odd prod-row'><td class=\"item prod-row-nolink jcomb-69\"><p class=\"item-text\"><a>AM\/120-klass hanteringsprov<\/a><\/p><\/td><td class=\"value  onlyval prod-row-nolink jcomb-69\" ><p class=\"value-text\">36 \u20ac<\/p><\/td><\/tr><tr class='even prod-row'><td class=\"item prod-row-nolink jcomb-610\"><p class=\"item-text\"><a>Omtagning av hanteringsprov vid A1-, A2 eller A-klass<\/a><\/p><\/td><td class=\"value  onlyval prod-row-nolink jcomb-610\" ><p class=\"value-text\">32 \u20ac<\/p><\/td><\/tr><\/tbody><\/table\/><\/div>\n<\/div>\n<\/div>\n\n\n\n<hr class=\"wp-block-separator has-alpha-channel-opacity is-style-wide\"\/>\n\n\n\n<div style=\"height:67px\" aria-hidden=\"true\" class=\"wp-block-spacer is-style-visible-spacer\"><\/div>\n\n\n\n<div class=\"wp-block-group is-style-pricegrid\"><div class=\"wp-block-group__inner-container is-layout-constrained wp-block-group-is-layout-constrained\">\n                                \r\n                                                                                                 \r\n                <div class=\"card-container card-pricetag\">\r\n                    <div class=\"card card-dark\">\r\n                                                <div class=\"card-img-top card-img-dark\">                            <!-- <img decoding=\"async\" src=\"https:\/\/easydriver.fi\/pargas\/wp-content\/plugins\/easy-hinnasto\/images\/lines2_bajo.png\" alt=\"\" class=\"card-img-type\"> -->\r\n                            <div class=\"card-body card-body-name card-body-dark\">\r\n                            <h5 class=\"card-title\">Extra k\u00f6rpaket 1 <br \/> (5 k\u00f6rtimmar)<\/h5>\r\n                                                    <\/div>\r\n                        <\/div>\r\n                        \r\n                        <div class=\"card-body card-body-price\">\r\n                            <p>400 \u20ac<\/p>\r\n\r\n                        <\/div>\r\n                        \r\n                        <ul class=\"list-group list-group-flush card-list-bg\">\r\n                                                        <li class=\"list-group-item\"><i class=\"fa fa-check\"><\/i>F\u00f6r dig som g\u00e5r B-kursen<\/li>\r\n                            <li class=\"list-group-item\"><i class=\"fa fa-phone\"><\/i> Ring och fr\u00e5ga mer<\/li>\r\n                            <div class=\"quickview-container\" data-expenses=\"Katso kuluerittely\" data-taglang=\"sv_SE\">\r\n                                                            <\/div>\r\n                        <\/ul>\r\n                                                <div class=\"card-body card-body-footer card-body-footer-normal\">\r\n                            <a href=\"tel:0505261195\" class=\"d-flex flex-grow-1 productTrigger\" onclick=\"gtag_report_conversion('tel:0505261195'); false;\"><button type=\"button\" class=\"btn btn-pricetag\" data-tuotenimi=\"Extra k\u00f6rpaket 1 <br \/> (5 k\u00f6rtimmar)\" data-tuoteUid=\"90\" data-tuoteCity=\"Pargas\">Ring nu: 050 5261 195<\/button><\/a>                        <\/div>\r\n                    <\/div>\r\n                <\/div>\n\n\n\n                                \r\n                                                                                                 \r\n                <div class=\"card-container card-pricetag\">\r\n                    <div class=\"card card-dark\">\r\n                                                <div class=\"card-img-top card-img-dark\">                            <!-- <img decoding=\"async\" src=\"https:\/\/easydriver.fi\/pargas\/wp-content\/plugins\/easy-hinnasto\/images\/lines2_bajo.png\" alt=\"\" class=\"card-img-type\"> -->\r\n                            <div class=\"card-body card-body-name card-body-dark\">\r\n                            <h5 class=\"card-title\">Extra k\u00f6rpaket 2 <br \/> (3 k\u00f6rtimmar)<\/h5>\r\n                                                    <\/div>\r\n                        <\/div>\r\n                        \r\n                        <div class=\"card-body card-body-price\">\r\n                            <p>240 \u20ac<\/p>\r\n\r\n                        <\/div>\r\n                        \r\n                        <ul class=\"list-group list-group-flush card-list-bg\">\r\n                                                        <li class=\"list-group-item\"><i class=\"fa fa-check\"><\/i>F\u00f6r dig som g\u00e5r B-kursen<\/li>\r\n                            <li class=\"list-group-item\"><i class=\"fa fa-phone\"><\/i> Ring och fr\u00e5ga mer<\/li>\r\n                            <div class=\"quickview-container\" data-expenses=\"Katso kuluerittely\" data-taglang=\"sv_SE\">\r\n                                                            <\/div>\r\n                        <\/ul>\r\n                                                <div class=\"card-body card-body-footer card-body-footer-normal\">\r\n                            <a href=\"tel:0505261195\" class=\"d-flex flex-grow-1 productTrigger\" onclick=\"gtag_report_conversion('tel:0505261195'); false;\"><button type=\"button\" class=\"btn btn-pricetag\" data-tuotenimi=\"Extra k\u00f6rpaket 2 <br \/> (3 k\u00f6rtimmar)\" data-tuoteUid=\"91\" data-tuoteCity=\"Pargas\">Ring nu: 050 5261 195<\/button><\/a>                        <\/div>\r\n                    <\/div>\r\n                <\/div>\n\n\n\n                                \r\n                                                                                                 \r\n                <div class=\"card-container card-pricetag\">\r\n                    <div class=\"card card-dark\">\r\n                                                <div class=\"card-img-top card-img-dark\">                            <!-- <img decoding=\"async\" src=\"https:\/\/easydriver.fi\/pargas\/wp-content\/plugins\/easy-hinnasto\/images\/lines2_palvelut.png\" alt=\"\" class=\"card-img-type\"> -->\r\n                            <div class=\"card-body card-body-name card-body-dark\">\r\n                            <h5 class=\"card-title\">H\u00e4lsobaserad bed\u00f6mning av k\u00f6rf\u00f6rm\u00e5ga<\/h5>\r\n                                                    <\/div>\r\n                        <\/div>\r\n                        \r\n                        <div class=\"card-body card-body-price\">\r\n                            <p>160 \u20ac<\/p>\r\n\r\n                        <\/div>\r\n                        \r\n                        <ul class=\"list-group list-group-flush card-list-bg\">\r\n                                                        <li class=\"list-group-item\"><i class=\"fa fa-check\"><\/i>Ring och fr\u00e5ga mer<\/li>\r\n                            <li class=\"list-group-item\"><i class=\"fa fa-angle-double-right\"><\/i> <a class=\"show-quickview\">Kolla kursen inneh\u00e5ll<\/a><\/li>\r\n                            <div class=\"quickview-container\" data-expenses=\"Katso kuluerittely\" data-taglang=\"sv_SE\">\r\n                                                            <\/div>\r\n                        <\/ul>\r\n                                                <div class=\"card-body card-body-footer card-body-footer-normal\">\r\n                            <a href=\"tel:0505261195\" class=\"d-flex flex-grow-1 productTrigger\" onclick=\"gtag_report_conversion('tel:0505261195'); false;\"><button type=\"button\" class=\"btn btn-pricetag\" data-tuotenimi=\"H\u00e4lsobaserad bed\u00f6mning av k\u00f6rf\u00f6rm\u00e5ga\" data-tuoteUid=\"92\" data-tuoteCity=\"Pargas\">Ring nu: 050 5261 195<\/button><\/a>                        <\/div>\r\n                    <\/div>\r\n                <\/div>\n<\/div><\/div>\n\n\n\n<div id=\"\" class=\"wp-block-gosign-gosign-background-container gosign-color-section btn-full align-false default-padding no-margin custom-width no-min-height lightColorLayout no-top-border no-bottom-border colorSectionFe background-fixed background-cover overlay-true defined-width\"><div class=\"outer-container background-fixed\" style=\"background-image:url(https:\/\/easydriver.fi\/wp-content\/uploads\/2023\/01\/kouluajo_3.jpg);padding-top:60px;padding-bottom:60px;padding-left:40px;padding-right:40px;background-position:0% 0%;background-attachment:fixed\"><div class=\"overBg\" style=\"background-color:#000000;opacity:0.6\"><\/div><div class=\"inner-container\"><div class=\"contentBlock\" style=\"max-width:1170px\">\n\n<h2 class=\"has-text-align-center wp-block-heading\" id=\"maksutavat\">Vid Easy kan du betala kurserna flexibelt<\/h2>\n\n\n\n<p class=\"has-medium-font-size\">Kursr\u00e4kningen kan ocks\u00e5 l\u00e4tt betalas med kreditr\u00e4kning eller avbetalning. Bekanta dig med v\u00e5ra olika betalningss\u00e4tt via nedanst\u00e5ende l\u00e4nk eller kontakta n\u00e4rmaste kontor.<\/p>\n\n\n\n<div class=\"wp-block-buttons is-style-button-generic-grid is-content-justification-center is-layout-flex wp-container-core-buttons-is-layout-16018d1d wp-block-buttons-is-layout-flex\">\n<div class=\"wp-block-button is-style-full-width-button\"><a class=\"wp-block-button__link has-black-background-color has-text-color has-background wp-element-button\" href=\"https:\/\/easydriver.fi\/sv\/betalningsalternativ\" style=\"border-radius:20px;color:#ffff00\">Bekanta dig med betalningss\u00e4tt samt leveransvillkor<\/a><\/div>\n<\/div>\n\n\n\n<div style=\"height:35px\" aria-hidden=\"true\" class=\"wp-block-spacer\"><\/div>\n\n\n\n<hr class=\"wp-block-separator has-text-color has-alpha-channel-opacity has-background is-style-wide\" style=\"background-color:#ffff00;color:#ffff00\"\/>\n\n\n\n<div style=\"height:35px\" aria-hidden=\"true\" class=\"wp-block-spacer\"><\/div>\n\n\n\n\n<h2 class=\"wp-block-heading has-text-align-center\">K\u00f6rkortst\u00e4nster p\u00e5 Easy Driver<\/h2>\n\n\n\n<p class=\"has-medium-font-size\">I kurspaketen ing\u00e5r inte myndighetskostnader, dessa betalas direkt till Ajovarma.<\/p>\n\n\n\n<p class=\"has-medium-font-size\">L\u00e4nge sedan du senast k\u00f6rt bil? Ingen panik, du kan ta enstaka eller flera k\u00f6rlektioner och friska upp kunskaperna. Hos oss kan du \u00f6va b\u00e5de med manuellt v\u00e4xlade och automatv\u00e4xlade bilar. <\/p>\n\n\n\n<p class=\"has-text-align-center has-medium-font-size\"><strong>Mer information f\u00e5r du genom att ringa <strong>050 5261 195.<\/strong><\/strong><br><\/p>\n<\/div><\/div><\/div><\/div>\n\n\n\n<p><\/p>\n","protected":false},"excerpt":{"rendered":"","protected":false},"author":1,"featured_media":0,"parent":2642,"menu_order":0,"comment_status":"closed","ping_status":"closed","template":"","meta":{"footnotes":""},"class_list":["post-2644","page","type-page","status-publish","hentry"],"_links":{"self":[{"href":"https:\/\/easydriver.fi\/pargas\/wp-json\/wp\/v2\/pages\/2644","targetHints":{"allow":["GET"]}}],"collection":[{"href":"https:\/\/easydriver.fi\/pargas\/wp-json\/wp\/v2\/pages"}],"about":[{"href":"https:\/\/easydriver.fi\/pargas\/wp-json\/wp\/v2\/types\/page"}],"author":[{"embeddable":true,"href":"https:\/\/easydriver.fi\/pargas\/wp-json\/wp\/v2\/users\/1"}],"replies":[{"embeddable":true,"href":"https:\/\/easydriver.fi\/pargas\/wp-json\/wp\/v2\/comments?post=2644"}],"version-history":[{"count":11,"href":"https:\/\/easydriver.fi\/pargas\/wp-json\/wp\/v2\/pages\/2644\/revisions"}],"predecessor-version":[{"id":3253,"href":"https:\/\/easydriver.fi\/pargas\/wp-json\/wp\/v2\/pages\/2644\/revisions\/3253"}],"up":[{"embeddable":true,"href":"https:\/\/easydriver.fi\/pargas\/wp-json\/wp\/v2\/pages\/2642"}],"wp:attachment":[{"href":"https:\/\/easydriver.fi\/pargas\/wp-json\/wp\/v2\/media?parent=2644"}],"curies":[{"name":"wp","href":"https:\/\/api.w.org\/{rel}","templated":true}]}}