{"id":2556,"date":"2019-03-27T02:27:41","date_gmt":"2019-03-27T00:27:41","guid":{"rendered":"https:\/\/easydriver.fi\/pargas\/usein-kysyttya\/"},"modified":"2026-04-16T14:18:26","modified_gmt":"2026-04-16T11:18:26","slug":"vanliga-fragor","status":"publish","type":"page","link":"https:\/\/easydriver.fi\/pargas\/vanliga-fragor\/","title":{"rendered":"Vanliga fr\u00e5gor"},"content":{"rendered":"\n<div id=\"\" class=\"wp-block-gosign-gosign-background-container gosign-color-section btn-full align-false default-padding no-margin full-width no-min-height lightColorLayout no-top-border no-bottom-border colorSectionFe background-scroll background-repeat overlay-false defined-width\"><div class=\"outer-container background-scroll\" style=\"background-repeat:repeat;background-color:#000000\"><div class=\"inner-container\"><div class=\"contentBlock\">\n<h2 class=\"wp-block-heading has-text-align-center has-text-color\" style=\"color:#fff000\">Vanliga fr\u00e5gor<\/h2>\n<\/div><\/div><\/div><\/div>\n\n\n\n<div style=\"height:120px\" aria-hidden=\"true\" class=\"wp-block-spacer is-style-visible-spacer\"><\/div>\n\n\n\n<p><strong>Ofta har eleverna eller f\u00f6r\u00e4ldrarna fr\u00e5gor om hur det g\u00e5r till att ta k\u00f6rkort eller vad som h\u00e4nder efter<br>att hen f\u00e5tt k\u00f6rkort. H\u00e4r har vi samlat svaren p\u00e5 de vanligaste fr\u00e5gorna.<\/strong><\/p>\n\n\n\n<div style=\"height:33px\" aria-hidden=\"true\" class=\"wp-block-spacer is-style-visible-spacer\"><\/div>\n\n\n\n<p>Om du inte kan hitta svar p\u00e5 det du undrar \u00f6ver, ta kontakt! Vi hj\u00e4lper dej g\u00e4rna med allt som har att g\u00f6ra med trafikutbildning.<\/p>\n\n\n\n<p><strong>Vi f\u00e5r enklast kontakt med oss per telefon <strong>050 5261 195<\/strong><\/strong><\/p>\n\n\n\n<p><strong>eller<\/strong><\/p>\n\n\n\n<p><strong>per e-post: parainen@easydriver.fi<\/strong><\/p>\n\n\n\n<div style=\"height:33px\" aria-hidden=\"true\" class=\"wp-block-spacer is-style-visible-spacer\"><\/div>\n\n\n\n<hr class=\"wp-block-separator has-alpha-channel-opacity\"\/>\n\n\n\n<div class=\"ed-faq-container\">\n    \n            <p>Ei viel\u00e4 kysymyksi\u00e4.<\/p>\n    <\/div>\n\n\n\n\n<div style=\"height:191px\" aria-hidden=\"true\" class=\"wp-block-spacer is-style-visible-spacer\"><\/div>\n","protected":false},"excerpt":{"rendered":"<p>Ofta har eleverna eller f\u00f6r\u00e4ldrarna fr\u00e5gor om hur det g\u00e5r till att ta k\u00f6rkort eller vad som h\u00e4nder efteratt hen f\u00e5tt k\u00f6rkort. H\u00e4r har vi samlat svaren p\u00e5 de vanligaste fr\u00e5gorna. Om du inte kan hitta svar p\u00e5 det du undrar \u00f6ver, ta kontakt! Vi hj\u00e4lper dej g\u00e4rna med allt som har att g\u00f6ra med [&hellip;]<\/p>\n","protected":false},"author":1,"featured_media":0,"parent":0,"menu_order":0,"comment_status":"closed","ping_status":"closed","template":"","meta":{"footnotes":""},"class_list":["post-2556","page","type-page","status-publish","hentry"],"_links":{"self":[{"href":"https:\/\/easydriver.fi\/pargas\/wp-json\/wp\/v2\/pages\/2556","targetHints":{"allow":["GET"]}}],"collection":[{"href":"https:\/\/easydriver.fi\/pargas\/wp-json\/wp\/v2\/pages"}],"about":[{"href":"https:\/\/easydriver.fi\/pargas\/wp-json\/wp\/v2\/types\/page"}],"author":[{"embeddable":true,"href":"https:\/\/easydriver.fi\/pargas\/wp-json\/wp\/v2\/users\/1"}],"replies":[{"embeddable":true,"href":"https:\/\/easydriver.fi\/pargas\/wp-json\/wp\/v2\/comments?post=2556"}],"version-history":[{"count":5,"href":"https:\/\/easydriver.fi\/pargas\/wp-json\/wp\/v2\/pages\/2556\/revisions"}],"predecessor-version":[{"id":3225,"href":"https:\/\/easydriver.fi\/pargas\/wp-json\/wp\/v2\/pages\/2556\/revisions\/3225"}],"wp:attachment":[{"href":"https:\/\/easydriver.fi\/pargas\/wp-json\/wp\/v2\/media?parent=2556"}],"curies":[{"name":"wp","href":"https:\/\/api.w.org\/{rel}","templated":true}]}}