{"id":1417,"date":"2022-05-17T00:27:46","date_gmt":"2022-05-16T21:27:46","guid":{"rendered":"https:\/\/easydriver.fi\/paimio\/kuorma-autokortti\/"},"modified":"2026-03-16T12:54:17","modified_gmt":"2026-03-16T10:54:17","slug":"kuorma-autokortti","status":"publish","type":"page","link":"https:\/\/easydriver.fi\/paimio\/kurssi\/kuorma-autokortti\/","title":{"rendered":"Kuorma-autokortti"},"content":{"rendered":"<div class=\"edxpd-cross-site-pattern wp-block-easy-hinnasto-cross-site-pattern\" data-source-blog=\"2\" data-pattern-id=\"5274\" data-pattern-slug=\"\">\n<div id=\"\" class=\"wp-block-gosign-gosign-background-container gosign-color-section btn-full align-false default-padding no-margin custom-width no-min-height lightColorLayout no-top-border no-bottom-border colorSectionFe background-fixed background-cover overlay-true defined-width main-header-secondary courseSection\"><div class=\"outer-container background-fixed\" style=\"background-image:url(https:\/\/easydriver.fi\/turku\/wp-content\/uploads\/sites\/2\/2025\/12\/groweobg.jpg);padding-top:60px;padding-bottom:60px;padding-left:40px;padding-right:40px;background-position:50% 50%;background-attachment:fixed\"><div class=\"overBg\" style=\"background-color:#000000;opacity:0.8\"><\/div><div class=\"inner-container\"><div class=\"contentBlock\" style=\"max-width:1170px\">\n<h1 class=\"wp-block-heading has-text-align-center\">C-kortti Paimio<\/h1>\n\n\n\n<p class=\"has-text-align-center\"><strong><strong><strong><strong>Kuorma-autokortti joustavasti \u2013 siirry raskaaseen sarjaan<\/strong><\/strong><\/strong><\/strong><\/p>\n\n\n\n<p>Kun tarvitset oikeuden kuljettaa raskaita ajoneuvoja ilman painorajoituksia, C-kortti eli kuorma-autokortti on oikea valinta. Easy Driver Paimio tarjoaa tehokkaan ja joustavan tavan suorittaa C-kurssin autokoulussa.<\/p>\n\n\n\n<p>C-kortti oikeuttaa ajamaan kuorma-autoja ja muita ajoneuvoja, joiden kokonaismassa ylitt\u00e4\u00e4 7 500 kg. Se on kattava ajo-oikeus, joka avaa my\u00f6s uusia ammatillisia mahdollisuuksia.<\/p>\n\n\n\n<p class=\"has-text-color has-link-color wp-elements-1a4096fcb27b7b8bb23aba5899051ac5\" style=\"color:#ffff00\"><strong><em>Pro tip:<\/em><\/strong> Meill\u00e4 kaikki ajotunnit ajetaan oikealla ajoneuvolla liikenteess\u00e4, ei simulaattorilla!<\/p>\n\n\n\n<div class=\"wp-block-buttons is-style-button-keltainen is-horizontal is-content-justification-center is-layout-flex wp-container-core-buttons-is-layout-769315fb wp-block-buttons-is-layout-flex\">\n<div class=\"wp-block-button is-style-fill\"><a class=\"wp-block-button__link has-black-color has-text-color has-background has-link-color wp-element-button\" href=\"https:\/\/easydriver.fi\/usein-kysyttya\" style=\"border-radius:8px;background-color:#ffff00\"><strong>Lue: Usein kysytty\u00e4<\/strong><\/a><\/div>\n\n\n\n<div class=\"wp-block-button is-style-fill\"><a class=\"wp-block-button__link has-black-color has-text-color has-background has-link-color wp-element-button\" href=\"#paketit\" style=\"border-radius:8px;background-color:#ffff00\"><strong>Katso PAKETIT<\/strong><\/a><\/div>\n<\/div>\n<\/div><\/div><\/div><\/div>\n\n\n\n<div id=\"\" class=\"wp-block-gosign-gosign-background-container gosign-color-section btn-full align-false default-padding no-margin full-width no-min-height lightColorLayout no-top-border no-bottom-border colorSectionFe background-scroll background-repeat overlay-false defined-width main-header-secondary  lower-title\"><div class=\"outer-container background-scroll\" style=\"background-repeat:repeat;background-color:#000000\"><div class=\"inner-container\"><div class=\"contentBlock\">\n<h2 class=\"wp-block-heading has-text-align-center has-text-color has-medium-font-size\" style=\"color:#fff000\">C-kuorma-autokortti autokoulussa<\/h2>\n<\/div><\/div><\/div><\/div>\n<\/div>\n\n\n<div id=\"\" class=\"wp-block-gosign-gosign-background-container gosign-color-section btn-full align-false small-padding no-margin full-width no-min-height lightColorLayout no-top-border no-bottom-border colorSectionFe background-scroll background-repeat overlay-false defined-width\"><div class=\"outer-container background-scroll\" style=\"background-repeat:repeat;background-color:#ffff00\"><div class=\"inner-container\"><div class=\"contentBlock\">\n<h3 class=\"wp-block-heading has-text-align-center has-black-color has-text-color has-small-font-size\" style=\"font-style:normal;font-weight:400\">Kurssien ajotunnit suoritetaan Salossa.<\/h3>\n<\/div><\/div><\/div><\/div>\n\n\n\n<div style=\"height:36px\" aria-hidden=\"true\" class=\"wp-block-spacer is-style-visible-spacer\"><\/div>\n\n\n\n<div class=\"wp-block-buttons is-layout-flex wp-block-buttons-is-layout-flex\">\n<div class=\"wp-block-button is-style-button-kaupungit\"><a class=\"wp-block-button__link wp-element-button\" href=\"#tietoa-kursseista\">klikkaa t\u00e4st\u00e4 ja katso lis\u00e4tiedot <strong>maksutavoista ja kursseista<\/strong><\/a><\/div>\n<\/div>\n\n\n\n<div style=\"height:50px\" aria-hidden=\"true\" class=\"wp-block-spacer is-style-visible-spacer\"><\/div>\n\n\n\n<div id=\"paketit\" class=\"wp-block-group is-style-pricegrid\"><div class=\"wp-block-group__inner-container is-layout-constrained wp-block-group-is-layout-constrained\">\n                                \r\n                                                                                                 \r\n                <div class=\"card-container card-pricetag\">\r\n                    <div class=\"card card-dark\">\r\n                                                <div class=\"card-img-top card-img-dark\">                            <!-- <img decoding=\"async\" src=\"https:\/\/easydriver.fi\/paimio\/wp-content\/plugins\/easy-hinnasto\/images\/lines2_c.png\" alt=\"\" class=\"card-img-type\"> -->\r\n                            <div class=\"card-body card-body-name card-body-dark\">\r\n                            <h5 class=\"card-title\">C1 -> C -luokankorotus<\/h5>\r\n                                                    <\/div>\r\n                        <\/div>\r\n                        \r\n                        <div class=\"card-body card-body-price\">\r\n                            <p>499 \u20ac<\/p>\r\n\r\n                        <\/div>\r\n                        \r\n                        <ul class=\"list-group list-group-flush card-list-bg\">\r\n                                                        <li class=\"list-group-item icon-grid\">\r\n                                <div class=\"icon-cell-1\" title=\"Ajotunnit\"><i class=\"fa fa-car\"><\/i>5<\/div>\r\n                                <div class=\"icon-cell-2 noContent\">\r\n                                                                    <\/div>\r\n                                <div class=\"icon-cell-3\" title=\"Teoriatunnit\">3<i class=\"fa fa-book\"><\/i><\/div>\r\n                            <\/li>\r\n                                                        <li class=\"list-group-item\"><i class=\"fa fa-check\"><\/i>Viranomaiskuluineen: 698 \u20ac<\/li>\r\n                            <li class=\"list-group-item\"><i class=\"fa fa-angle-double-right\"><\/i> <a class=\"show-quickview\">katso kurssin sis\u00e4lt\u00f6<\/a><\/li>\r\n                            <div class=\"quickview-container\" data-expenses=\"Katso kuluerittely\" data-taglang=\"fi\">\r\n                                <!-- wp:list -->\n<ul class=\"pricetag-quickview\"><!-- wp:list-item -->\n<li><i class=\"fa fa-check-square list-quickview\"><\/i>Alv 25,5 %<\/li>\n<!-- \/wp:list-item -->\n\n<!-- wp:list-item -->\n<li><i class=\"fa fa-check-square list-quickview\"><\/i>Teoriakoeharjoitteluohjelma<\/li>\n<!-- \/wp:list-item -->\n\n<!-- wp:list-item -->\n<li><i class=\"fa fa-check-square list-quickview\"><\/i>3 teoriatuntia<\/li>\n<!-- \/wp:list-item -->\n\n<!-- wp:list-item -->\n<li><i class=\"fa fa-check-square list-quickview\"><\/i>5 ajotuntia<\/li>\n<!-- \/wp:list-item -->\n\n<!-- wp:list-item -->\n<li><i class=\"fa fa-check-square list-quickview\"><\/i>Auton k\u00e4ytt\u00f6 tutkintoajossa<\/li>\n<!-- \/wp:list-item --><\/ul>\n<!-- \/wp:list -->\n\n<!-- wp:group {\"className\":\"is-style-price-breakdown\",\"layout\":{\"type\":\"constrained\"}} -->\n<div class=\"wp-block-group is-style-price-breakdown\"><!-- wp:paragraph -->\n<p><strong>Viranomaiskulut<\/strong><\/p>\n<!-- \/wp:paragraph -->\n\n<!-- wp:list -->\n<ul class=\"pricetag-quickview\"><!-- wp:list-item -->\n<li><i class=\"fa fa-check-square list-quickview\"><\/i>Ajokorttilupahakemus 45 \u20ac \/ s\u00e4hk\u00f6isesti 28 \u20ac<\/li>\n<!-- \/wp:list-item -->\n\n<!-- wp:list-item -->\n<li><i class=\"fa fa-check-square list-quickview\"><\/i>Teoriakoe 46 \u20ac<\/li>\n<!-- \/wp:list-item -->\n\n<!-- wp:list-item -->\n<li><i class=\"fa fa-check-square list-quickview\"><\/i>Ajokoe 125 \u20ac<\/li>\n<!-- \/wp:list-item --><\/ul>\n<!-- \/wp:list --><\/div>\n<!-- \/wp:group -->                            <\/div>\r\n                        <\/ul>\r\n                                                <div class=\"card-body card-body-footer card-body-footer-normal\">\r\n                            <a href=\"https:\/\/kuljettajaopetus.fi\/ilmoittaudu\/6522\/9c30aea01dafde4b396b27c61fccac88?lang=fi\" class=\"d-flex flex-grow-1 productTrigger\" onclick=\"gtag_report_conversion('https:\/\/kuljettajaopetus.fi\/ilmoittaudu\/6522\/9c30aea01dafde4b396b27c61fccac88?lang=fi'); false;\"><button type=\"button\" class=\"btn btn-pricetag\" data-tuotenimi=\"C1 -> C -luokankorotus\" data-tuoteUid=\"41\" data-tuoteCity=\"Paimio\">ILMOITTAUDU KURSSILLE<\/button><\/a>                        <\/div>\r\n                    <\/div>\r\n                <\/div>\n\n\n\n                                \r\n                                                                                                 \r\n                <div class=\"card-container card-pricetag\">\r\n                    <div class=\"card card-dark\">\r\n                                                <div class=\"card-img-top card-img-dark\">                            <!-- <img decoding=\"async\" src=\"https:\/\/easydriver.fi\/paimio\/wp-content\/plugins\/easy-hinnasto\/images\/lines2_c.png\" alt=\"\" class=\"card-img-type\"> -->\r\n                            <div class=\"card-body card-body-name card-body-dark\">\r\n                            <h5 class=\"card-title\">C1 -> C -luokankorotus <br \/> jos C1 1.12.2018 j\u00e4lk.<\/h5>\r\n                                                    <\/div>\r\n                        <\/div>\r\n                        \r\n                        <div class=\"card-body card-body-price\">\r\n                            <p>760 \u20ac<\/p>\r\n\r\n                        <\/div>\r\n                        \r\n                        <ul class=\"list-group list-group-flush card-list-bg\">\r\n                                                        <li class=\"list-group-item icon-grid\">\r\n                                <div class=\"icon-cell-1\" title=\"Ajotunnit\"><i class=\"fa fa-car\"><\/i>7<\/div>\r\n                                <div class=\"icon-cell-2 noContent\">\r\n                                                                    <\/div>\r\n                                <div class=\"icon-cell-3\" title=\"Teoriatunnit\">10<i class=\"fa fa-book\"><\/i><\/div>\r\n                            <\/li>\r\n                                                        <li class=\"list-group-item\"><i class=\"fa fa-check\"><\/i>Viranomaiskuluineen: 959 \u20ac<\/li>\r\n                            <li class=\"list-group-item\"><i class=\"fa fa-angle-double-right\"><\/i> <a class=\"show-quickview\">katso kurssin sis\u00e4lt\u00f6<\/a><\/li>\r\n                            <div class=\"quickview-container\" data-expenses=\"Katso kuluerittely\" data-taglang=\"fi\">\r\n                                <!-- wp:paragraph {\"style\":{\"typography\":{\"fontStyle\":\"normal\",\"fontWeight\":\"600\"}},\"fontSize\":\"small\"} -->\n<p class=\"has-small-font-size\" style=\"font-style:normal;font-weight:600\">Mik\u00e4li olet saanut C1-kortin 1.12.2018 j\u00e4lkeen, tulee sinun suorittaa C-kurssi alla olevin opetusm\u00e4\u00e4rin.<\/p>\n<!-- \/wp:paragraph -->\n\n<!-- wp:list -->\n<ul class=\"pricetag-quickview\"><!-- wp:list-item -->\n<li><i class=\"fa fa-check-square list-quickview\"><\/i>Alv 25,5 %<\/li>\n<!-- \/wp:list-item -->\n\n<!-- wp:list-item -->\n<li><i class=\"fa fa-check-square list-quickview\"><\/i>Teoriakoeharjoitteluohjelma<\/li>\n<!-- \/wp:list-item -->\n\n<!-- wp:list-item -->\n<li><i class=\"fa fa-check-square list-quickview\"><\/i>10 teoriatuntia<\/li>\n<!-- \/wp:list-item -->\n\n<!-- wp:list-item -->\n<li><i class=\"fa fa-check-square list-quickview\"><\/i>7 ajotuntia<\/li>\n<!-- \/wp:list-item -->\n\n<!-- wp:list-item -->\n<li><i class=\"fa fa-check-square list-quickview\"><\/i>Auton k\u00e4ytt\u00f6 tutkintoajossa<\/li>\n<!-- \/wp:list-item --><\/ul>\n<!-- \/wp:list -->\n\n<!-- wp:group {\"className\":\"is-style-price-breakdown\",\"layout\":{\"type\":\"constrained\"}} -->\n<div class=\"wp-block-group is-style-price-breakdown\"><!-- wp:paragraph -->\n<p><strong>Viranomaiskulut<\/strong><\/p>\n<!-- \/wp:paragraph -->\n\n<!-- wp:list -->\n<ul class=\"pricetag-quickview\"><!-- wp:list-item -->\n<li><i class=\"fa fa-check-square list-quickview\"><\/i>Ajokorttilupahakemus 45 \u20ac \/ s\u00e4hk\u00f6isesti 28 \u20ac<\/li>\n<!-- \/wp:list-item -->\n\n<!-- wp:list-item -->\n<li><i class=\"fa fa-check-square list-quickview\"><\/i>Teoriakoe 46 \u20ac<\/li>\n<!-- \/wp:list-item -->\n\n<!-- wp:list-item -->\n<li><i class=\"fa fa-check-square list-quickview\"><\/i>Ajokoe 125 \u20ac<\/li>\n<!-- \/wp:list-item --><\/ul>\n<!-- \/wp:list --><\/div>\n<!-- \/wp:group -->                            <\/div>\r\n                        <\/ul>\r\n                                                <div class=\"card-body card-body-footer card-body-footer-normal\">\r\n                            <a href=\"https:\/\/kuljettajaopetus.fi\/ilmoittaudu\/6523\/9c30aea01dafde4b396b27c61fccac88?lang=fi\" class=\"d-flex flex-grow-1 productTrigger\" onclick=\"gtag_report_conversion('https:\/\/kuljettajaopetus.fi\/ilmoittaudu\/6523\/9c30aea01dafde4b396b27c61fccac88?lang=fi'); false;\"><button type=\"button\" class=\"btn btn-pricetag\" data-tuotenimi=\"C1 -> C -luokankorotus <br \/> jos C1 1.12.2018 j\u00e4lk.\" data-tuoteUid=\"122\" data-tuoteCity=\"Paimio\">ILMOITTAUDU KURSSILLE<\/button><\/a>                        <\/div>\r\n                    <\/div>\r\n                <\/div>\n\n\n\n                                \r\n                                                                                                 \r\n                <div class=\"card-container card-pricetag\">\r\n                    <div class=\"card card-dark\">\r\n                                                <div class=\"card-img-top card-img-dark\">                            <!-- <img decoding=\"async\" src=\"https:\/\/easydriver.fi\/paimio\/wp-content\/plugins\/easy-hinnasto\/images\/lines2_c.png\" alt=\"\" class=\"card-img-type\"> -->\r\n                            <div class=\"card-body card-body-name card-body-dark\">\r\n                            <h5 class=\"card-title\">C-Luokankorotus<\/h5>\r\n                                                    <\/div>\r\n                        <\/div>\r\n                        \r\n                        <div class=\"card-body card-body-price\">\r\n                            <p>1200 \u20ac<\/p>\r\n\r\n                        <\/div>\r\n                        \r\n                        <ul class=\"list-group list-group-flush card-list-bg\">\r\n                                                        <li class=\"list-group-item icon-grid\">\r\n                                <div class=\"icon-cell-1\" title=\"Ajotunnit\"><i class=\"fa fa-car\"><\/i>10<\/div>\r\n                                <div class=\"icon-cell-2 noContent\">\r\n                                                                    <\/div>\r\n                                <div class=\"icon-cell-3\" title=\"Teoriatunnit\">12<i class=\"fa fa-book\"><\/i><\/div>\r\n                            <\/li>\r\n                                                        <li class=\"list-group-item\"><i class=\"fa fa-check\"><\/i>Viranomaiskuluineen: 1399 \u20ac<\/li>\r\n                            <li class=\"list-group-item\"><i class=\"fa fa-angle-double-right\"><\/i> <a class=\"show-quickview\">katso kurssin sis\u00e4lt\u00f6<\/a><\/li>\r\n                            <div class=\"quickview-container\" data-expenses=\"Katso kuluerittely\" data-taglang=\"fi\">\r\n                                <!-- wp:list -->\n<ul class=\"pricetag-quickview\"><!-- wp:list-item -->\n<li><i class=\"fa fa-check-square list-quickview\"><\/i>Alv 25,5 %<\/li>\n<!-- \/wp:list-item -->\n\n<!-- wp:list-item -->\n<li><i class=\"fa fa-check-square list-quickview\"><\/i>Teoriakoeharjoitteluohjelma<\/li>\n<!-- \/wp:list-item -->\n\n<!-- wp:list-item -->\n<li><i class=\"fa fa-check-square list-quickview\"><\/i>12 teoriatuntia<\/li>\n<!-- \/wp:list-item -->\n\n<!-- wp:list-item -->\n<li><i class=\"fa fa-check-square list-quickview\"><\/i>10 tuntia ajoa<\/li>\n<!-- \/wp:list-item -->\n\n<!-- wp:list-item -->\n<li><i class=\"fa fa-check-square list-quickview\"><\/i>Auton k\u00e4ytt\u00f6 tutkintoajossa<\/li>\n<!-- \/wp:list-item --><\/ul>\n<!-- \/wp:list -->\n\n<!-- wp:group {\"className\":\"is-style-price-breakdown\",\"layout\":{\"type\":\"constrained\"}} -->\n<div class=\"wp-block-group is-style-price-breakdown\"><!-- wp:paragraph -->\n<p><strong>Viranomaiskulut<\/strong><\/p>\n<!-- \/wp:paragraph -->\n\n<!-- wp:list -->\n<ul class=\"pricetag-quickview\"><!-- wp:list-item -->\n<li><i class=\"fa fa-check-square list-quickview\"><\/i>Ajokorttilupahakemus 45 \u20ac \/ s\u00e4hk\u00f6isesti 28 \u20ac<\/li>\n<!-- \/wp:list-item -->\n\n<!-- wp:list-item -->\n<li><i class=\"fa fa-check-square list-quickview\"><\/i>Teoriakoe 46 \u20ac<\/li>\n<!-- \/wp:list-item -->\n\n<!-- wp:list-item -->\n<li><i class=\"fa fa-check-square list-quickview\"><\/i>Ajokoe 125 \u20ac<\/li>\n<!-- \/wp:list-item --><\/ul>\n<!-- \/wp:list --><\/div>\n<!-- \/wp:group -->                            <\/div>\r\n                        <\/ul>\r\n                                                <div class=\"card-body card-body-footer card-body-footer-normal\">\r\n                            <a href=\"https:\/\/kuljettajaopetus.fi\/ilmoittaudu\/6519\/9c30aea01dafde4b396b27c61fccac88?lang=fi\" class=\"d-flex flex-grow-1 productTrigger\" onclick=\"gtag_report_conversion('https:\/\/kuljettajaopetus.fi\/ilmoittaudu\/6519\/9c30aea01dafde4b396b27c61fccac88?lang=fi'); false;\"><button type=\"button\" class=\"btn btn-pricetag\" data-tuotenimi=\"C-Luokankorotus\" data-tuoteUid=\"40\" data-tuoteCity=\"Paimio\">ILMOITTAUDU KURSSILLE<\/button><\/a>                        <\/div>\r\n                    <\/div>\r\n                <\/div>\n<\/div><\/div>\n\n\n\n<div style=\"height:100px\" aria-hidden=\"true\" class=\"wp-block-spacer is-style-visible-spacer\"><\/div>\n\n\n<div class=\"edxpd-cross-site-pattern wp-block-easy-hinnasto-cross-site-pattern\" data-source-blog=\"2\" data-pattern-id=\"5417\" data-pattern-slug=\"\">\n<div id=\"tietoa-kursseista\" class=\"wp-block-gosign-gosign-background-container gosign-color-section btn-full align-false default-padding no-margin custom-width no-min-height lightColorLayout no-top-border no-bottom-border colorSectionFe background-fixed background-cover overlay-true defined-width\"><div class=\"outer-container background-fixed\" style=\"padding-top:60px;padding-bottom:60px;padding-left:40px;padding-right:40px;background-position:0% 0%;background-attachment:fixed;background-color:#000000\"><div class=\"overBg\" style=\"background-color:#000000;opacity:0.8\"><\/div><div class=\"inner-container\"><div class=\"contentBlock\" style=\"max-width:1170px\">\n<h2 class=\"wp-block-heading has-text-align-center\">Raskaan kaluston C-kurssit Easy Driver Paimiossa<\/h2>\n\n\n\n<p><strong>Kurssimaksu osissa<\/strong><\/p>\n\n\n\n<p>Kurssilaskun voi maksaa kahdessa er\u00e4ss\u00e4 huomioiden, ett\u00e4 koko lasku on maksettu ennen ajojen varaamista.<\/p>\n\n\n\n<p><em>Mik\u00e4li haluat hy\u00f6dynt\u00e4\u00e4 Paytrailin maksutapoja, niin niist\u00e4 veloitamme lis\u00e4ksi 40 \u20ac lis\u00e4kulun.<\/em><\/p>\n\n\n\n<p><strong><strong>C-ajokortin suorittamisen ik\u00e4raja on 21v ja huomioithan my\u00f6s, ett\u00e4 suorittaessa ensimm\u00e4ist\u00e4 raskaan ajoneuvon korttia vaaditaan ryhm\u00e4n 2 ajoneuvoluokan l\u00e4\u00e4k\u00e4rintodistus.<\/strong><\/strong><\/p>\n\n\n\n<p>Ilmoittaudu kurssille. Kun ilmoittautumisesi on hyv\u00e4ksytty, saat s\u00e4hk\u00f6postiisi kaikki tarvittavat ohjeet kurssin aloittamiseen! Teoriatunnit voit seurata helposti et\u00e4opetuksena vaikka kotisohvaltasi. Uudet C-kurssit alkavat joka arkip\u00e4iv\u00e4 ja teoriatunteja voit suorittaa my\u00f6s viikonloppuisin.<\/p>\n\n\n\n<p>Ajotunnit ja ajokoe suunnitellaan tiiviiss\u00e4 tahdissa autokoulun kautta, kun teoriakoe on l\u00e4pi ja kurssi maksettu.<\/p>\n\n\n\n<p><strong>Kurssista saat tarvittaessa lis\u00e4tietoja numerosta 040 9110 470<\/strong><\/p>\n<\/div><\/div><\/div><\/div>\n<\/div>","protected":false},"excerpt":{"rendered":"","protected":false},"author":1,"featured_media":0,"parent":1410,"menu_order":0,"comment_status":"closed","ping_status":"closed","template":"page-templates\/etusivu.php","meta":{"footnotes":""},"class_list":["post-1417","page","type-page","status-publish","hentry"],"_links":{"self":[{"href":"https:\/\/easydriver.fi\/paimio\/wp-json\/wp\/v2\/pages\/1417","targetHints":{"allow":["GET"]}}],"collection":[{"href":"https:\/\/easydriver.fi\/paimio\/wp-json\/wp\/v2\/pages"}],"about":[{"href":"https:\/\/easydriver.fi\/paimio\/wp-json\/wp\/v2\/types\/page"}],"author":[{"embeddable":true,"href":"https:\/\/easydriver.fi\/paimio\/wp-json\/wp\/v2\/users\/1"}],"replies":[{"embeddable":true,"href":"https:\/\/easydriver.fi\/paimio\/wp-json\/wp\/v2\/comments?post=1417"}],"version-history":[{"count":4,"href":"https:\/\/easydriver.fi\/paimio\/wp-json\/wp\/v2\/pages\/1417\/revisions"}],"predecessor-version":[{"id":1696,"href":"https:\/\/easydriver.fi\/paimio\/wp-json\/wp\/v2\/pages\/1417\/revisions\/1696"}],"up":[{"embeddable":true,"href":"https:\/\/easydriver.fi\/paimio\/wp-json\/wp\/v2\/pages\/1410"}],"wp:attachment":[{"href":"https:\/\/easydriver.fi\/paimio\/wp-json\/wp\/v2\/media?parent=1417"}],"curies":[{"name":"wp","href":"https:\/\/api.w.org\/{rel}","templated":true}]}}