{"id":1656,"date":"2022-05-17T00:27:13","date_gmt":"2022-05-16T21:27:13","guid":{"rendered":"https:\/\/easydriver.fi\/kaarina\/kevyt-kuorma-autokortti\/"},"modified":"2026-03-16T12:19:30","modified_gmt":"2026-03-16T10:19:30","slug":"kevyt-kuorma-autokortti","status":"publish","type":"page","link":"https:\/\/easydriver.fi\/kaarina\/kurssi\/kevyt-kuorma-autokortti\/","title":{"rendered":"Kevyt kuorma-autokortti"},"content":{"rendered":"<div class=\"edxpd-cross-site-pattern wp-block-easy-hinnasto-cross-site-pattern\" data-source-blog=\"2\" data-pattern-id=\"5261\" data-pattern-slug=\"\">\n<div id=\"\" class=\"wp-block-gosign-gosign-background-container gosign-color-section btn-full align-false default-padding no-margin custom-width no-min-height lightColorLayout no-top-border no-bottom-border colorSectionFe background-fixed background-cover overlay-true defined-width main-header-secondary courseSection\"><div class=\"outer-container background-fixed\" style=\"background-image:url(https:\/\/easydriver.fi\/turku\/wp-content\/uploads\/sites\/2\/2025\/12\/groweobg.jpg);padding-top:60px;padding-bottom:60px;padding-left:40px;padding-right:40px;background-position:50% 50%;background-attachment:fixed\"><div class=\"overBg\" style=\"background-color:#000000;opacity:0.8\"><\/div><div class=\"inner-container\"><div class=\"contentBlock\" style=\"max-width:1170px\">\n<h1 class=\"wp-block-heading has-text-align-center\">C1-kortti Kaarina \u2013 Kevyt kuorma-autokortti<\/h1>\n\n\n\n<p class=\"has-text-align-center\"><strong><strong><strong>Hanki C1-ajokortti autokoulussa yksityis- tai ammattik\u00e4ytt\u00f6\u00f6n<\/strong><\/strong><\/strong><\/p>\n\n\n\n<p>Tarvitsetko ty\u00f6ss\u00e4si pakettiautoa suurempaa kuljetuskapasiteettia? <strong>C1-kortti eli kevyt kuorma-autokortti<\/strong> on v\u00e4ltt\u00e4m\u00e4t\u00f6n investointi monella alalla. Easy Driver Kaarina tarjoaa tehokkaan tavan hankkia ajo-oikeus ajoneuvoille, jotka ylitt\u00e4v\u00e4t henkil\u00f6auton painorajan mutta painavat alle 7500kg. C1-kortista on hy\u00f6ty\u00e4 monessa ammatissa, joissa on tarve ajaa hieman isommalla pakettiautolla.<\/p>\n\n\n\n<p>Kurssi on suunniteltu aikuisopiskelijan aikatauluihin sopivaksi. Nykyaikainen kalusto ja kokeneet opettajamme varmistavat, ett\u00e4 opit hallitsemaan isomman ajoneuvon vaivatta.<\/p>\n\n\n\n<p class=\"has-text-color has-link-color wp-elements-a8da89c8a66cbadc312b62666b80af61\" style=\"color:#ffff00\"><strong><em>Pro tip:<\/em><\/strong> C1-kortista on hy\u00f6ty\u00e4 monessa ammatissa, joissa on tarve ajaa hieman isommalla pakettiautolla.<\/p>\n\n\n\n<div class=\"wp-block-buttons is-style-button-keltainen is-horizontal is-content-justification-center is-layout-flex wp-container-core-buttons-is-layout-769315fb wp-block-buttons-is-layout-flex\">\n<div class=\"wp-block-button is-style-fill\"><a class=\"wp-block-button__link has-black-color has-text-color has-background has-link-color wp-element-button\" href=\"https:\/\/easydriver.fi\/usein-kysyttya\" style=\"border-radius:8px;background-color:#ffff00\"><strong>Lue: Usein kysytty\u00e4<\/strong><\/a><\/div>\n\n\n\n<div class=\"wp-block-button is-style-fill\"><a class=\"wp-block-button__link has-black-color has-text-color has-background has-link-color wp-element-button\" href=\"#paketit\" style=\"border-radius:8px;background-color:#ffff00\"><strong>Katso PAKETIT<\/strong><\/a><\/div>\n<\/div>\n<\/div><\/div><\/div><\/div>\n\n\n\n<div id=\"\" class=\"wp-block-gosign-gosign-background-container gosign-color-section btn-full align-false default-padding no-margin full-width no-min-height lightColorLayout no-top-border no-bottom-border colorSectionFe background-scroll background-repeat overlay-false defined-width main-header-secondary  lower-title\"><div class=\"outer-container background-scroll\" style=\"background-repeat:repeat;background-color:#000000\"><div class=\"inner-container\"><div class=\"contentBlock\">\n<h2 class=\"wp-block-heading has-text-align-center has-text-color has-medium-font-size\" style=\"color:#fff000\">C1 kevytkuorma-auton kortti autokoulussa<\/h2>\n<\/div><\/div><\/div><\/div>\n<\/div>\n\n\n<div id=\"\" class=\"wp-block-gosign-gosign-background-container gosign-color-section btn-full align-false small-padding no-margin full-width no-min-height lightColorLayout no-top-border no-bottom-border colorSectionFe background-scroll background-repeat overlay-false defined-width\"><div class=\"outer-container background-scroll\" style=\"background-repeat:repeat;background-color:#ffff00\"><div class=\"inner-container\"><div class=\"contentBlock\">\n<h3 class=\"wp-block-heading has-text-align-center has-black-color has-text-color has-small-font-size\" style=\"font-style:normal;font-weight:400\">Kurssien ajotunnit suoritetaan Turussa.<\/h3>\n<\/div><\/div><\/div><\/div>\n\n\n\n<div style=\"height:36px\" aria-hidden=\"true\" class=\"wp-block-spacer is-style-visible-spacer\"><\/div>\n\n\n\n<div class=\"wp-block-buttons is-layout-flex wp-block-buttons-is-layout-flex\">\n<div class=\"wp-block-button is-style-button-kaupungit\"><a class=\"wp-block-button__link wp-element-button\" href=\"#tietoa-kursseista\">klikkaa t\u00e4st\u00e4 ja katso lis\u00e4tiedot <strong>maksutavoista ja kursseista<\/strong><\/a><\/div>\n<\/div>\n\n\n\n<div style=\"height:50px\" aria-hidden=\"true\" class=\"wp-block-spacer is-style-visible-spacer\"><\/div>\n\n\n\n<div id=\"paketit\" class=\"wp-block-group is-style-pricegrid\"><div class=\"wp-block-group__inner-container is-layout-constrained wp-block-group-is-layout-constrained\">\n                                \r\n                                                                                                 \r\n                <div class=\"card-container card-pricetag\">\r\n                    <div class=\"card card-dark\">\r\n                                                <div class=\"card-img-top card-img-dark\">                            <!-- <img decoding=\"async\" src=\"https:\/\/easydriver.fi\/kaarina\/wp-content\/plugins\/easy-hinnasto\/images\/lines2_c1.png\" alt=\"\" class=\"card-img-type\"> -->\r\n                            <div class=\"card-body card-body-name card-body-dark\">\r\n                            <h5 class=\"card-title\">C1-Luokankorotus<\/h5>\r\n                                                    <\/div>\r\n                        <\/div>\r\n                        \r\n                        <div class=\"card-body card-body-price\">\r\n                            <p>349 \u20ac<\/p>\r\n\r\n                        <\/div>\r\n                        \r\n                        <ul class=\"list-group list-group-flush card-list-bg\">\r\n                                                        <li class=\"list-group-item icon-grid\">\r\n                                <div class=\"icon-cell-1\" title=\"Ajotunnit\"><i class=\"fa fa-car\"><\/i>3<\/div>\r\n                                <div class=\"icon-cell-2 noContent\">\r\n                                                                    <\/div>\r\n                                <div class=\"icon-cell-3\" title=\"Teoriatunnit\">2<i class=\"fa fa-book\"><\/i><\/div>\r\n                            <\/li>\r\n                                                        <li class=\"list-group-item\"><i class=\"fa fa-check\"><\/i>Viranomaiskuluineen: 548 \u20ac<\/li>\r\n                            <li class=\"list-group-item\"><i class=\"fa fa-angle-double-right\"><\/i> <a class=\"show-quickview\">katso kurssin sis\u00e4lt\u00f6<\/a><\/li>\r\n                            <div class=\"quickview-container\" data-expenses=\"Katso kuluerittely\" data-taglang=\"fi\">\r\n                                <!-- wp:list -->\n<ul class=\"pricetag-quickview\"><!-- wp:list-item -->\n<li><i class=\"fa fa-check-square list-quickview\"><\/i>Teoriakoeharjoitteluohjelma<\/li>\n<!-- \/wp:list-item -->\n\n<!-- wp:list-item -->\n<li><i class=\"fa fa-check-square list-quickview\"><\/i>2 Teoriatuntia<\/li>\n<!-- \/wp:list-item -->\n\n<!-- wp:list-item -->\n<li><i class=\"fa fa-check-square list-quickview\"><\/i>3 Ajotuntia<\/li>\n<!-- \/wp:list-item -->\n\n<!-- wp:list-item -->\n<li><i class=\"fa fa-check-square list-quickview\"><\/i>Auton k\u00e4ytt\u00f6 ensimm\u00e4isess\u00e4 tutkintoajossa<\/li>\n<!-- \/wp:list-item --><\/ul>\n<!-- \/wp:list -->\n\n<!-- wp:group {\"className\":\"is-style-price-breakdown\",\"layout\":{\"type\":\"constrained\"}} -->\n<div class=\"wp-block-group is-style-price-breakdown\"><!-- wp:paragraph -->\n<p><strong>Viranomaiskulut<\/strong><\/p>\n<!-- \/wp:paragraph -->\n\n<!-- wp:list -->\n<ul class=\"pricetag-quickview\"><!-- wp:list-item -->\n<li><i class=\"fa fa-check-square list-quickview\"><\/i>Ajokorttilupahakemus 45 \u20ac \/ s\u00e4hk\u00f6isesti 28 \u20ac<\/li>\n<!-- \/wp:list-item -->\n\n<!-- wp:list-item -->\n<li><i class=\"fa fa-check-square list-quickview\"><\/i>Teoriakoe 46 \u20ac<\/li>\n<!-- \/wp:list-item -->\n\n<!-- wp:list-item -->\n<li><i class=\"fa fa-check-square list-quickview\"><\/i>Ajokoe 125 \u20ac<\/li>\n<!-- \/wp:list-item --><\/ul>\n<!-- \/wp:list --><\/div>\n<!-- \/wp:group -->                            <\/div>\r\n                        <\/ul>\r\n                                                <div class=\"card-body card-body-footer card-body-footer-normal\">\r\n                            <a href=\"https:\/\/kuljettajaopetus.fi\/ilmoittaudu\/6520\/9c30aea01dafde4b396b27c61fccac88?lang=fi\" class=\"d-flex flex-grow-1 productTrigger\" onclick=\"gtag_report_conversion('https:\/\/kuljettajaopetus.fi\/ilmoittaudu\/6520\/9c30aea01dafde4b396b27c61fccac88?lang=fi'); false;\"><button type=\"button\" class=\"btn btn-pricetag\" data-tuotenimi=\"C1-Luokankorotus\" data-tuoteUid=\"39\" data-tuoteCity=\"Kaarina\">ILMOITTAUDU KURSSILLE<\/button><\/a>                        <\/div>\r\n                    <\/div>\r\n                <\/div>\n<\/div><\/div>\n\n\n\n<div style=\"height:100px\" aria-hidden=\"true\" class=\"wp-block-spacer is-style-visible-spacer\"><\/div>\n\n\n<div class=\"edxpd-cross-site-pattern wp-block-easy-hinnasto-cross-site-pattern\" data-source-blog=\"2\" data-pattern-id=\"5409\" data-pattern-slug=\"\">\n<div id=\"tietoa-kursseista\" class=\"wp-block-gosign-gosign-background-container gosign-color-section btn-full align-false default-padding no-margin custom-width no-min-height lightColorLayout no-top-border no-bottom-border colorSectionFe background-fixed background-cover overlay-true defined-width\"><div class=\"outer-container background-fixed\" style=\"background-image:url(https:\/\/easydriver.fi\/wp-content\/uploads\/2023\/01\/kouluajo_15.jpg);padding-top:60px;padding-bottom:60px;padding-left:40px;padding-right:40px;background-position:0% 0%;background-attachment:fixed\"><div class=\"overBg\" style=\"background-color:#000000;opacity:0.8\"><\/div><div class=\"inner-container\"><div class=\"contentBlock\" style=\"max-width:1170px\">\n<h2 class=\"wp-block-heading has-text-align-center\">Raskaan kaluston C1-kurssit Easy Driver Kaarinassa<\/h2>\n\n\n\n<p><strong>Kurssimaksu osissa<\/strong><\/p>\n\n\n\n<p>Kurssilaskun voi maksaa kahdessa er\u00e4ss\u00e4 huomioiden, ett\u00e4 koko lasku on maksettu ennen ajojen varaamista.<\/p>\n\n\n\n<p><em>Mik\u00e4li haluat hy\u00f6dynt\u00e4\u00e4 Paytrailin maksutapoja, niin niist\u00e4 veloitamme lis\u00e4ksi 40 \u20ac lis\u00e4kulun.<\/em><\/p>\n\n\n\n<p><strong>Huomioithan, ett\u00e4 suorittaessa ensimm\u00e4ist\u00e4 raskaan ajoneuvon korttia vaaditaan ryhm\u00e4n 2 ajoneuvoluokan l\u00e4\u00e4k\u00e4rintodistus.<\/strong><\/p>\n\n\n\n<p>Ilmoittaudu kurssille. Kun ilmoittautumisesi on hyv\u00e4ksytty, saat s\u00e4hk\u00f6postiisi kaikki tarvittavat ohjeet kurssin aloittamiseen! Teoriatunnit voit seurata helposti et\u00e4opetuksena vaikka kotisohvaltasi. T\u00e4m\u00e4n helpommaksi ei teoriatuntien suorittaminen tule!<br>Uudet C1 teoriatunnit alkavat joka keskiviikko.<\/p>\n\n\n\n<p>Ajotunnit ja ajokoe suunnitellaan tiiviiss\u00e4 tahdissa autokoulun kautta, kun teoriakoe on l\u00e4pi ja kurssi maksettu.<\/p>\n\n\n\n<p><strong>Kurssista saat tarvittaessa lis\u00e4tietoja numerosta 040 450 1749 \/ Puhelinpalvelu 040 3565 920<\/strong><\/p>\n<\/div><\/div><\/div><\/div>\n<\/div>","protected":false},"excerpt":{"rendered":"","protected":false},"author":1,"featured_media":0,"parent":1647,"menu_order":0,"comment_status":"closed","ping_status":"closed","template":"page-templates\/etusivu.php","meta":{"footnotes":""},"class_list":["post-1656","page","type-page","status-publish","hentry"],"_links":{"self":[{"href":"https:\/\/easydriver.fi\/kaarina\/wp-json\/wp\/v2\/pages\/1656","targetHints":{"allow":["GET"]}}],"collection":[{"href":"https:\/\/easydriver.fi\/kaarina\/wp-json\/wp\/v2\/pages"}],"about":[{"href":"https:\/\/easydriver.fi\/kaarina\/wp-json\/wp\/v2\/types\/page"}],"author":[{"embeddable":true,"href":"https:\/\/easydriver.fi\/kaarina\/wp-json\/wp\/v2\/users\/1"}],"replies":[{"embeddable":true,"href":"https:\/\/easydriver.fi\/kaarina\/wp-json\/wp\/v2\/comments?post=1656"}],"version-history":[{"count":4,"href":"https:\/\/easydriver.fi\/kaarina\/wp-json\/wp\/v2\/pages\/1656\/revisions"}],"predecessor-version":[{"id":2080,"href":"https:\/\/easydriver.fi\/kaarina\/wp-json\/wp\/v2\/pages\/1656\/revisions\/2080"}],"up":[{"embeddable":true,"href":"https:\/\/easydriver.fi\/kaarina\/wp-json\/wp\/v2\/pages\/1647"}],"wp:attachment":[{"href":"https:\/\/easydriver.fi\/kaarina\/wp-json\/wp\/v2\/media?parent=1656"}],"curies":[{"name":"wp","href":"https:\/\/api.w.org\/{rel}","templated":true}]}}