{"id":86,"date":"2014-04-10T05:23:19","date_gmt":"2014-04-10T02:23:19","guid":{"rendered":"http:\/\/easydriver.fi\/abo\/yhteystiedot\/"},"modified":"2026-04-16T14:12:38","modified_gmt":"2026-04-16T11:12:38","slug":"kontakt","status":"publish","type":"page","link":"https:\/\/easydriver.fi\/abo\/kontakt\/","title":{"rendered":"Kontakt"},"content":{"rendered":"\n<div id=\"\" class=\"wp-block-gosign-gosign-background-container gosign-color-section btn-full align-false default-padding no-margin full-width no-min-height lightColorLayout no-top-border no-bottom-border colorSectionFe background-scroll background-repeat overlay-false defined-width\"><div class=\"outer-container background-scroll\" style=\"background-repeat:repeat;background-color:#000000\"><div class=\"inner-container\"><div class=\"contentBlock\">\n<h2 class=\"wp-block-heading has-text-align-center has-text-color\" style=\"color:#fff000\">Kontakt<\/h2>\n<\/div><\/div><\/div><\/div>\n\n\n\n<div style=\"height:145px\" aria-hidden=\"true\" class=\"wp-block-spacer is-style-visible-spacer\"><\/div>\n\n\n\n<h2 class=\"wp-block-heading has-black-color has-text-color\">Easy Driver \u00c5bo<\/h2>\n\n\n\n<div class=\"wp-block-columns is-layout-flex wp-container-core-columns-is-layout-9d6595d7 wp-block-columns-is-layout-flex\">\n<div class=\"wp-block-column is-layout-flow wp-block-column-is-layout-flow\">\n<p class=\"has-medium-font-size\"><strong>Tel. 050 5261 195<\/strong><\/p>\n\n\n\n<p class=\"has-medium-font-size\"><strong><a href=\"mailto:parainen@easydriver.fi\">parainen@easydriver.fi<\/a><\/strong><\/p>\n\n\n<aside class=\"widget widget_text sci-yhteystiedot-block wp-block-simple-contact-info-yhteystiedot\"><div class=\"textwidget\"><p class=\"footer-avoinna-header\"><strong>Telefontj\u00e4nst<\/strong><\/p><ul class=\"footer-avoinna\"><li><div class=\"day_item\" data-day-key=\"opmon\"><p class=\"day_actual\">M\u00e5n<\/p><p class=\"hour_abbr\">kl.<\/p><p class=\"hour_actual\">12:00\u201317:00<\/p> <p class=\"footer-hours-note\" data-day-key=\"opmon\">(telefontj\u00e4nst)<\/p><\/div><\/li><li><div class=\"day_item\" data-day-key=\"opwed\"><p class=\"day_actual\">Ons<\/p><p class=\"hour_abbr\">kl.<\/p><p class=\"hour_actual\">12:00\u201317:00<\/p> <p class=\"footer-hours-note\" data-day-key=\"opwed\">(telefontj\u00e4nst)<\/p><\/div><\/li><li><div class=\"day_item\" data-day-key=\"opfri\"><p class=\"day_actual\">Fre<\/p><p class=\"hour_abbr\">kl.<\/p><p class=\"hour_actual\">10:00\u201315:00<\/p> <p class=\"footer-hours-note\" data-day-key=\"opfri\">(telefontj\u00e4nst)<\/p><\/div><\/li><\/ul><\/div><\/aside><\/div>\n\n\n\n<div class=\"wp-block-column is-layout-flow wp-block-column-is-layout-flow\">\n<div class=\"wp-block-group\"><div class=\"wp-block-group__inner-container is-layout-flow wp-block-group-is-layout-flow\">\n<p class=\"has-medium-font-size\"><strong><strong>Bes\u00f6ksadress<\/strong>:<\/strong><\/p>\n\n\n\n<p class=\"has-text-align-left has-medium-font-size\"><strong>Mariegatan 8, 20100 \u00c5bo<\/strong><\/p>\n<\/div><\/div>\n\n\n<iframe loading=\"lazy\" src=\"https:\/\/www.google.com\/maps\/embed?pb=!1m18!1m12!1m3!1d1967.495119691204!2d22.266817!3d60.45355!2m3!1f0!2f0!3f0!3m2!1i1024!2i768!4f13.1!3m3!1m2!1s0x468c76f99533b1a9%3A0x5c05cb6695d75f18!2sAutokoulu+Easy+Driver!5e0!3m2!1sfi!2sfi!4v1403053230819\" width=\"99%\" height=\"350\" frameborder=\"0\" style=\"border:0\"><\/iframe>\n<\/div>\n<\/div>\n\n\n\n<hr class=\"wp-block-separator has-css-opacity is-style-wide\"\/>\n\n\n\n<p class=\"has-small-font-size\"><strong>Samtalspriser<\/strong><\/p>\n\n\n\n<p class=\"has-small-font-size\">Normal lokaln\u00e4tsavgift (lna) eller mobilsamtalsavgift (msa) enligt den inhemska mobiloperat\u00f6rens prislista.<\/p>\n\n\n\n<p><\/p>\n\n\n\n<div style=\"height:407px\" aria-hidden=\"true\" class=\"wp-block-spacer is-style-visible-spacer\"><\/div>\n\n\n\n<p><\/p>\n\n\n\n<p><\/p>\n","protected":false},"excerpt":{"rendered":"<p>Easy Driver \u00c5bo Tel. Bes\u00f6ksadress: Samtalspriser Normal lokaln\u00e4tsavgift (lna) eller mobilsamtalsavgift (msa) enligt den inhemska mobiloperat\u00f6rens prislista.<\/p>\n","protected":false},"author":1,"featured_media":0,"parent":0,"menu_order":0,"comment_status":"closed","ping_status":"open","template":"page-templates\/yhteystiedot-tpl.php","meta":{"footnotes":""},"class_list":["post-86","page","type-page","status-publish","hentry"],"_links":{"self":[{"href":"https:\/\/easydriver.fi\/abo\/wp-json\/wp\/v2\/pages\/86","targetHints":{"allow":["GET"]}}],"collection":[{"href":"https:\/\/easydriver.fi\/abo\/wp-json\/wp\/v2\/pages"}],"about":[{"href":"https:\/\/easydriver.fi\/abo\/wp-json\/wp\/v2\/types\/page"}],"author":[{"embeddable":true,"href":"https:\/\/easydriver.fi\/abo\/wp-json\/wp\/v2\/users\/1"}],"replies":[{"embeddable":true,"href":"https:\/\/easydriver.fi\/abo\/wp-json\/wp\/v2\/comments?post=86"}],"version-history":[{"count":7,"href":"https:\/\/easydriver.fi\/abo\/wp-json\/wp\/v2\/pages\/86\/revisions"}],"predecessor-version":[{"id":2921,"href":"https:\/\/easydriver.fi\/abo\/wp-json\/wp\/v2\/pages\/86\/revisions\/2921"}],"wp:attachment":[{"href":"https:\/\/easydriver.fi\/abo\/wp-json\/wp\/v2\/media?parent=86"}],"curies":[{"name":"wp","href":"https:\/\/api.w.org\/{rel}","templated":true}]}}