{"id":2834,"date":"2023-10-10T05:06:48","date_gmt":"2023-10-10T02:06:48","guid":{"rendered":"https:\/\/easydriver.fi\/abo\/?page_id=2834"},"modified":"2026-04-16T14:13:35","modified_gmt":"2026-04-16T11:13:35","slug":"mopedkort","status":"publish","type":"page","link":"https:\/\/easydriver.fi\/abo\/kurssi\/mopedkort\/","title":{"rendered":"Mopedkort"},"content":{"rendered":"<div class=\"edxpd-cross-site-pattern wp-block-easy-hinnasto-cross-site-pattern\" data-source-blog=\"2\" data-pattern-id=\"5442\" data-pattern-slug=\"\">\n<div id=\"\" class=\"wp-block-gosign-gosign-background-container gosign-color-section btn-full align-false default-padding no-margin custom-width no-min-height lightColorLayout no-top-border no-bottom-border colorSectionFe background-fixed background-cover overlay-true defined-width main-header-secondary courseSection\"><div class=\"outer-container background-fixed\" style=\"background-image:url(https:\/\/easydriver.fi\/turku\/wp-content\/uploads\/sites\/2\/2025\/12\/groweobg.jpg);padding-top:60px;padding-bottom:60px;padding-left:40px;padding-right:40px;background-position:50% 50%;background-attachment:fixed\"><div class=\"overBg\" style=\"background-color:#000000;opacity:0.8\"><\/div><div class=\"inner-container\"><div class=\"contentBlock\" style=\"max-width:1170px\">\n<h1 class=\"wp-block-heading has-text-align-center\">Fixa mopedkort i \u00c5bo &#8211; The Easy way<\/h1>\n\n\n\n<p class=\"has-text-align-center\"><strong><strong>V\u00e4lj det paket som passar just dig<\/strong><\/strong>!<\/p>\n\n\n\n<p>Dr\u00f6mmer du om ett eget \u00e5kdon och friheten att ta dig vart som helst? Att ta mopedkort (AM120) har aldrig varit s\u00e5 h\u00e4r easy! Bilskola Easy Driver i \u00c5bo erbjuder mopedkurser som passar just dig, oavsett om du \u00e4r total nyb\u00f6rjare eller redan har lite koll p\u00e5 l\u00e4get.<\/p>\n\n\n\n<p>Teorilektionerna kan du sk\u00f6ta i lugn och ro hemma fr\u00e5n soffan. P\u00e5 k\u00f6rlektionerna f\u00e5r du k\u00f6ra antingen en traditionell scooter, en moped med v\u00e4xlar eller en superpopul\u00e4r elscooter. I alla paket ing\u00e5r digitalt studiematerial och l\u00e5n av moped till ditt f\u00f6rsta hanteringsprov.<\/p>\n\n\n\n<p>All our packages include electronic learning materials and use of the moped for your first handling test.<\/p>\n\n\n\n<p class=\"has-text-color has-link-color wp-elements-c587d70be1c2bbe7dcefd8afe39bad87\" style=\"color:#ffff00\"><strong><em>Pro tip<\/em>:<\/strong> Du kan g\u00f6ra teoriprovet redan en m\u00e5nad innan du fyller 15 \u00e5r. Ju f\u00f6rr du b\u00f6rjar, desto snabbare kommer du ut p\u00e5 v\u00e4garna!<\/p>\n\n\n\n<div class=\"wp-block-buttons is-style-button-keltainen is-horizontal is-content-justification-center is-layout-flex wp-container-core-buttons-is-layout-769315fb wp-block-buttons-is-layout-flex\">\n<div class=\"wp-block-button is-style-fill\"><a class=\"wp-block-button__link has-black-color has-text-color has-background has-link-color wp-element-button\" href=\"https:\/\/easydriver.fi\/en\/faq\" style=\"border-radius:8px;background-color:#ffff00\"><strong><strong>Vanliga Fr\u00e5gor<\/strong><\/strong><\/a><\/div>\n\n\n\n<div class=\"wp-block-button is-style-fill\"><a class=\"wp-block-button__link has-black-color has-text-color has-background has-link-color wp-element-button\" href=\"#paket\" style=\"border-radius:8px;background-color:#ffff00\"><strong><strong>Se alla kurspaket<\/strong><\/strong><\/a><\/div>\n<\/div>\n<\/div><\/div><\/div><\/div>\n\n\n\n<div id=\"\" class=\"wp-block-gosign-gosign-background-container gosign-color-section btn-full align-false default-padding no-margin full-width no-min-height lightColorLayout no-top-border no-bottom-border colorSectionFe background-scroll background-repeat overlay-false defined-width main-header-secondary  lower-title\"><div class=\"outer-container background-scroll\" style=\"background-repeat:repeat;background-color:#000000\"><div class=\"inner-container\"><div class=\"contentBlock\">\n<h2 class=\"wp-block-heading has-text-align-center has-text-color has-medium-font-size\" style=\"color:#fff000\">Mopedkurs i Bilskola \u00c5bo &#8211; AM120<br><\/h2>\n<\/div><\/div><\/div><\/div>\n<\/div>\n\n\n<div id=\"\" class=\"wp-block-gosign-gosign-background-container gosign-color-section btn-full align-false small-padding no-margin full-width no-min-height lightColorLayout no-top-border no-bottom-border colorSectionFe background-scroll background-repeat overlay-false defined-width\"><div class=\"outer-container background-scroll\" style=\"background-repeat:repeat;background-color:#ffff00\"><div class=\"inner-container\"><div class=\"contentBlock\">\n<h3 class=\"wp-block-heading has-text-align-center has-black-color has-text-color has-small-font-size\" style=\"font-style:normal;font-weight:600\">Kursernas k\u00f6rlektioner k\u00f6rs i \u00c5bo.<\/h3>\n\n\n\n<p class=\"has-text-align-center has-black-color has-text-color has-small-font-size\" style=\"font-style:normal;font-weight:600\">Kursens teoritimmarna talas p\u00e5 Finska, men textat p\u00e5 Svenska<\/p>\n<\/div><\/div><\/div><\/div>\n\n\n\n<div style=\"height:100px\" aria-hidden=\"true\" class=\"wp-block-spacer is-style-visible-spacer\"><\/div>\n\n\n\n<div id=\"paket\" class=\"wp-block-group is-style-pricegrid\"><div class=\"wp-block-group__inner-container is-layout-constrained wp-block-group-is-layout-constrained\">\n                                \r\n                                                                                                 \r\n                <div class=\"card-container card-pricetag\">\r\n                    <div class=\"card card-dark\">\r\n                                                <div class=\"card-img-top card-img-dark\">                            <!-- <img decoding=\"async\" src=\"https:\/\/easydriver.fi\/abo\/wp-content\/plugins\/easy-hinnasto\/images\/lines2_am120.png\" alt=\"\" class=\"card-img-type\"> -->\r\n                            <div class=\"card-body card-body-name card-body-dark\">\r\n                            <h5 class=\"card-title\">Mopedkurs AM120 <br \/>Paket 1<\/h5>\r\n                                                    <\/div>\r\n                        <\/div>\r\n                        \r\n                        <div class=\"card-body card-body-price\">\r\n                            <p>149 \u20ac<\/p>\r\n\r\n                        <\/div>\r\n                        \r\n                        <ul class=\"list-group list-group-flush card-list-bg\">\r\n                                                        <li class=\"list-group-item icon-grid\">\r\n                                <div class=\"icon-cell-1\" title=\"Ajotunnit\"><i class=\"fa fa-car\"><\/i>-<\/div>\r\n                                <div class=\"icon-cell-2 noContent\">\r\n                                                                    <\/div>\r\n                                <div class=\"icon-cell-3\" title=\"Teoriatunnit\">-<i class=\"fa fa-book\"><\/i><\/div>\r\n                            <\/li>\r\n                                                        <li class=\"list-group-item\"><i class=\"fa fa-check\"><\/i>Inklusive utgift: 259 \u20ac<\/li>\r\n                            <li class=\"list-group-item\"><i class=\"fa fa-angle-double-right\"><\/i> <a class=\"show-quickview\">Kolla kursen inneh\u00e5ll<\/a><\/li>\r\n                            <div class=\"quickview-container\" data-expenses=\"Katso kuluerittely\" data-taglang=\"sv_SE\">\r\n                                <!-- wp:list -->\n<ul class=\"pricetag-quickview\"><!-- wp:list-item -->\n<li><i class=\"fa fa-check-square list-quickview\"><\/i>Teoriprovutbildningsprogram<\/li>\n<!-- \/wp:list-item -->\n\n<!-- wp:list-item -->\n<li><i class=\"fa fa-check-square list-quickview\"><\/i>4 Teoritimmar (EAS)<\/li>\n<!-- \/wp:list-item -->\n\n<!-- wp:list-item -->\n<li><i class=\"fa fa-check-square list-quickview\"><\/i>1 K\u00f6rlektioner<\/li>\n<!-- \/wp:list-item -->\n\n<!-- wp:list-item -->\n<li><i class=\"fa fa-check-square list-quickview\"><\/i>Anv\u00e4ndning av moped vid f\u00f6rsta man\u00f6verprovet<\/li>\n<!-- \/wp:list-item --><\/ul>\n<!-- \/wp:list -->\n\n<!-- wp:group {\"className\":\"is-style-price-breakdown\",\"layout\":{\"type\":\"constrained\"}} -->\n<div class=\"wp-block-group is-style-price-breakdown\"><!-- wp:paragraph -->\n<p><strong>Viranomaiskulut<\/strong><\/p>\n<!-- \/wp:paragraph -->\n\n<!-- wp:list -->\n<ul class=\"pricetag-quickview\"><!-- wp:list-item -->\n<li><i class=\"fa fa-check-square list-quickview\"><\/i>Ajokorttilupahakemus 45 \u20ac \/ s\u00e4hk\u00f6isesti 28 \u20ac<\/li>\n<!-- \/wp:list-item -->\n\n<!-- wp:list-item -->\n<li><i class=\"fa fa-check-square list-quickview\"><\/i>Teoriakoe 46 \u20ac<\/li>\n<!-- \/wp:list-item -->\n\n<!-- wp:list-item -->\n<li><i class=\"fa fa-check-square list-quickview\"><\/i>K\u00e4sittelykoe 36 \u20ac<\/li>\n<!-- \/wp:list-item --><\/ul>\n<!-- \/wp:list --><\/div>\n<!-- \/wp:group -->\n\n<!-- wp:paragraph {\"style\":{\"typography\":{\"fontStyle\":\"normal\",\"fontWeight\":\"600\"}},\"fontSize\":\"small\"} -->\n<p class=\"has-small-font-size\" style=\"font-style:normal;font-weight:600\">P\u00e5 k\u00f6rlektionen g\u00e5r vi igenom mopedens utrustning och \u00f6var p\u00e5 man\u00f6veruppgifterna.<\/p>\n<!-- \/wp:paragraph -->\n\n<!-- wp:paragraph {\"style\":{\"typography\":{\"fontStyle\":\"normal\",\"fontWeight\":\"600\"}},\"fontSize\":\"small\"} -->\n<p class=\"has-small-font-size\" style=\"font-style:normal;font-weight:600\">Man\u00f6verprovet g\u00f6r du genast efter lektionens slut.<\/p>\n<!-- \/wp:paragraph -->                            <\/div>\r\n                        <\/ul>\r\n                                                <div class=\"card-body card-body-footer card-body-footer-normal\">\r\n                            <a href=\"https:\/\/easydriver.drima.app\/enrollment;ref=e24af3ca-2368-4ba5-8e80-ad0ff3534649\" class=\"d-flex flex-grow-1 productTrigger\" onclick=\"gtag_report_conversion('https:\/\/easydriver.drima.app\/enrollment;ref=e24af3ca-2368-4ba5-8e80-ad0ff3534649'); false;\"><button type=\"button\" class=\"btn btn-pricetag\" data-tuotenimi=\"Mopedkurs AM120 - Paket 1\" data-tuoteUid=\"76\" data-tuoteCity=\"\u00c5bo\">Anm\u00e4l dig till kursen<\/button><\/a>                        <\/div>\r\n                    <\/div>\r\n                <\/div>\n\n\n\n                                \r\n                                                                                                 \r\n                <div class=\"card-container card-pricetag\">\r\n                    <div class=\"card card-dark\">\r\n                                                <div class=\"card-img-top card-img-dark\">                            <!-- <img decoding=\"async\" src=\"https:\/\/easydriver.fi\/abo\/wp-content\/plugins\/easy-hinnasto\/images\/lines2_am120b.png\" alt=\"\" class=\"card-img-type\"> -->\r\n                            <div class=\"card-body card-body-name card-body-dark\">\r\n                            <h5 class=\"card-title\">Mopedkurs AM120 <br \/>Paket 2<\/h5>\r\n                                                    <\/div>\r\n                        <\/div>\r\n                        \r\n                        <div class=\"card-body card-body-price\">\r\n                            <p>264 \u20ac<\/p>\r\n\r\n                        <\/div>\r\n                        \r\n                        <ul class=\"list-group list-group-flush card-list-bg\">\r\n                                                        <li class=\"list-group-item icon-grid\">\r\n                                <div class=\"icon-cell-1\" title=\"Ajotunnit\"><i class=\"fa fa-car\"><\/i>-<\/div>\r\n                                <div class=\"icon-cell-2 noContent\">\r\n                                                                    <\/div>\r\n                                <div class=\"icon-cell-3\" title=\"Teoriatunnit\">-<i class=\"fa fa-book\"><\/i><\/div>\r\n                            <\/li>\r\n                                                        <li class=\"list-group-item\"><i class=\"fa fa-check\"><\/i>Inklusive utgift: 374 \u20ac<\/li>\r\n                            <li class=\"list-group-item\"><i class=\"fa fa-angle-double-right\"><\/i> <a class=\"show-quickview\">Kolla kursen inneh\u00e5ll<\/a><\/li>\r\n                            <div class=\"quickview-container\" data-expenses=\"Katso kuluerittely\" data-taglang=\"sv_SE\">\r\n                                <!-- wp:list -->\n<ul class=\"pricetag-quickview\"><!-- wp:list-item -->\n<li><i class=\"fa fa-check-square list-quickview\"><\/i>Teoriprovutbildningsprogram<\/li>\n<!-- \/wp:list-item -->\n\n<!-- wp:list-item -->\n<li><i class=\"fa fa-check-square list-quickview\"><\/i>4 Teoritimmar (EAS)<\/li>\n<!-- \/wp:list-item -->\n\n<!-- wp:list-item -->\n<li><i class=\"fa fa-check-square list-quickview\"><\/i>3 K\u00f6rlektioner<\/li>\n<!-- \/wp:list-item -->\n\n<!-- wp:list-item -->\n<li><i class=\"fa fa-check-square list-quickview\"><\/i>Anv\u00e4ndning av moped vid f\u00f6rsta man\u00f6verprovet<\/li>\n<!-- \/wp:list-item --><\/ul>\n<!-- \/wp:list -->\n\n<!-- wp:group {\"className\":\"is-style-price-breakdown\",\"layout\":{\"type\":\"constrained\"}} -->\n<div class=\"wp-block-group is-style-price-breakdown\"><!-- wp:paragraph -->\n<p><strong>Viranomaiskulut<\/strong><\/p>\n<!-- \/wp:paragraph -->\n\n<!-- wp:list -->\n<ul class=\"pricetag-quickview\"><!-- wp:list-item -->\n<li><i class=\"fa fa-check-square list-quickview\"><\/i>Ajokorttilupahakemus 45 \u20ac \/ s\u00e4hk\u00f6isesti 28 \u20ac<\/li>\n<!-- \/wp:list-item -->\n\n<!-- wp:list-item -->\n<li><i class=\"fa fa-check-square list-quickview\"><\/i>Teoriakoe 46 \u20ac<\/li>\n<!-- \/wp:list-item -->\n\n<!-- wp:list-item -->\n<li><i class=\"fa fa-check-square list-quickview\"><\/i>K\u00e4sittelykoe 36 \u20ac<\/li>\n<!-- \/wp:list-item --><\/ul>\n<!-- \/wp:list --><\/div>\n<!-- \/wp:group -->\n\n<!-- wp:paragraph {\"style\":{\"typography\":{\"fontStyle\":\"normal\",\"fontWeight\":\"600\"}},\"fontSize\":\"small\"} -->\n<p class=\"has-small-font-size\" style=\"font-style:normal;font-weight:600\">Vi rekommenderar Paket 2 f\u00f6r dej som inte har k\u00f6rerfarenhet fr\u00e5n trafiken. <\/p>\n<!-- \/wp:paragraph -->\n\n<!-- wp:paragraph {\"style\":{\"typography\":{\"fontStyle\":\"normal\",\"fontWeight\":\"600\"}},\"fontSize\":\"small\"} -->\n<p class=\"has-small-font-size\" style=\"font-style:normal;font-weight:600\">f\u00f6rutom mopedhantering bedrivs k\u00f6rlektioner i trafiken. P\u00e5 kursen f\u00e5r mopedisten grunderna i s\u00e4kert och korrekt trafikbeteende.<\/p>\n<!-- \/wp:paragraph -->                            <\/div>\r\n                        <\/ul>\r\n                                                <div class=\"card-body card-body-footer card-body-footer-normal\">\r\n                            <a href=\"https:\/\/easydriver.drima.app\/enrollment;ref=f4637cb1-1f31-44a7-8e6a-dc9af88c40e5\" class=\"d-flex flex-grow-1 productTrigger\" onclick=\"gtag_report_conversion('https:\/\/easydriver.drima.app\/enrollment;ref=f4637cb1-1f31-44a7-8e6a-dc9af88c40e5'); false;\"><button type=\"button\" class=\"btn btn-pricetag\" data-tuotenimi=\"Mopedkurs AM120 - Paket 2\" data-tuoteUid=\"88\" data-tuoteCity=\"\u00c5bo\">Anm\u00e4l dig till kursen<\/button><\/a>                        <\/div>\r\n                    <\/div>\r\n                <\/div>\n\n\n\n\n<\/div><\/div>\n\n\n\n<div style=\"height:100px\" aria-hidden=\"true\" class=\"wp-block-spacer is-style-visible-spacer\"><\/div>\n\n\n\n<div id=\"\" class=\"wp-block-gosign-gosign-background-container gosign-color-section btn-full align-false default-padding no-margin custom-width no-min-height lightColorLayout no-top-border no-bottom-border colorSectionFe background-fixed background-cover overlay-true defined-width\"><div class=\"outer-container background-fixed\" style=\"background-image:url(https:\/\/easydriver.fi\/wp-content\/uploads\/2023\/01\/kouluajo_4.jpg);padding-top:60px;padding-bottom:60px;padding-left:40px;padding-right:40px;background-position:0% 10%;background-attachment:fixed\"><div class=\"overBg\" style=\"background-color:#000000;opacity:0.6\"><\/div><div class=\"inner-container\"><div class=\"contentBlock\" style=\"max-width:1170px\">\n\n<h2 class=\"has-text-align-center wp-block-heading\" id=\"maksutavat\">Vid Easy kan du betala kurserna flexibelt<\/h2>\n\n\n\n<p class=\"has-medium-font-size\">Kursr\u00e4kningen kan ocks\u00e5 l\u00e4tt betalas med kreditr\u00e4kning eller avbetalning. Bekanta dig med v\u00e5ra olika betalningss\u00e4tt via nedanst\u00e5ende l\u00e4nk eller kontakta n\u00e4rmaste kontor.<\/p>\n\n\n\n<div class=\"wp-block-buttons is-style-button-generic-grid is-content-justification-center is-layout-flex wp-container-core-buttons-is-layout-16018d1d wp-block-buttons-is-layout-flex\">\n<div class=\"wp-block-button is-style-full-width-button\"><a class=\"wp-block-button__link has-black-background-color has-text-color has-background wp-element-button\" href=\"https:\/\/easydriver.fi\/sv\/betalningsalternativ\" style=\"border-radius:20px;color:#ffff00\">Bekanta dig med betalningss\u00e4tt samt leveransvillkor<\/a><\/div>\n<\/div>\n\n\n\n<div style=\"height:35px\" aria-hidden=\"true\" class=\"wp-block-spacer\"><\/div>\n\n\n\n<hr class=\"wp-block-separator has-text-color has-alpha-channel-opacity has-background is-style-wide\" style=\"background-color:#ffff00;color:#ffff00\"\/>\n\n\n\n<div style=\"height:35px\" aria-hidden=\"true\" class=\"wp-block-spacer\"><\/div>\n\n\n\n\n<h2 class=\"wp-block-heading has-text-align-center\">Mopedkurser enkelt via Easy Driver<\/h2>\n\n\n\n<p class=\"has-medium-font-size\">V\u00e4lj det kurspaketet som passar dej b\u00e4st och anm\u00e4l dej p\u00e5 mopedkurs. N\u00e4r anm\u00e4lningen \u00e4r godk\u00e4nd f\u00e5r du vidare instruktioner via e-post och sen kan du b\u00f6rja kursen fast genast! Teorilektionerna kan du f\u00f6lja p\u00e5 distans precis var det passar dej b\u00e4st. Enklare \u00e4n s\u00e5 h\u00e4r blir det inte att ta k\u00f6rkort!<br><br><strong>Observera att du kan g\u00f6ra teoriprovet redan en m\u00e5nad innan du fyller 15 \u00e5r. D\u00e5 g\u00e5r det snabbt att f\u00e5 k\u00f6rkortet genast efter du fyllt 15.<\/strong><\/p>\n\n\n\n<p class=\"has-medium-font-size\">I kurspaketet ing\u00e5r all obligatorisk k\u00f6rutrustning och v\u00e5r moped i ett man\u00f6verprov.<br>Hos oss kan du k\u00f6ra provet med endera skoter eller moped, och till och med med v\u00e5r popul\u00e4ra elskoter!<\/p>\n\n\n\n<p class=\"has-medium-font-size\">Mera info om b\u00e5de kurserna och mopederna f\u00e5r du p\u00e5 telefonnummer <strong>050 5261 195<\/strong><\/p>\n\n\n\n<div style=\"height:35px\" aria-hidden=\"true\" class=\"wp-block-spacer\"><\/div>\n\n\n\n<p class=\"has-text-align-center has-medium-font-size\"><strong>Beh\u00f6ver du endast teorikursen f\u00f6r Trafikens grunder (EAS)?<\/strong><\/p>\n\n\n\n<div class=\"wp-block-buttons is-style-button-generic-grid is-layout-flex wp-block-buttons-is-layout-flex\">\n<div class=\"wp-block-button is-style-full-width-button\"><a class=\"wp-block-button__link has-black-background-color has-text-color has-background wp-element-button\" href=\"..\/opetuslupa\/#eas\" style=\"border-radius:20px;color:#ffff00\">EAS-kurs<\/a><\/div>\n<\/div>\n<\/div><\/div><\/div><\/div>\n","protected":false},"excerpt":{"rendered":"","protected":false},"author":1,"featured_media":0,"parent":2642,"menu_order":0,"comment_status":"closed","ping_status":"closed","template":"","meta":{"footnotes":""},"class_list":["post-2834","page","type-page","status-publish","hentry"],"_links":{"self":[{"href":"https:\/\/easydriver.fi\/abo\/wp-json\/wp\/v2\/pages\/2834","targetHints":{"allow":["GET"]}}],"collection":[{"href":"https:\/\/easydriver.fi\/abo\/wp-json\/wp\/v2\/pages"}],"about":[{"href":"https:\/\/easydriver.fi\/abo\/wp-json\/wp\/v2\/types\/page"}],"author":[{"embeddable":true,"href":"https:\/\/easydriver.fi\/abo\/wp-json\/wp\/v2\/users\/1"}],"replies":[{"embeddable":true,"href":"https:\/\/easydriver.fi\/abo\/wp-json\/wp\/v2\/comments?post=2834"}],"version-history":[{"count":4,"href":"https:\/\/easydriver.fi\/abo\/wp-json\/wp\/v2\/pages\/2834\/revisions"}],"predecessor-version":[{"id":2913,"href":"https:\/\/easydriver.fi\/abo\/wp-json\/wp\/v2\/pages\/2834\/revisions\/2913"}],"up":[{"embeddable":true,"href":"https:\/\/easydriver.fi\/abo\/wp-json\/wp\/v2\/pages\/2642"}],"wp:attachment":[{"href":"https:\/\/easydriver.fi\/abo\/wp-json\/wp\/v2\/media?parent=2834"}],"curies":[{"name":"wp","href":"https:\/\/api.w.org\/{rel}","templated":true}]}}