{"id":2649,"date":"2022-05-17T00:27:46","date_gmt":"2022-05-16T21:27:46","guid":{"rendered":"https:\/\/easydriver.fi\/abo\/kuorma-autokortti\/"},"modified":"2026-03-31T14:20:37","modified_gmt":"2026-03-31T11:20:37","slug":"kuorma-autokortti","status":"publish","type":"page","link":"https:\/\/easydriver.fi\/abo\/kurssi\/kuorma-autokortti\/","title":{"rendered":"Kuorma-autokortti"},"content":{"rendered":"\n<div id=\"\" class=\"wp-block-gosign-gosign-background-container gosign-color-section btn-full align-false default-padding no-margin full-width no-min-height lightColorLayout no-top-border no-bottom-border colorSectionFe background-scroll background-repeat overlay-false defined-width\"><div class=\"outer-container background-scroll\" style=\"background-repeat:repeat;background-color:#000000\"><div class=\"inner-container\"><div class=\"contentBlock\">\n<h2 class=\"wp-block-heading has-text-align-center has-text-color\" style=\"color:#fff000\">C Kuorma-auton kortti<\/h2>\n<\/div><\/div><\/div><\/div>\n\n\n\n<div style=\"height:100px\" aria-hidden=\"true\" class=\"wp-block-spacer is-style-visible-spacer\"><\/div>\n\n\n\n<div class=\"wp-block-group is-style-pricegrid\"><div class=\"wp-block-group__inner-container is-layout-constrained wp-block-group-is-layout-constrained\">\n                                \r\n                                                                                                 \r\n                <div class=\"card-container card-pricetag\">\r\n                    <div class=\"card card-dark\">\r\n                                                <div class=\"card-img-top card-img-dark\">                            <!-- <img decoding=\"async\" src=\"https:\/\/easydriver.fi\/abo\/wp-content\/plugins\/easy-hinnasto\/images\/lines2_c.png\" alt=\"\" class=\"card-img-type\"> -->\r\n                            <div class=\"card-body card-body-name card-body-dark\">\r\n                            <h5 class=\"card-title\">C1 -> C -luokankorotus<\/h5>\r\n                                                    <\/div>\r\n                        <\/div>\r\n                        \r\n                        <div class=\"card-body card-body-price\">\r\n                            <p>499 \u20ac<\/p>\r\n\r\n                        <\/div>\r\n                        \r\n                        <ul class=\"list-group list-group-flush card-list-bg\">\r\n                                                        <li class=\"list-group-item icon-grid\">\r\n                                <div class=\"icon-cell-1\" title=\"Ajotunnit\"><i class=\"fa fa-car\"><\/i>5<\/div>\r\n                                <div class=\"icon-cell-2 noContent\">\r\n                                                                    <\/div>\r\n                                <div class=\"icon-cell-3\" title=\"Teoriatunnit\">3<i class=\"fa fa-book\"><\/i><\/div>\r\n                            <\/li>\r\n                                                        <li class=\"list-group-item\"><i class=\"fa fa-check\"><\/i>Inklusive utgift: 698 \u20ac<\/li>\r\n                            <li class=\"list-group-item\"><i class=\"fa fa-angle-double-right\"><\/i> <a class=\"show-quickview\">Kolla kursen inneh\u00e5ll<\/a><\/li>\r\n                            <div class=\"quickview-container\" data-expenses=\"Katso kuluerittely\" data-taglang=\"sv_SE\">\r\n                                <!-- wp:list -->\n<ul class=\"pricetag-quickview\"><!-- wp:list-item -->\n<li><i class=\"fa fa-check-square list-quickview\"><\/i>Alv 25,5 %<\/li>\n<!-- \/wp:list-item -->\n\n<!-- wp:list-item -->\n<li><i class=\"fa fa-check-square list-quickview\"><\/i>Teoriakoeharjoitteluohjelma<\/li>\n<!-- \/wp:list-item -->\n\n<!-- wp:list-item -->\n<li><i class=\"fa fa-check-square list-quickview\"><\/i>3 teoriatuntia<\/li>\n<!-- \/wp:list-item -->\n\n<!-- wp:list-item -->\n<li><i class=\"fa fa-check-square list-quickview\"><\/i>5 ajotuntia<\/li>\n<!-- \/wp:list-item -->\n\n<!-- wp:list-item -->\n<li><i class=\"fa fa-check-square list-quickview\"><\/i>Auton k\u00e4ytt\u00f6 tutkintoajossa<\/li>\n<!-- \/wp:list-item --><\/ul>\n<!-- \/wp:list -->\n\n<!-- wp:group {\"className\":\"is-style-price-breakdown\",\"layout\":{\"type\":\"constrained\"}} -->\n<div class=\"wp-block-group is-style-price-breakdown\"><!-- wp:paragraph -->\n<p><strong>Viranomaiskulut<\/strong><\/p>\n<!-- \/wp:paragraph -->\n\n<!-- wp:list -->\n<ul class=\"pricetag-quickview\"><!-- wp:list-item -->\n<li><i class=\"fa fa-check-square list-quickview\"><\/i>Ajokorttilupahakemus 45 \u20ac \/ s\u00e4hk\u00f6isesti 28 \u20ac<\/li>\n<!-- \/wp:list-item -->\n\n<!-- wp:list-item -->\n<li><i class=\"fa fa-check-square list-quickview\"><\/i>Teoriakoe 46 \u20ac<\/li>\n<!-- \/wp:list-item -->\n\n<!-- wp:list-item -->\n<li><i class=\"fa fa-check-square list-quickview\"><\/i>Ajokoe 125 \u20ac<\/li>\n<!-- \/wp:list-item --><\/ul>\n<!-- \/wp:list --><\/div>\n<!-- \/wp:group -->                            <\/div>\r\n                        <\/ul>\r\n                                                <div class=\"card-body card-body-footer card-body-footer-normal\">\r\n                            <a href=\"https:\/\/kuljettajaopetus.fi\/ilmoittaudu\/6522\/9c30aea01dafde4b396b27c61fccac88?lang=fi\" class=\"d-flex flex-grow-1 productTrigger\" onclick=\"gtag_report_conversion('https:\/\/kuljettajaopetus.fi\/ilmoittaudu\/6522\/9c30aea01dafde4b396b27c61fccac88?lang=fi'); false;\"><button type=\"button\" class=\"btn btn-pricetag\" data-tuotenimi=\"C1 -> C -luokankorotus\" data-tuoteUid=\"41\" data-tuoteCity=\"\u00c5bo\">Anm\u00e4l dig till kursen<\/button><\/a>                        <\/div>\r\n                    <\/div>\r\n                <\/div>\n\n\n\n                                \r\n                                                                                                 \r\n                <div class=\"card-container card-pricetag\">\r\n                    <div class=\"card card-dark\">\r\n                                                <div class=\"card-img-top card-img-dark\">                            <!-- <img decoding=\"async\" src=\"https:\/\/easydriver.fi\/abo\/wp-content\/plugins\/easy-hinnasto\/images\/lines2_c.png\" alt=\"\" class=\"card-img-type\"> -->\r\n                            <div class=\"card-body card-body-name card-body-dark\">\r\n                            <h5 class=\"card-title\">C1 -> C -luokankorotus <br \/> jos C1 1.12.2018 j\u00e4lk.<\/h5>\r\n                                                    <\/div>\r\n                        <\/div>\r\n                        \r\n                        <div class=\"card-body card-body-price\">\r\n                            <p>760 \u20ac<\/p>\r\n\r\n                        <\/div>\r\n                        \r\n                        <ul class=\"list-group list-group-flush card-list-bg\">\r\n                                                        <li class=\"list-group-item icon-grid\">\r\n                                <div class=\"icon-cell-1\" title=\"Ajotunnit\"><i class=\"fa fa-car\"><\/i>7<\/div>\r\n                                <div class=\"icon-cell-2 noContent\">\r\n                                                                    <\/div>\r\n                                <div class=\"icon-cell-3\" title=\"Teoriatunnit\">10<i class=\"fa fa-book\"><\/i><\/div>\r\n                            <\/li>\r\n                                                        <li class=\"list-group-item\"><i class=\"fa fa-check\"><\/i>Inklusive utgift: 959 \u20ac<\/li>\r\n                            <li class=\"list-group-item\"><i class=\"fa fa-angle-double-right\"><\/i> <a class=\"show-quickview\">Kolla kursen inneh\u00e5ll<\/a><\/li>\r\n                            <div class=\"quickview-container\" data-expenses=\"Katso kuluerittely\" data-taglang=\"sv_SE\">\r\n                                <!-- wp:paragraph {\"style\":{\"typography\":{\"fontStyle\":\"normal\",\"fontWeight\":\"600\"}},\"fontSize\":\"small\"} -->\n<p class=\"has-small-font-size\" style=\"font-style:normal;font-weight:600\">Mik\u00e4li olet saanut C1-kortin 1.12.2018 j\u00e4lkeen, tulee sinun suorittaa C-kurssi alla olevin opetusm\u00e4\u00e4rin.<\/p>\n<!-- \/wp:paragraph -->\n\n<!-- wp:list -->\n<ul class=\"pricetag-quickview\"><!-- wp:list-item -->\n<li><i class=\"fa fa-check-square list-quickview\"><\/i>Alv 25,5 %<\/li>\n<!-- \/wp:list-item -->\n\n<!-- wp:list-item -->\n<li><i class=\"fa fa-check-square list-quickview\"><\/i>Teoriakoeharjoitteluohjelma<\/li>\n<!-- \/wp:list-item -->\n\n<!-- wp:list-item -->\n<li><i class=\"fa fa-check-square list-quickview\"><\/i>10 teoriatuntia<\/li>\n<!-- \/wp:list-item -->\n\n<!-- wp:list-item -->\n<li><i class=\"fa fa-check-square list-quickview\"><\/i>7 ajotuntia<\/li>\n<!-- \/wp:list-item -->\n\n<!-- wp:list-item -->\n<li><i class=\"fa fa-check-square list-quickview\"><\/i>Auton k\u00e4ytt\u00f6 tutkintoajossa<\/li>\n<!-- \/wp:list-item --><\/ul>\n<!-- \/wp:list -->\n\n<!-- wp:group {\"className\":\"is-style-price-breakdown\",\"layout\":{\"type\":\"constrained\"}} -->\n<div class=\"wp-block-group is-style-price-breakdown\"><!-- wp:paragraph -->\n<p><strong>Viranomaiskulut<\/strong><\/p>\n<!-- \/wp:paragraph -->\n\n<!-- wp:list -->\n<ul class=\"pricetag-quickview\"><!-- wp:list-item -->\n<li><i class=\"fa fa-check-square list-quickview\"><\/i>Ajokorttilupahakemus 45 \u20ac \/ s\u00e4hk\u00f6isesti 28 \u20ac<\/li>\n<!-- \/wp:list-item -->\n\n<!-- wp:list-item -->\n<li><i class=\"fa fa-check-square list-quickview\"><\/i>Teoriakoe 46 \u20ac<\/li>\n<!-- \/wp:list-item -->\n\n<!-- wp:list-item -->\n<li><i class=\"fa fa-check-square list-quickview\"><\/i>Ajokoe 125 \u20ac<\/li>\n<!-- \/wp:list-item --><\/ul>\n<!-- \/wp:list --><\/div>\n<!-- \/wp:group -->                            <\/div>\r\n                        <\/ul>\r\n                                                <div class=\"card-body card-body-footer card-body-footer-normal\">\r\n                            <a href=\"https:\/\/kuljettajaopetus.fi\/ilmoittaudu\/6523\/9c30aea01dafde4b396b27c61fccac88?lang=fi\" class=\"d-flex flex-grow-1 productTrigger\" onclick=\"gtag_report_conversion('https:\/\/kuljettajaopetus.fi\/ilmoittaudu\/6523\/9c30aea01dafde4b396b27c61fccac88?lang=fi'); false;\"><button type=\"button\" class=\"btn btn-pricetag\" data-tuotenimi=\"C1 -> C -luokankorotus <br \/> jos C1 1.12.2018 j\u00e4lk.\" data-tuoteUid=\"122\" data-tuoteCity=\"\u00c5bo\">Anm\u00e4l dig till kursen<\/button><\/a>                        <\/div>\r\n                    <\/div>\r\n                <\/div>\n\n\n\n                                \r\n                                                                                                 \r\n                <div class=\"card-container card-pricetag\">\r\n                    <div class=\"card card-dark\">\r\n                                                <div class=\"card-img-top card-img-dark\">                            <!-- <img decoding=\"async\" src=\"https:\/\/easydriver.fi\/abo\/wp-content\/plugins\/easy-hinnasto\/images\/lines2_c.png\" alt=\"\" class=\"card-img-type\"> -->\r\n                            <div class=\"card-body card-body-name card-body-dark\">\r\n                            <h5 class=\"card-title\">C-Luokankorotus<\/h5>\r\n                                                    <\/div>\r\n                        <\/div>\r\n                        \r\n                        <div class=\"card-body card-body-price\">\r\n                            <p>999 \u20ac<\/p>\r\n\r\n                        <\/div>\r\n                        \r\n                        <ul class=\"list-group list-group-flush card-list-bg\">\r\n                                                        <li class=\"list-group-item icon-grid\">\r\n                                <div class=\"icon-cell-1\" title=\"Ajotunnit\"><i class=\"fa fa-car\"><\/i>10<\/div>\r\n                                <div class=\"icon-cell-2 noContent\">\r\n                                                                    <\/div>\r\n                                <div class=\"icon-cell-3\" title=\"Teoriatunnit\">12<i class=\"fa fa-book\"><\/i><\/div>\r\n                            <\/li>\r\n                                                        <li class=\"list-group-item\"><i class=\"fa fa-check\"><\/i>Inklusive utgift: 1198 \u20ac<\/li>\r\n                            <li class=\"list-group-item\"><i class=\"fa fa-angle-double-right\"><\/i> <a class=\"show-quickview\">Kolla kursen inneh\u00e5ll<\/a><\/li>\r\n                            <div class=\"quickview-container\" data-expenses=\"Katso kuluerittely\" data-taglang=\"sv_SE\">\r\n                                <!-- wp:list -->\n<ul class=\"pricetag-quickview\"><!-- wp:list-item -->\n<li><i class=\"fa fa-check-square list-quickview\"><\/i>Alv 25,5 %<\/li>\n<!-- \/wp:list-item -->\n\n<!-- wp:list-item -->\n<li><i class=\"fa fa-check-square list-quickview\"><\/i>Teoriakoeharjoitteluohjelma<\/li>\n<!-- \/wp:list-item -->\n\n<!-- wp:list-item -->\n<li><i class=\"fa fa-check-square list-quickview\"><\/i>12 teoriatuntia<\/li>\n<!-- \/wp:list-item -->\n\n<!-- wp:list-item -->\n<li><i class=\"fa fa-check-square list-quickview\"><\/i>10 tuntia ajoa<\/li>\n<!-- \/wp:list-item -->\n\n<!-- wp:list-item -->\n<li><i class=\"fa fa-check-square list-quickview\"><\/i>Auton k\u00e4ytt\u00f6 tutkintoajossa<\/li>\n<!-- \/wp:list-item --><\/ul>\n<!-- \/wp:list -->\n\n<!-- wp:group {\"className\":\"is-style-price-breakdown\",\"layout\":{\"type\":\"constrained\"}} -->\n<div class=\"wp-block-group is-style-price-breakdown\"><!-- wp:paragraph -->\n<p><strong>Viranomaiskulut<\/strong><\/p>\n<!-- \/wp:paragraph -->\n\n<!-- wp:list -->\n<ul class=\"pricetag-quickview\"><!-- wp:list-item -->\n<li><i class=\"fa fa-check-square list-quickview\"><\/i>Ajokorttilupahakemus 45 \u20ac \/ s\u00e4hk\u00f6isesti 28 \u20ac<\/li>\n<!-- \/wp:list-item -->\n\n<!-- wp:list-item -->\n<li><i class=\"fa fa-check-square list-quickview\"><\/i>Teoriakoe 46 \u20ac<\/li>\n<!-- \/wp:list-item -->\n\n<!-- wp:list-item -->\n<li><i class=\"fa fa-check-square list-quickview\"><\/i>Ajokoe 125 \u20ac<\/li>\n<!-- \/wp:list-item --><\/ul>\n<!-- \/wp:list --><\/div>\n<!-- \/wp:group -->                            <\/div>\r\n                        <\/ul>\r\n                                                <div class=\"card-body card-body-footer card-body-footer-normal\">\r\n                            <a href=\"https:\/\/kuljettajaopetus.fi\/ilmoittaudu\/6519\/9c30aea01dafde4b396b27c61fccac88?lang=fi\" class=\"d-flex flex-grow-1 productTrigger\" onclick=\"gtag_report_conversion('https:\/\/kuljettajaopetus.fi\/ilmoittaudu\/6519\/9c30aea01dafde4b396b27c61fccac88?lang=fi'); false;\"><button type=\"button\" class=\"btn btn-pricetag\" data-tuotenimi=\"C-Luokankorotus\" data-tuoteUid=\"40\" data-tuoteCity=\"\u00c5bo\">Anm\u00e4l dig till kursen<\/button><\/a>                        <\/div>\r\n                    <\/div>\r\n                <\/div>\n<\/div><\/div>\n\n\n\n<div style=\"height:100px\" aria-hidden=\"true\" class=\"wp-block-spacer is-style-visible-spacer\"><\/div>\n\n\n\n<div id=\"\" class=\"wp-block-gosign-gosign-background-container gosign-color-section btn-full align-false default-padding no-margin custom-width no-min-height lightColorLayout no-top-border no-bottom-border colorSectionFe background-fixed background-cover overlay-true defined-width\"><div class=\"outer-container background-fixed\" style=\"background-image:url(https:\/\/easydriver.fi\/wp-content\/uploads\/2023\/01\/kouluajo_7.jpg);padding-top:60px;padding-bottom:60px;padding-left:40px;padding-right:40px;background-position:0% 0%;background-attachment:fixed\"><div class=\"overBg\" style=\"background-color:#000000;opacity:0.6\"><\/div><div class=\"inner-container\"><div class=\"contentBlock\" style=\"max-width:1170px\">\n<p><\/p>\n\n\n\n<h2 class=\"wp-block-heading has-text-align-center\">Raskaan kaluston kurssit Easy Driverilta<\/h2>\n\n\n\n<p class=\"has-medium-font-size\">Ilmoittaudu kurssille. Kun ilmoittautumisesi on hyv\u00e4ksytty, saat s\u00e4hk\u00f6postiisi kaikki tarvittavat ohjeet kurssin aloittamiseen! Teoriatunnit voit seurata helposti et\u00e4opetuksena vaikka kotisohvaltasi. Uudet C-teoriatunnit alkavat joka viikko. T\u00e4m\u00e4n helpommaksi ei teoriatuntien suorittaminen tule!<\/p>\n\n\n\n<p class=\"has-medium-font-size\"><strong>C-ajokortin suorittamisen ik\u00e4raja on 21v ja huomioithan my\u00f6s ett\u00e4 suorittaessa ensimm\u00e4ist\u00e4 raskaan ajoneuvon korttia vaaditaan ryhm\u00e4n 2 ajoneuvoluokan l\u00e4\u00e4k\u00e4rintodistus.<\/strong><\/p>\n\n\n\n<p class=\"has-medium-font-size\">Kurssista saat tarvittaessa lis\u00e4tietoja numerosta 050 5261 195<\/p>\n<\/div><\/div><\/div><\/div>\n","protected":false},"excerpt":{"rendered":"","protected":false},"author":1,"featured_media":0,"parent":2642,"menu_order":0,"comment_status":"closed","ping_status":"closed","template":"page-templates\/etusivu.php","meta":{"footnotes":""},"class_list":["post-2649","page","type-page","status-publish","hentry"],"_links":{"self":[{"href":"https:\/\/easydriver.fi\/abo\/wp-json\/wp\/v2\/pages\/2649","targetHints":{"allow":["GET"]}}],"collection":[{"href":"https:\/\/easydriver.fi\/abo\/wp-json\/wp\/v2\/pages"}],"about":[{"href":"https:\/\/easydriver.fi\/abo\/wp-json\/wp\/v2\/types\/page"}],"author":[{"embeddable":true,"href":"https:\/\/easydriver.fi\/abo\/wp-json\/wp\/v2\/users\/1"}],"replies":[{"embeddable":true,"href":"https:\/\/easydriver.fi\/abo\/wp-json\/wp\/v2\/comments?post=2649"}],"version-history":[{"count":1,"href":"https:\/\/easydriver.fi\/abo\/wp-json\/wp\/v2\/pages\/2649\/revisions"}],"predecessor-version":[{"id":2896,"href":"https:\/\/easydriver.fi\/abo\/wp-json\/wp\/v2\/pages\/2649\/revisions\/2896"}],"up":[{"embeddable":true,"href":"https:\/\/easydriver.fi\/abo\/wp-json\/wp\/v2\/pages\/2642"}],"wp:attachment":[{"href":"https:\/\/easydriver.fi\/abo\/wp-json\/wp\/v2\/media?parent=2649"}],"curies":[{"name":"wp","href":"https:\/\/api.w.org\/{rel}","templated":true}]}}