{"id":2645,"date":"2022-10-31T18:14:47","date_gmt":"2022-10-31T16:14:47","guid":{"rendered":"https:\/\/easydriver.fi\/abo\/opetuslupa\/"},"modified":"2026-04-16T14:14:34","modified_gmt":"2026-04-16T11:14:34","slug":"undervisningstillstand","status":"publish","type":"page","link":"https:\/\/easydriver.fi\/abo\/kurssi\/undervisningstillstand\/","title":{"rendered":"Undervisningstillst\u00e5nd"},"content":{"rendered":"\n<div id=\"\" class=\"wp-block-gosign-gosign-background-container gosign-color-section btn-full align-false default-padding no-margin full-width no-min-height lightColorLayout no-top-border no-bottom-border colorSectionFe background-scroll background-repeat overlay-false defined-width\"><div class=\"outer-container background-scroll\" style=\"background-repeat:repeat;background-color:#000000\"><div class=\"inner-container\"><div class=\"contentBlock\">\n<h2 class=\"wp-block-heading has-text-align-center has-text-color\" style=\"color:#fff000\">Undervisningstillst\u00e5ndspaketer<\/h2>\n<\/div><\/div><\/div><\/div>\n\n\n\n<div id=\"\" class=\"wp-block-gosign-gosign-background-container gosign-color-section btn-full align-false small-padding no-margin full-width no-min-height lightColorLayout no-top-border no-bottom-border colorSectionFe background-scroll background-repeat overlay-false defined-width\"><div class=\"outer-container background-scroll\" style=\"background-repeat:repeat;background-color:#ffff00\"><div class=\"inner-container\"><div class=\"contentBlock\">\n<p class=\"has-text-align-center has-black-color has-text-color has-small-font-size\" style=\"font-style:normal;font-weight:600\">Kursens teoritimmarna talas p\u00e5 Finska, men textat p\u00e5 Svenska<\/p>\n<\/div><\/div><\/div><\/div>\n\n\n\n<div style=\"height:100px\" aria-hidden=\"true\" class=\"wp-block-spacer is-style-visible-spacer\"><\/div>\n\n\n\n<div id=\"riski\" class=\"wp-block-group is-style-pricegrid\"><div class=\"wp-block-group__inner-container is-layout-constrained wp-block-group-is-layout-constrained\">\n                                \r\n                                                                                                 \r\n                <div class=\"card-container card-pricetag\">\r\n                    <div class=\"card card-dark\">\r\n                                                <div class=\"card-img-top card-img-dark\">                            <!-- <img decoding=\"async\" src=\"https:\/\/easydriver.fi\/abo\/wp-content\/plugins\/easy-hinnasto\/images\/lines2_opetuslupa.png\" alt=\"\" class=\"card-img-type\"> -->\r\n                            <div class=\"card-body card-body-name card-body-dark\">\r\n                            <h5 class=\"card-title\">Riskskolning <br \/>paket 1<\/h5>\r\n                                                    <\/div>\r\n                        <\/div>\r\n                        \r\n                        <div class=\"card-body card-body-price\">\r\n                            <p>235 \u20ac<\/p>\r\n\r\n                        <\/div>\r\n                        \r\n                        <ul class=\"list-group list-group-flush card-list-bg\">\r\n                                                        <li class=\"list-group-item icon-grid\">\r\n                                <div class=\"icon-cell-1\" title=\"Ajotunnit\"><i class=\"fa fa-car\"><\/i>-<\/div>\r\n                                <div class=\"icon-cell-2 noContent\">\r\n                                                                    <\/div>\r\n                                <div class=\"icon-cell-3\" title=\"Teoriatunnit\">-<i class=\"fa fa-book\"><\/i><\/div>\r\n                            <\/li>\r\n                                                        <li class=\"list-group-item\"><i class=\"fa fa-check\"><\/i>Inklusive utgift: 235 \u20ac<\/li>\r\n                            <li class=\"list-group-item\"><i class=\"fa fa-angle-double-right\"><\/i> <a class=\"show-quickview\">Kolla kursen inneh\u00e5ll<\/a><\/li>\r\n                            <div class=\"quickview-container\" data-expenses=\"Katso kuluerittely\" data-taglang=\"sv_SE\">\r\n                                <!-- wp:list -->\n<ul class=\"pricetag-quickview\"><!-- wp:list-item -->\n<li><i class=\"fa fa-check-square list-quickview\"><\/i>Elektroniskt l\u00e4romedel + teoriprovutbildningsprogram<\/li>\n<!-- \/wp:list-item -->\n\n<!-- wp:list-item -->\n<li><i class=\"fa fa-check-square list-quickview\"><\/i>4 Riskteoritimmar<\/li>\n<!-- \/wp:list-item -->\n\n<!-- wp:list-item -->\n<li><i class=\"fa fa-check-square list-quickview\"><\/i>4 K\u00f6rlektioner (Av k\u00f6rlektionerna k\u00f6rs 1 med bil och 3 med simulator)<\/li>\n<!-- \/wp:list-item --><\/ul>\n<!-- \/wp:list -->                            <\/div>\r\n                        <\/ul>\r\n                                                <div class=\"card-body card-body-footer card-body-footer-normal\">\r\n                            <a href=\"https:\/\/easydriver.drima.app\/enrollment;ref=020360e5-1cae-4fa8-aa43-28073737d8a0\" class=\"d-flex flex-grow-1 productTrigger\" onclick=\"gtag_report_conversion('https:\/\/easydriver.drima.app\/enrollment;ref=020360e5-1cae-4fa8-aa43-28073737d8a0'); false;\"><button type=\"button\" class=\"btn btn-pricetag\" data-tuotenimi=\"Riskskolning - paket 1\" data-tuoteUid=\"111\" data-tuoteCity=\"\u00c5bo\">Anm\u00e4l dig till kursen<\/button><\/a>                        <\/div>\r\n                    <\/div>\r\n                <\/div>\n\n\n\n                                \r\n                                                                                                 \r\n                <div class=\"card-container card-pricetag\">\r\n                    <div class=\"card card-dark\">\r\n                        <div class=\"special-ribbon ribbon-top-right\"><span>Sis. EAS-tunnit!<\/span><\/div>\n                        <div class=\"card-img-top card-img-dark hasRibbon\">                            <!-- <img decoding=\"async\" src=\"https:\/\/easydriver.fi\/abo\/wp-content\/plugins\/easy-hinnasto\/images\/lines2_opetuslupa.png\" alt=\"\" class=\"card-img-type\"> -->\r\n                            <div class=\"card-body card-body-name card-body-dark\">\r\n                            <h5 class=\"card-title\">Riskskolning <br \/>paket 2<\/h5>\r\n                                                    <\/div>\r\n                        <\/div>\r\n                        \r\n                        <div class=\"card-body card-body-price\">\r\n                            <p>290 \u20ac<\/p>\r\n\r\n                        <\/div>\r\n                        \r\n                        <ul class=\"list-group list-group-flush card-list-bg\">\r\n                                                        <li class=\"list-group-item icon-grid\">\r\n                                <div class=\"icon-cell-1\" title=\"Ajotunnit\"><i class=\"fa fa-car\"><\/i>-<\/div>\r\n                                <div class=\"icon-cell-2 noContent\">\r\n                                                                    <\/div>\r\n                                <div class=\"icon-cell-3\" title=\"Teoriatunnit\">-<i class=\"fa fa-book\"><\/i><\/div>\r\n                            <\/li>\r\n                                                        <li class=\"list-group-item\"><i class=\"fa fa-check\"><\/i>Inklusive utgift: 290 \u20ac<\/li>\r\n                            <li class=\"list-group-item\"><i class=\"fa fa-angle-double-right\"><\/i> <a class=\"show-quickview\">Kolla kursen inneh\u00e5ll<\/a><\/li>\r\n                            <div class=\"quickview-container\" data-expenses=\"Katso kuluerittely\" data-taglang=\"sv_SE\">\r\n                                <!-- wp:list -->\n<ul class=\"pricetag-quickview\"><!-- wp:list-item -->\n<li><i class=\"fa fa-check-square list-quickview\"><\/i>Elektroniskt l\u00e4romedel + teoriprovutbildningsprogram<\/li>\n<!-- \/wp:list-item -->\n\n<!-- wp:list-item -->\n<li><i class=\"fa fa-check-square list-quickview\"><\/i>4 Riskteoritimmar<\/li>\n<!-- \/wp:list-item -->\n\n<!-- wp:list-item -->\n<li><i class=\"fa fa-check-square list-quickview\"><\/i>4 K\u00f6rlektioner (Av k\u00f6rlektionerna k\u00f6rs 2 med bil och 2 med simulator)<\/li>\n<!-- \/wp:list-item --><\/ul>\n<!-- \/wp:list -->                            <\/div>\r\n                        <\/ul>\r\n                                                <div class=\"card-body card-body-footer card-body-footer-normal\">\r\n                            <a href=\"https:\/\/easydriver.drima.app\/enrollment;ref=4efead31-4129-4334-b694-44816ea63643\" class=\"d-flex flex-grow-1 productTrigger\" onclick=\"gtag_report_conversion('https:\/\/easydriver.drima.app\/enrollment;ref=4efead31-4129-4334-b694-44816ea63643'); false;\"><button type=\"button\" class=\"btn btn-pricetag\" data-tuotenimi=\"Riskskolning - paket 2\" data-tuoteUid=\"112\" data-tuoteCity=\"\u00c5bo\">Anm\u00e4l dig till kursen<\/button><\/a>                        <\/div>\r\n                    <\/div>\r\n                <\/div>\n\n\n\n                                \r\n                                                                                                 \r\n                <div class=\"card-container card-pricetag\">\r\n                    <div class=\"card card-dark\">\r\n                        <div class=\"special-ribbon ribbon-top-right\"><span>Sis. EAS-tunnit!<\/span><\/div>\n                        <div class=\"card-img-top card-img-dark hasRibbon\">                            <!-- <img decoding=\"async\" src=\"https:\/\/easydriver.fi\/abo\/wp-content\/plugins\/easy-hinnasto\/images\/lines2_opetuslupa.png\" alt=\"\" class=\"card-img-type\"> -->\r\n                            <div class=\"card-body card-body-name card-body-dark\">\r\n                            <h5 class=\"card-title\">Riskskolning <br \/>paket 3<\/h5>\r\n                                                    <\/div>\r\n                        <\/div>\r\n                        \r\n                        <div class=\"card-body card-body-price\">\r\n                            <p>490 \u20ac<\/p>\r\n\r\n                        <\/div>\r\n                        \r\n                        <ul class=\"list-group list-group-flush card-list-bg\">\r\n                                                        <li class=\"list-group-item icon-grid\">\r\n                                <div class=\"icon-cell-1\" title=\"Ajotunnit\"><i class=\"fa fa-car\"><\/i>-<\/div>\r\n                                <div class=\"icon-cell-2 noContent\">\r\n                                                                    <\/div>\r\n                                <div class=\"icon-cell-3\" title=\"Teoriatunnit\">-<i class=\"fa fa-book\"><\/i><\/div>\r\n                            <\/li>\r\n                                                        <li class=\"list-group-item\"><i class=\"fa fa-check\"><\/i>Inklusive utgift: 490 \u20ac<\/li>\r\n                            <li class=\"list-group-item\"><i class=\"fa fa-angle-double-right\"><\/i> <a class=\"show-quickview\">Kolla kursen inneh\u00e5ll<\/a><\/li>\r\n                            <div class=\"quickview-container\" data-expenses=\"Katso kuluerittely\" data-taglang=\"sv_SE\">\r\n                                <!-- wp:list -->\n<ul class=\"pricetag-quickview\"><!-- wp:list-item -->\n<li><i class=\"fa fa-check-square list-quickview\"><\/i>Elektroniskt l\u00e4romedel + teoriprovutbildningsprogram<\/li>\n<!-- \/wp:list-item -->\n\n<!-- wp:list-item -->\n<li><i class=\"fa fa-check-square list-quickview\"><\/i>4 riskteoritimmar<\/li>\n<!-- \/wp:list-item -->\n\n<!-- wp:list-item -->\n<li><i class=\"fa fa-check-square list-quickview\"><\/i>4 K\u00f6rlektioner (Av k\u00f6rlektionerna k\u00f6rs 2 med bil och 2 med simulator)<\/li>\n<!-- \/wp:list-item -->\n\n<!-- wp:list-item -->\n<li><i class=\"fa fa-check-square list-quickview\"><\/i>3 Extra k\u00f6rlektion med bil<\/li>\n<!-- \/wp:list-item --><\/ul>\n<!-- \/wp:list -->\n\n<!-- wp:paragraph {\"style\":{\"typography\":{\"fontStyle\":\"normal\",\"fontWeight\":\"600\"}},\"fontSize\":\"small\"} -->\n<p class=\"has-small-font-size\" style=\"font-style:normal;font-weight:600\">I kurspaketet ing\u00e5r all obligatorisk undervisning: Riskutbildningen i sin helhet och tre extra k\u00f6rtimmar enligt behov.<\/p>\n<!-- \/wp:paragraph -->\n\n<!-- wp:paragraph {\"style\":{\"typography\":{\"fontStyle\":\"normal\",\"fontWeight\":\"600\"}},\"fontSize\":\"small\"} -->\n<p class=\"has-small-font-size\" style=\"font-style:normal;font-weight:600\">Dessa kan anv\u00e4ndas till hanterings\u00f6vningar eller t.e.x. som genrep till k\u00f6rprovet.<\/p>\n<!-- \/wp:paragraph -->                            <\/div>\r\n                        <\/ul>\r\n                                                <div class=\"card-body card-body-footer card-body-footer-normal\">\r\n                            <a href=\"https:\/\/easydriver.drima.app\/enrollment;ref=37b3ccb0-5cdf-4a4c-9a79-9e1ede293c3d\" class=\"d-flex flex-grow-1 productTrigger\" onclick=\"gtag_report_conversion('https:\/\/easydriver.drima.app\/enrollment;ref=37b3ccb0-5cdf-4a4c-9a79-9e1ede293c3d'); false;\"><button type=\"button\" class=\"btn btn-pricetag\" data-tuotenimi=\"Riskskolning - paket 3\" data-tuoteUid=\"113\" data-tuoteCity=\"\u00c5bo\">Anm\u00e4l dig till kursen<\/button><\/a>                        <\/div>\r\n                    <\/div>\r\n                <\/div>\n<\/div><\/div>\n\n\n\n<div style=\"height:49px\" aria-hidden=\"true\" class=\"wp-block-spacer is-style-visible-spacer\"><\/div>\n\n\n\n<p class=\"has-black-background-color has-text-color has-background has-medium-font-size\" style=\"color:#ffff00\"><strong>Om du inte har n\u00e5got k\u00f6rkort fr\u00e5n f\u00f6rut, ska du f\u00f6rst g\u00e5 kursen i Trafikens grunder (EAS), inna k\u00f6rundervisningen med undervisningstillst\u00e5nd kan b\u00f6rja.<\/strong><\/p>\n\n\n\n<div style=\"height:49px\" aria-hidden=\"true\" class=\"wp-block-spacer is-style-visible-spacer\"><\/div>\n\n\n\n<div id=\"eas\" class=\"wp-block-group is-style-pricegrid\"><div class=\"wp-block-group__inner-container is-layout-constrained wp-block-group-is-layout-constrained\">\n                                \r\n                                                                                                 \r\n                <div class=\"card-container card-pricetag\">\r\n                    <div class=\"card card-dark\">\r\n                                                <div class=\"card-img-top card-img-dark\">                            <!-- <img decoding=\"async\" src=\"https:\/\/easydriver.fi\/abo\/wp-content\/plugins\/easy-hinnasto\/images\/lines2_opetuslupa.png\" alt=\"\" class=\"card-img-type\"> -->\r\n                            <div class=\"card-body card-body-name card-body-dark\">\r\n                            <h5 class=\"card-title\">Trafikens grunder (EAS)<\/h5>\r\n                                                    <\/div>\r\n                        <\/div>\r\n                        \r\n                        <div class=\"card-body card-body-price\">\r\n                            <p>45 \u20ac<\/p>\r\n\r\n                        <\/div>\r\n                        \r\n                        <ul class=\"list-group list-group-flush card-list-bg\">\r\n                                                        <li class=\"list-group-item icon-grid\">\r\n                                <div class=\"icon-cell-1\" title=\"Ajotunnit\"><i class=\"fa fa-car\"><\/i>-<\/div>\r\n                                <div class=\"icon-cell-2 noContent\">\r\n                                                                    <\/div>\r\n                                <div class=\"icon-cell-3\" title=\"Teoriatunnit\">-<i class=\"fa fa-book\"><\/i><\/div>\r\n                            <\/li>\r\n                                                        <li class=\"list-group-item\"><i class=\"fa fa-check\"><\/i>Inklusive utgift: 45 \u20ac<\/li>\r\n                            <li class=\"list-group-item\"><i class=\"fa fa-angle-double-right\"><\/i> <a class=\"show-quickview\">Kolla kursen inneh\u00e5ll<\/a><\/li>\r\n                            <div class=\"quickview-container\" data-expenses=\"Katso kuluerittely\" data-taglang=\"sv_SE\">\r\n                                <!-- wp:list -->\n<ul class=\"pricetag-quickview\"><!-- wp:list-item -->\n<li><i class=\"fa fa-check-square list-quickview\"><\/i>4 Teoritimmar (EAS)<\/li>\n<!-- \/wp:list-item --><\/ul>\n<!-- \/wp:list -->                            <\/div>\r\n                        <\/ul>\r\n                                                <div class=\"card-body card-body-footer card-body-footer-normal\">\r\n                            <a href=\"https:\/\/easydriver.drima.app\/enrollment;ref=75c89b5e-07fb-4d73-82c9-961274b4f01c\" class=\"d-flex flex-grow-1 productTrigger\" onclick=\"gtag_report_conversion('https:\/\/easydriver.drima.app\/enrollment;ref=75c89b5e-07fb-4d73-82c9-961274b4f01c'); false;\"><button type=\"button\" class=\"btn btn-pricetag\" data-tuotenimi=\"Trafikens grunder (EAS)\" data-tuoteUid=\"58\" data-tuoteCity=\"\u00c5bo\">Anm\u00e4l dig till kursen<\/button><\/a>                        <\/div>\r\n                    <\/div>\r\n                <\/div>\n\n\n\n                                \r\n                                                                                                 \r\n                <div class=\"card-container card-pricetag\">\r\n                    <div class=\"card card-dark\">\r\n                                                <div class=\"card-img-top card-img-dark\">                            <!-- <img decoding=\"async\" src=\"https:\/\/easydriver.fi\/abo\/wp-content\/plugins\/easy-hinnasto\/images\/lines2_opetuslupa.png\" alt=\"\" class=\"card-img-type\"> -->\r\n                            <div class=\"card-body card-body-name card-body-dark\">\r\n                            <h5 class=\"card-title\">Trafikens grunder (EAS) +<\/h5>\r\n                                                    <\/div>\r\n                        <\/div>\r\n                        \r\n                        <div class=\"card-body card-body-price\">\r\n                            <p>90 \u20ac<\/p>\r\n\r\n                        <\/div>\r\n                        \r\n                        <ul class=\"list-group list-group-flush card-list-bg\">\r\n                                                        <li class=\"list-group-item icon-grid\">\r\n                                <div class=\"icon-cell-1\" title=\"Ajotunnit\"><i class=\"fa fa-car\"><\/i>-<\/div>\r\n                                <div class=\"icon-cell-2 noContent\">\r\n                                                                    <\/div>\r\n                                <div class=\"icon-cell-3\" title=\"Teoriatunnit\">-<i class=\"fa fa-book\"><\/i><\/div>\r\n                            <\/li>\r\n                                                        <li class=\"list-group-item\"><i class=\"fa fa-check\"><\/i>Inklusive utgift: 90 \u20ac<\/li>\r\n                            <li class=\"list-group-item\"><i class=\"fa fa-angle-double-right\"><\/i> <a class=\"show-quickview\">Kolla kursen inneh\u00e5ll<\/a><\/li>\r\n                            <div class=\"quickview-container\" data-expenses=\"Katso kuluerittely\" data-taglang=\"sv_SE\">\r\n                                <!-- wp:list -->\n<ul class=\"pricetag-quickview\"><!-- wp:list-item -->\n<li><i class=\"fa fa-check-square list-quickview\"><\/i>Elektroniskt l\u00e4romedel + teoriprovutbildningsprogram<\/li>\n<!-- \/wp:list-item -->\n\n<!-- wp:list-item -->\n<li><i class=\"fa fa-check-square list-quickview\"><\/i>4 Teoritimmar (EAS)<\/li>\n<!-- \/wp:list-item --><\/ul>\n<!-- \/wp:list -->                            <\/div>\r\n                        <\/ul>\r\n                                                <div class=\"card-body card-body-footer card-body-footer-normal\">\r\n                            <a href=\"https:\/\/easydriver.drima.app\/enrollment;ref=ccad7a4a-991e-446e-a4c4-e65da3580bf9\" class=\"d-flex flex-grow-1 productTrigger\" onclick=\"gtag_report_conversion('https:\/\/easydriver.drima.app\/enrollment;ref=ccad7a4a-991e-446e-a4c4-e65da3580bf9'); false;\"><button type=\"button\" class=\"btn btn-pricetag\" data-tuotenimi=\"Trafikens grunder (EAS) +\" data-tuoteUid=\"83\" data-tuoteCity=\"\u00c5bo\">Anm\u00e4l dig till kursen<\/button><\/a>                        <\/div>\r\n                    <\/div>\r\n                <\/div>\n<\/div><\/div>\n\n\n\n<div id=\"\" class=\"wp-block-gosign-gosign-background-container gosign-color-section btn-full align-false default-padding no-margin custom-width no-min-height lightColorLayout no-top-border no-bottom-border colorSectionFe background-fixed background-cover overlay-true defined-width\"><div class=\"outer-container background-fixed\" style=\"background-image:url(https:\/\/easydriver.fi\/wp-content\/uploads\/2023\/01\/kouluajo_2.jpg);padding-top:60px;padding-bottom:60px;padding-left:40px;padding-right:40px;background-position:0% 0%;background-attachment:fixed\"><div class=\"overBg\" style=\"background-color:#000000;opacity:0.6\"><\/div><div class=\"inner-container\"><div class=\"contentBlock\" style=\"max-width:1170px\">\n\n<h2 class=\"has-text-align-center wp-block-heading\" id=\"maksutavat\">Vid Easy kan du betala kurserna flexibelt<\/h2>\n\n\n\n<p class=\"has-medium-font-size\">Kursr\u00e4kningen kan ocks\u00e5 l\u00e4tt betalas med kreditr\u00e4kning eller avbetalning. Bekanta dig med v\u00e5ra olika betalningss\u00e4tt via nedanst\u00e5ende l\u00e4nk eller kontakta n\u00e4rmaste kontor.<\/p>\n\n\n\n<div class=\"wp-block-buttons is-style-button-generic-grid is-content-justification-center is-layout-flex wp-container-core-buttons-is-layout-16018d1d wp-block-buttons-is-layout-flex\">\n<div class=\"wp-block-button is-style-full-width-button\"><a class=\"wp-block-button__link has-black-background-color has-text-color has-background wp-element-button\" href=\"https:\/\/easydriver.fi\/sv\/betalningsalternativ\" style=\"border-radius:20px;color:#ffff00\">Bekanta dig med betalningss\u00e4tt samt leveransvillkor<\/a><\/div>\n<\/div>\n\n\n\n<div style=\"height:35px\" aria-hidden=\"true\" class=\"wp-block-spacer\"><\/div>\n\n\n\n<hr class=\"wp-block-separator has-text-color has-alpha-channel-opacity has-background is-style-wide\" style=\"background-color:#ffff00;color:#ffff00\"\/>\n\n\n\n<div style=\"height:35px\" aria-hidden=\"true\" class=\"wp-block-spacer\"><\/div>\n\n\n\n\n<h2 class=\"wp-block-heading\">Easy Drivers utbud till dej som k\u00f6r med undervisningslov<\/h2>\n\n\n\n<p class=\"has-medium-font-size\">Hos oss p\u00e5 Easy Driver hitter du garanterat ett passligt kurspaket, som du kan g\u00f6ra smidigt och enkelt. N\u00e4r anm\u00e4lningen \u00e4r godk\u00e4nd f\u00e5r du vidare instruktioner via e-post och sen kan du b\u00f6rja kursen fast genast! Teorilektionerna kan du f\u00f6lja p\u00e5 distans precis var det passar dej b\u00e4st.<\/p>\n\n\n\n<p class=\"has-medium-font-size\">Ifall inget av dessa paketalternativ inte motsvarar vad du vill ha, kan du ta kontakt till n\u00e4rmaste kontor s\u00e5 skr\u00e4ddarsyr vi ett paket just f\u00f6r dej.<\/p>\n\n\n\n<p class=\"has-medium-font-size\"><strong>Om du inte har n\u00e5got k\u00f6rkort fr\u00e5n tidigare m\u00e5ste du ocks\u00e5 delta i kursen Trafikens grunder (EAS) innan du kan b\u00f6rja \u00f6vningsk\u00f6ra med undervisningslov. Du f\u00e5r ett intyg fr\u00e5n bilskolan att du g\u00e5tt kursen, och det intyget skall alltid vara med i bilen n\u00e4r du \u00f6vningsk\u00f6r.<\/strong><\/p>\n\n\n\n<p class=\"has-medium-font-size\">Till\u00e4ggsinfo om kurserna f\u00e5r du p\u00e5 telefonnummer <strong><strong>050 5261 195.<\/strong><\/strong><\/p>\n<\/div><\/div><\/div><\/div>\n","protected":false},"excerpt":{"rendered":"<p>Om du inte har n\u00e5got k\u00f6rkort fr\u00e5n f\u00f6rut, ska du f\u00f6rst g\u00e5 kursen i Trafikens grunder (EAS), inna k\u00f6rundervisningen med undervisningstillst\u00e5nd kan b\u00f6rja.<\/p>\n","protected":false},"author":1,"featured_media":0,"parent":2642,"menu_order":0,"comment_status":"closed","ping_status":"closed","template":"","meta":{"footnotes":""},"class_list":["post-2645","page","type-page","status-publish","hentry"],"_links":{"self":[{"href":"https:\/\/easydriver.fi\/abo\/wp-json\/wp\/v2\/pages\/2645","targetHints":{"allow":["GET"]}}],"collection":[{"href":"https:\/\/easydriver.fi\/abo\/wp-json\/wp\/v2\/pages"}],"about":[{"href":"https:\/\/easydriver.fi\/abo\/wp-json\/wp\/v2\/types\/page"}],"author":[{"embeddable":true,"href":"https:\/\/easydriver.fi\/abo\/wp-json\/wp\/v2\/users\/1"}],"replies":[{"embeddable":true,"href":"https:\/\/easydriver.fi\/abo\/wp-json\/wp\/v2\/comments?post=2645"}],"version-history":[{"count":6,"href":"https:\/\/easydriver.fi\/abo\/wp-json\/wp\/v2\/pages\/2645\/revisions"}],"predecessor-version":[{"id":2917,"href":"https:\/\/easydriver.fi\/abo\/wp-json\/wp\/v2\/pages\/2645\/revisions\/2917"}],"up":[{"embeddable":true,"href":"https:\/\/easydriver.fi\/abo\/wp-json\/wp\/v2\/pages\/2642"}],"wp:attachment":[{"href":"https:\/\/easydriver.fi\/abo\/wp-json\/wp\/v2\/media?parent=2645"}],"curies":[{"name":"wp","href":"https:\/\/api.w.org\/{rel}","templated":true}]}}