{"id":2561,"date":"2014-04-10T05:21:48","date_gmt":"2014-04-10T02:21:48","guid":{"rendered":"https:\/\/easydriver.fi\/abo\/etusivu\/"},"modified":"2026-04-22T13:53:59","modified_gmt":"2026-04-22T10:53:59","slug":"etusivu","status":"publish","type":"page","link":"https:\/\/easydriver.fi\/abo\/","title":{"rendered":"Etusivu"},"content":{"rendered":"\n<div id=\"\" class=\"wp-block-gosign-gosign-background-container gosign-color-section btn-full align-false default-padding no-margin custom-width no-min-height lightColorLayout no-top-border no-bottom-border colorSectionFe background-fixed background-cover overlay-true defined-width main-header-secondary\"><div class=\"outer-container background-fixed\" style=\"background-image:url(https:\/\/easydriver.fi\/turku\/wp-content\/uploads\/sites\/2\/2025\/12\/groweobg.jpg);padding-top:60px;padding-bottom:60px;padding-left:40px;padding-right:40px;background-position:50% 50%;background-attachment:fixed\"><div class=\"overBg\" style=\"background-color:#000000;opacity:0.8\"><\/div><div class=\"inner-container\"><div class=\"contentBlock\" style=\"max-width:1170px\">\n<h1 class=\"wp-block-heading has-text-align-center\">Bilskola Easy Driver \u00c5bo<\/h1>\n\n\n\n<p>Hos Bilskola Easy Driver hittar du k\u00f6rkort f\u00f6r alla behov. Se v\u00e5ra f\u00f6rm\u00e5nliga kurspaket i \u00c5bo. Det \u00e4r enkelt att genomf\u00f6ra kursen och du kan b\u00f6rja p\u00e5 distans fast genast.<\/p>\n\n\n\n<p>Teorilektionerna kan du genomf\u00f6ra fr\u00e5n morgon till kv\u00e4ll enligt ditt eget schema. K\u00f6rlektionerna kommer du flexibelt \u00f6verens om med din egen l\u00e4rare, och simulatorlektionerna kan du enkelt utf\u00f6ra lokalt.<\/p>\n\n\n\n<p>Anm\u00e4l dig till en kurs eller l\u00e4s mer om den k\u00f6rkortsklass du vill ha.<\/p>\n\n\n\n<p>F\u00f6r fr\u00e5gor g\u00e4llande k\u00f6rkort eller genomf\u00f6rande av kurs hittar du mer information i v\u00e5r sektion f\u00f6r \u201d<a href=\"https:\/\/easydriver.fi\/abo\/vaniga-fragor\/\" data-type=\"page\" data-id=\"2556\">vanliga fr\u00e5gor<\/a>\u201d.<br>Om du har ytterligare fr\u00e5gor, tveka inte att kontakta oss p\u00e5 nummer 050 5261 195.<\/p>\n\n\n\n<div class=\"wp-block-buttons is-style-button-keltainen is-horizontal is-content-justification-center is-layout-flex wp-container-core-buttons-is-layout-769315fb wp-block-buttons-is-layout-flex\">\n<div class=\"wp-block-button is-style-fill\"><a class=\"wp-block-button__link has-black-color has-text-color has-background has-link-color wp-element-button\" href=\"https:\/\/easydriver.fi\/abo\/vaniga-fragor\/\" style=\"border-radius:8px;background-color:#ffff00\"><strong>VANLIGA FR\u00c5GOR<\/strong><\/a><\/div>\n\n\n\n<div class=\"wp-block-button is-style-fill\"><a class=\"wp-block-button__link has-black-color has-text-color has-background has-link-color wp-element-button\" href=\"#korttiluokat\" style=\"border-radius:8px;background-color:#ffff00\"><strong>KURSER<\/strong><\/a><\/div>\n<\/div>\n<\/div><\/div><\/div><\/div>\n\n\n\n<div id=\"\" class=\"wp-block-gosign-gosign-background-container gosign-color-section btn-full align-false default-padding no-margin full-width no-min-height lightColorLayout no-top-border no-bottom-border colorSectionFe background-scroll background-repeat overlay-false defined-width main-header-secondary\"><div class=\"outer-container background-scroll\" style=\"background-repeat:repeat;background-color:#000000\"><div class=\"inner-container\"><div class=\"contentBlock\">\n<h3 class=\"wp-block-heading has-text-align-center has-text-color has-medium-font-size\" style=\"color:#fff000\">V\u00e4lj k\u00f6rkortsklass<\/h3>\n<\/div><\/div><\/div><\/div>\n\n\n\n<div style=\"height:100px\" aria-hidden=\"true\" class=\"wp-block-spacer\"><\/div>\n\n\n\n<div class=\"wp-block-group cardgrid is-style-cardgrid\"><div class=\"wp-block-group__inner-container is-layout-constrained wp-block-group-is-layout-constrained\">\n                                \r\n                <div class=\"card-container card-categories\">\r\n                    <div class=\"card card-dark\">\r\n                        \r\n                        <div class=\"card-img-top card-img-dark\">                            <a href=\"https:\/\/easydriver.fi\/abo\/kurssi\/personbilkorkort\/\"><img decoding=\"async\" src=\"https:\/\/easydriver.fi\/abo\/wp-content\/plugins\/easy-hinnasto\/images\/lines2_b.png\" alt=\"\" class=\"card-img-type card-img-cats\"><\/a>\r\n                        <\/div>\r\n                        <div class=\"card-body card-body-category-name card-body-dark\">\r\n                            <h2 class=\"card-category-title\">Personbilskurser<\/h2>\r\n                        <\/div>\r\n                        <div class=\"card-body card-body-class\">\r\n                            <a href=\"https:\/\/easydriver.fi\/abo\/kurssi\/personbilkorkort\/\"><h3>B<\/h3><\/a>\r\n                        <\/div>\r\n\r\n                        <div class=\"card-body card-body-footer card-categories-footer\">\r\n                            <a href=\"https:\/\/easydriver.fi\/abo\/kurssi\/personbilkorkort\/\" class=\"d-flex flex-grow-1\"><button type=\"button\" class=\"btn btn-pricetag text-uppercase\">Kolla kurspaketet<\/button><\/a>\r\n                        <\/div>\r\n                    <\/div>\r\n                <\/div>\n\n\n\n                                \r\n                <div class=\"card-container card-categories\">\r\n                    <div class=\"card card-dark\">\r\n                        \r\n                        <div class=\"card-img-top card-img-dark\"><span class=\"badge text-bg-primary position-absolute border border-dark pt-2 pb-2 ps-3 pe-3 text-uppercase badge-custom\">Tarjous!<\/span>                            <a href=\"https:\/\/easydriver.fi\/abo\/kurssi\/mopedkort\/\"><img decoding=\"async\" src=\"https:\/\/easydriver.fi\/abo\/wp-content\/plugins\/easy-hinnasto\/images\/lines2_am120.png\" alt=\"\" class=\"card-img-type card-img-cats\"><\/a>\r\n                        <\/div>\r\n                        <div class=\"card-body card-body-category-name card-body-dark\">\r\n                            <h2 class=\"card-category-title\">Mopedkurser<\/h2>\r\n                        <\/div>\r\n                        <div class=\"card-body card-body-class\">\r\n                            <a href=\"https:\/\/easydriver.fi\/abo\/kurssi\/mopedkort\/\"><h3>AM120<\/h3><\/a>\r\n                        <\/div>\r\n\r\n                        <div class=\"card-body card-body-footer card-categories-footer\">\r\n                            <a href=\"https:\/\/easydriver.fi\/abo\/kurssi\/mopedkort\/\" class=\"d-flex flex-grow-1\"><button type=\"button\" class=\"btn btn-pricetag text-uppercase\">Kolla kurspaketet<\/button><\/a>\r\n                        <\/div>\r\n                    <\/div>\r\n                <\/div>\n\n\n\n                                \r\n                <div class=\"card-container card-categories\">\r\n                    <div class=\"card card-dark\">\r\n                        \r\n                        <div class=\"card-img-top card-img-dark\">                            <a href=\"https:\/\/easydriver.fi\/abo\/kurssi\/mopedbilskorkort\/\"><img decoding=\"async\" src=\"https:\/\/easydriver.fi\/abo\/wp-content\/plugins\/easy-hinnasto\/images\/lines2_am121.png\" alt=\"\" class=\"card-img-type card-img-cats\"><\/a>\r\n                        <\/div>\r\n                        <div class=\"card-body card-body-category-name card-body-dark\">\r\n                            <h2 class=\"card-category-title\">mopedbilskurser<\/h2>\r\n                        <\/div>\r\n                        <div class=\"card-body card-body-class\">\r\n                            <a href=\"https:\/\/easydriver.fi\/abo\/kurssi\/mopedbilskorkort\/\"><h3>AM121<\/h3><\/a>\r\n                        <\/div>\r\n\r\n                        <div class=\"card-body card-body-footer card-categories-footer\">\r\n                            <a href=\"https:\/\/easydriver.fi\/abo\/kurssi\/mopedbilskorkort\/\" class=\"d-flex flex-grow-1\"><button type=\"button\" class=\"btn btn-pricetag text-uppercase\">Kolla kurspaketet<\/button><\/a>\r\n                        <\/div>\r\n                    <\/div>\r\n                <\/div>\n\n\n\n                                \r\n                <div class=\"card-container card-categories\">\r\n                    <div class=\"card card-dark\">\r\n                        \r\n                        <div class=\"card-img-top card-img-dark\">                            <a href=\"https:\/\/easydriver.fi\/abo\/kurssi\/motorcykelkorkort\/\"><img decoding=\"async\" src=\"https:\/\/easydriver.fi\/abo\/wp-content\/plugins\/easy-hinnasto\/images\/lines2_a.png\" alt=\"\" class=\"card-img-type card-img-cats\"><\/a>\r\n                        <\/div>\r\n                        <div class=\"card-body card-body-category-name card-body-dark\">\r\n                            <h2 class=\"card-category-title\">Motorcykelkurser<\/h2>\r\n                        <\/div>\r\n                        <div class=\"card-body card-body-class\">\r\n                            <a href=\"https:\/\/easydriver.fi\/abo\/kurssi\/motorcykelkorkort\/\"><h3>A1 \/ A2 \/ A<\/h3><\/a>\r\n                        <\/div>\r\n\r\n                        <div class=\"card-body card-body-footer card-categories-footer\">\r\n                            <a href=\"https:\/\/easydriver.fi\/abo\/kurssi\/motorcykelkorkort\/\" class=\"d-flex flex-grow-1\"><button type=\"button\" class=\"btn btn-pricetag text-uppercase\">Kolla kurspaketet<\/button><\/a>\r\n                        <\/div>\r\n                    <\/div>\r\n                <\/div>\n\n\n\n                                \r\n                <div class=\"card-container card-categories\">\r\n                    <div class=\"card card-dark\">\r\n                        \r\n                        <div class=\"card-img-top card-img-dark\">                            <a href=\"https:\/\/easydriver.fi\/abo\/kurssi\/traktorkort\/\"><img decoding=\"async\" src=\"https:\/\/easydriver.fi\/abo\/wp-content\/plugins\/easy-hinnasto\/images\/lines2_traktori.png\" alt=\"\" class=\"card-img-type card-img-cats\"><\/a>\r\n                        <\/div>\r\n                        <div class=\"card-body card-body-category-name card-body-dark\">\r\n                            <h2 class=\"card-category-title\">Traktorkurser<\/h2>\r\n                        <\/div>\r\n                        <div class=\"card-body card-body-class\">\r\n                            <a href=\"https:\/\/easydriver.fi\/abo\/kurssi\/traktorkort\/\"><h3>T<\/h3><\/a>\r\n                        <\/div>\r\n\r\n                        <div class=\"card-body card-body-footer card-categories-footer\">\r\n                            <a href=\"https:\/\/easydriver.fi\/abo\/kurssi\/traktorkort\/\" class=\"d-flex flex-grow-1\"><button type=\"button\" class=\"btn btn-pricetag text-uppercase\">Kolla kurspaketet<\/button><\/a>\r\n                        <\/div>\r\n                    <\/div>\r\n                <\/div>\n\n\n\n                                \r\n                <div class=\"card-container card-categories\">\r\n                    <div class=\"card card-dark\">\r\n                        \r\n                        <div class=\"card-img-top card-img-dark\">                            <a href=\"https:\/\/easydriver.fi\/abo\/kurssi\/undervisningstillstand\/\"><img decoding=\"async\" src=\"https:\/\/easydriver.fi\/abo\/wp-content\/plugins\/easy-hinnasto\/images\/lines2_opetuslupa.png\" alt=\"\" class=\"card-img-type card-img-cats\"><\/a>\r\n                        <\/div>\r\n                        <div class=\"card-body card-body-category-name card-body-dark\">\r\n                            <h2 class=\"card-category-title\">Undervisningtillst\u00e5nd<\/h2>\r\n                        <\/div>\r\n                        <div class=\"card-body card-body-class\">\r\n                            <a href=\"https:\/\/easydriver.fi\/abo\/kurssi\/undervisningstillstand\/\"><h3>UNDERVISNINGTILLST\u00c5ND<\/h3><\/a>\r\n                        <\/div>\r\n\r\n                        <div class=\"card-body card-body-footer card-categories-footer\">\r\n                            <a href=\"https:\/\/easydriver.fi\/abo\/kurssi\/undervisningstillstand\/\" class=\"d-flex flex-grow-1\"><button type=\"button\" class=\"btn btn-pricetag text-uppercase\">Kolla kurspaketet<\/button><\/a>\r\n                        <\/div>\r\n                    <\/div>\r\n                <\/div>\n\n\n\n                                \r\n                <div class=\"card-container card-categories\">\r\n                    <div class=\"card card-dark\">\r\n                        \r\n                        <div class=\"card-img-top card-img-dark\">                            <a href=\"https:\/\/easydriver.fi\/abo\/kurssi\/andra-tjanster\/\"><img decoding=\"async\" src=\"https:\/\/easydriver.fi\/abo\/wp-content\/plugins\/easy-hinnasto\/images\/lines2_palvelut.png\" alt=\"\" class=\"card-img-type card-img-cats\"><\/a>\r\n                        <\/div>\r\n                        <div class=\"card-body card-body-category-name card-body-dark\">\r\n                            <h2 class=\"card-category-title\">Andra tj\u00e4nster<\/h2>\r\n                        <\/div>\r\n                        <div class=\"card-body card-body-class\">\r\n                            <a href=\"https:\/\/easydriver.fi\/abo\/kurssi\/andra-tjanster\/\"><h3>ANDRA TJ\u00c4NSTER<\/h3><\/a>\r\n                        <\/div>\r\n\r\n                        <div class=\"card-body card-body-footer card-categories-footer\">\r\n                            <a href=\"https:\/\/easydriver.fi\/abo\/kurssi\/andra-tjanster\/\" class=\"d-flex flex-grow-1\"><button type=\"button\" class=\"btn btn-pricetag text-uppercase\">Kolla kurspaketet<\/button><\/a>\r\n                        <\/div>\r\n                    <\/div>\r\n                <\/div>\n<\/div><\/div>\n\n\n\n<div style=\"height:100px\" aria-hidden=\"true\" class=\"wp-block-spacer\"><\/div>\n\n\n\n<div id=\"\" class=\"wp-block-gosign-gosign-background-container gosign-color-section btn-full align-false default-padding no-margin custom-width no-min-height lightColorLayout no-top-border no-bottom-border colorSectionFe background-fixed background-cover overlay-true defined-width\"><div class=\"outer-container background-fixed\" style=\"background-image:url(https:\/\/easydriver.fi\/wp-content\/uploads\/2023\/01\/puuma-scaled-1.jpg);padding-top:60px;padding-bottom:60px;padding-left:40px;padding-right:40px;background-position:0% 17%;background-attachment:fixed\"><div class=\"overBg\" style=\"background-color:#000000;opacity:0.8\"><\/div><div class=\"inner-container\"><div class=\"contentBlock\" style=\"max-width:1170px\">\n<h3 class=\"wp-block-heading has-text-align-center\">Kursutbudet p\u00e5 Easy Driver<\/h3>\n\n\n\n<p>V\u00e4lj r\u00e4tt k\u00f6rkortsklass ovan. H\u00e4r hittar du v\u00e5ra olika kurs-paketalternativ, h\u00e4r kan du anm\u00e4la dej och h\u00e4r hittar du till\u00e4ggsinfo om de olika k\u00f6rkortsklasserna. Om du \u00e4nnu har n\u00e5got att fr\u00e5ga kan du ringa oss p\u00e5 nummer <strong><strong>050 5261 195<\/strong><\/strong>.<\/p>\n\n\n\n<p>Kom med i v\u00e5rt coola g\u00e4ng, f\u00f6lj oss p\u00e5 v\u00e5r resa via SoMe s\u00e5 f\u00e5r du info om b\u00e5de v\u00e5ra fordon och v\u00e5r personal!<\/p>\n\n\n\n<div style=\"height:38px\" aria-hidden=\"true\" class=\"wp-block-spacer\"><\/div>\n\n\n\n<ul class=\"wp-block-social-links has-normal-icon-size is-style-pill-shape is-content-justification-center is-layout-flex wp-container-core-social-links-is-layout-16018d1d wp-block-social-links-is-layout-flex\"><li class=\"wp-social-link wp-social-link-instagram  wp-block-social-link\"><a rel=\"noopener nofollow\" target=\"_blank\" href=\"https:\/\/www.instagram.com\/easydriver\/\" class=\"wp-block-social-link-anchor\"><svg width=\"24\" height=\"24\" viewBox=\"0 0 24 24\" version=\"1.1\" xmlns=\"http:\/\/www.w3.org\/2000\/svg\" aria-hidden=\"true\" focusable=\"false\"><path d=\"M12,4.622c2.403,0,2.688,0.009,3.637,0.052c0.877,0.04,1.354,0.187,1.671,0.31c0.42,0.163,0.72,0.358,1.035,0.673 c0.315,0.315,0.51,0.615,0.673,1.035c0.123,0.317,0.27,0.794,0.31,1.671c0.043,0.949,0.052,1.234,0.052,3.637 s-0.009,2.688-0.052,3.637c-0.04,0.877-0.187,1.354-0.31,1.671c-0.163,0.42-0.358,0.72-0.673,1.035 c-0.315,0.315-0.615,0.51-1.035,0.673c-0.317,0.123-0.794,0.27-1.671,0.31c-0.949,0.043-1.233,0.052-3.637,0.052 s-2.688-0.009-3.637-0.052c-0.877-0.04-1.354-0.187-1.671-0.31c-0.42-0.163-0.72-0.358-1.035-0.673 c-0.315-0.315-0.51-0.615-0.673-1.035c-0.123-0.317-0.27-0.794-0.31-1.671C4.631,14.688,4.622,14.403,4.622,12 s0.009-2.688,0.052-3.637c0.04-0.877,0.187-1.354,0.31-1.671c0.163-0.42,0.358-0.72,0.673-1.035 c0.315-0.315,0.615-0.51,1.035-0.673c0.317-0.123,0.794-0.27,1.671-0.31C9.312,4.631,9.597,4.622,12,4.622 M12,3 C9.556,3,9.249,3.01,8.289,3.054C7.331,3.098,6.677,3.25,6.105,3.472C5.513,3.702,5.011,4.01,4.511,4.511 c-0.5,0.5-0.808,1.002-1.038,1.594C3.25,6.677,3.098,7.331,3.054,8.289C3.01,9.249,3,9.556,3,12c0,2.444,0.01,2.751,0.054,3.711 c0.044,0.958,0.196,1.612,0.418,2.185c0.23,0.592,0.538,1.094,1.038,1.594c0.5,0.5,1.002,0.808,1.594,1.038 c0.572,0.222,1.227,0.375,2.185,0.418C9.249,20.99,9.556,21,12,21s2.751-0.01,3.711-0.054c0.958-0.044,1.612-0.196,2.185-0.418 c0.592-0.23,1.094-0.538,1.594-1.038c0.5-0.5,0.808-1.002,1.038-1.594c0.222-0.572,0.375-1.227,0.418-2.185 C20.99,14.751,21,14.444,21,12s-0.01-2.751-0.054-3.711c-0.044-0.958-0.196-1.612-0.418-2.185c-0.23-0.592-0.538-1.094-1.038-1.594 c-0.5-0.5-1.002-0.808-1.594-1.038c-0.572-0.222-1.227-0.375-2.185-0.418C14.751,3.01,14.444,3,12,3L12,3z M12,7.378 c-2.552,0-4.622,2.069-4.622,4.622S9.448,16.622,12,16.622s4.622-2.069,4.622-4.622S14.552,7.378,12,7.378z M12,15 c-1.657,0-3-1.343-3-3s1.343-3,3-3s3,1.343,3,3S13.657,15,12,15z M16.804,6.116c-0.596,0-1.08,0.484-1.08,1.08 s0.484,1.08,1.08,1.08c0.596,0,1.08-0.484,1.08-1.08S17.401,6.116,16.804,6.116z\"><\/path><\/svg><span class=\"wp-block-social-link-label screen-reader-text\">Instagram<\/span><\/a><\/li>\n\n<li class=\"wp-social-link wp-social-link-facebook  wp-block-social-link\"><a rel=\"noopener nofollow\" target=\"_blank\" href=\"https:\/\/www.facebook.com\/AutokouluEasyDriver\/\" class=\"wp-block-social-link-anchor\"><svg width=\"24\" height=\"24\" viewBox=\"0 0 24 24\" version=\"1.1\" xmlns=\"http:\/\/www.w3.org\/2000\/svg\" aria-hidden=\"true\" focusable=\"false\"><path d=\"M12 2C6.5 2 2 6.5 2 12c0 5 3.7 9.1 8.4 9.9v-7H7.9V12h2.5V9.8c0-2.5 1.5-3.9 3.8-3.9 1.1 0 2.2.2 2.2.2v2.5h-1.3c-1.2 0-1.6.8-1.6 1.6V12h2.8l-.4 2.9h-2.3v7C18.3 21.1 22 17 22 12c0-5.5-4.5-10-10-10z\"><\/path><\/svg><span class=\"wp-block-social-link-label screen-reader-text\">Facebook<\/span><\/a><\/li>\n\n<li class=\"wp-social-link wp-social-link-tiktok  wp-block-social-link\"><a rel=\"noopener nofollow\" target=\"_blank\" href=\"https:\/\/www.tiktok.com\/@autokoulueasydriver\" class=\"wp-block-social-link-anchor\"><svg width=\"24\" height=\"24\" viewBox=\"0 0 32 32\" version=\"1.1\" xmlns=\"http:\/\/www.w3.org\/2000\/svg\" aria-hidden=\"true\" focusable=\"false\"><path d=\"M16.708 0.027c1.745-0.027 3.48-0.011 5.213-0.027 0.105 2.041 0.839 4.12 2.333 5.563 1.491 1.479 3.6 2.156 5.652 2.385v5.369c-1.923-0.063-3.855-0.463-5.6-1.291-0.76-0.344-1.468-0.787-2.161-1.24-0.009 3.896 0.016 7.787-0.025 11.667-0.104 1.864-0.719 3.719-1.803 5.255-1.744 2.557-4.771 4.224-7.88 4.276-1.907 0.109-3.812-0.411-5.437-1.369-2.693-1.588-4.588-4.495-4.864-7.615-0.032-0.667-0.043-1.333-0.016-1.984 0.24-2.537 1.495-4.964 3.443-6.615 2.208-1.923 5.301-2.839 8.197-2.297 0.027 1.975-0.052 3.948-0.052 5.923-1.323-0.428-2.869-0.308-4.025 0.495-0.844 0.547-1.485 1.385-1.819 2.333-0.276 0.676-0.197 1.427-0.181 2.145 0.317 2.188 2.421 4.027 4.667 3.828 1.489-0.016 2.916-0.88 3.692-2.145 0.251-0.443 0.532-0.896 0.547-1.417 0.131-2.385 0.079-4.76 0.095-7.145 0.011-5.375-0.016-10.735 0.025-16.093z\" \/><\/svg><span class=\"wp-block-social-link-label screen-reader-text\">TikTok<\/span><\/a><\/li><\/ul>\n\n\n\n<div style=\"height:18px\" aria-hidden=\"true\" class=\"wp-block-spacer\"><\/div>\n<\/div><\/div><\/div><\/div>\n\n\n\n<div id=\"\" class=\"wp-block-gosign-gosign-background-container gosign-color-section btn-full align-false no-padding no-margin custom-width no-min-height darkColorLayout no-top-border no-bottom-border colorSectionFe background-scroll background-cover overlay-true defined-width\"><div class=\"outer-container background-scroll\" style=\"background-image:url(https:\/\/easydriver.fi\/turku\/wp-content\/uploads\/sites\/2\/2024\/10\/hbg_5.jpg);padding-top:60px;padding-bottom:60px;padding-left:40px;padding-right:40px\"><div class=\"overBg\" style=\"background-color:#000000;opacity:0.4\"><\/div><div class=\"inner-container\"><div class=\"contentBlock\" style=\"max-width:1170px\">\n<h4 class=\"wp-block-heading has-text-align-center has-white-color has-text-color has-link-color wp-elements-93c165f76278240c8f395b37224523ba\">Feedback av eleverna<\/h4>\n\n\n\n<div style=\"height:64px\" aria-hidden=\"true\" class=\"wp-block-spacer is-style-visible-spacer\"><\/div>\n\n\n\n        \r\n\r\n\r\n\r\n<div class=\"scrollfix\">\r\n<section class=\"reviews\">\r\n\r\n<figure>\r\n\r\n<!-- wp:quote -->\r\n<blockquote class=\"wp-block-quote\"><p>\n<p>Tunnit olivat mukavia ja opetus hyv\u00e4\u00e4.<\/p>\n<\/p><\/blockquote>\r\n<!-- \/wp:quote -->\r\n\r\n<!-- wp:paragraph -->\r\n<p>Oppilaan palaute, Turku<\/p>\r\n<!-- \/wp:paragraph -->\r\n<\/figure>\r\n<figure>\r\n\r\n<!-- wp:quote -->\r\n<blockquote class=\"wp-block-quote\"><p>\n<p>Eritt\u00e4in hyv\u00e4 ja ammattimainen palvelu sek\u00e4 hyv\u00e4 hinta-laatu suhde.<\/p>\n<\/p><\/blockquote>\r\n<!-- \/wp:quote -->\r\n\r\n<!-- wp:paragraph -->\r\n<p>Oppilaan palaute, Rauma<\/p>\r\n<!-- \/wp:paragraph -->\r\n<\/figure>\r\n<figure>\r\n\r\n<!-- wp:quote -->\r\n<blockquote class=\"wp-block-quote\"><p>\n<p>Mukava ja rauhallinen opettaja. Muutama kortti on tullut t\u00e4\u00e4lt\u00e4 hankittua.<\/p>\n<\/p><\/blockquote>\r\n<!-- \/wp:quote -->\r\n\r\n<!-- wp:paragraph -->\r\n<p>Oppilaan palaute, H\u00e4meenlinna<\/p>\r\n<!-- \/wp:paragraph -->\r\n<\/figure>\r\n<\/section>\r\n<\/div>\n<\/div><\/div><\/div><\/div>\n","protected":false},"excerpt":{"rendered":"","protected":false},"author":1,"featured_media":0,"parent":0,"menu_order":0,"comment_status":"closed","ping_status":"open","template":"page-templates\/etusivu.php","meta":{"footnotes":""},"class_list":["post-2561","page","type-page","status-publish","hentry"],"_links":{"self":[{"href":"https:\/\/easydriver.fi\/abo\/wp-json\/wp\/v2\/pages\/2561","targetHints":{"allow":["GET"]}}],"collection":[{"href":"https:\/\/easydriver.fi\/abo\/wp-json\/wp\/v2\/pages"}],"about":[{"href":"https:\/\/easydriver.fi\/abo\/wp-json\/wp\/v2\/types\/page"}],"author":[{"embeddable":true,"href":"https:\/\/easydriver.fi\/abo\/wp-json\/wp\/v2\/users\/1"}],"replies":[{"embeddable":true,"href":"https:\/\/easydriver.fi\/abo\/wp-json\/wp\/v2\/comments?post=2561"}],"version-history":[{"count":23,"href":"https:\/\/easydriver.fi\/abo\/wp-json\/wp\/v2\/pages\/2561\/revisions"}],"predecessor-version":[{"id":2886,"href":"https:\/\/easydriver.fi\/abo\/wp-json\/wp\/v2\/pages\/2561\/revisions\/2886"}],"wp:attachment":[{"href":"https:\/\/easydriver.fi\/abo\/wp-json\/wp\/v2\/media?parent=2561"}],"curies":[{"name":"wp","href":"https:\/\/api.w.org\/{rel}","templated":true}]}}